{"id":801,"date":"2025-04-16T16:40:09","date_gmt":"2025-04-16T16:40:09","guid":{"rendered":"https:\/\/dicotron.avta.mx\/?page_id=801"},"modified":"2025-04-28T18:50:04","modified_gmt":"2025-04-28T18:50:04","slug":"support-warranty","status":"publish","type":"page","link":"https:\/\/dicotron.com\/web\/support-warranty\/","title":{"rendered":"Support Warranty"},"content":{"rendered":"<p>[et_pb_section fb_built=&#8221;1&#8243; disabled_on=&#8221;off|off|off&#8221; _builder_version=&#8221;4.27.4&#8243; _module_preset=&#8221;default&#8221; background_position=&#8221;top_center&#8221; height=&#8221;500px&#8221; hover_enabled=&#8221;0&#8243; locked=&#8221;off&#8221; global_colors_info=&#8221;{}&#8221; theme_builder_area=&#8221;post_content&#8221; admin_label=&#8221;Section&#8221; background_enable_image=&#8221;off&#8221; sticky_enabled=&#8221;0&#8243;][et_pb_row column_structure=&#8221;1_3,1_3,1_3&#8243; _builder_version=&#8221;4.27.4&#8243; _module_preset=&#8221;default&#8221; custom_margin=&#8221;119px|auto||auto||&#8221; global_colors_info=&#8221;{}&#8221; theme_builder_area=&#8221;post_content&#8221;][et_pb_column type=&#8221;1_3&#8243; _builder_version=&#8221;4.27.4&#8243; _module_preset=&#8221;default&#8221; global_colors_info=&#8221;{}&#8221; theme_builder_area=&#8221;post_content&#8221;][\/et_pb_column][et_pb_column type=&#8221;1_3&#8243; _builder_version=&#8221;4.27.4&#8243; _module_preset=&#8221;default&#8221; global_colors_info=&#8221;{}&#8221; theme_builder_area=&#8221;post_content&#8221;][\/et_pb_column][et_pb_column type=&#8221;1_3&#8243; _builder_version=&#8221;4.27.4&#8243; _module_preset=&#8221;default&#8221; global_colors_info=&#8221;{}&#8221; theme_builder_area=&#8221;post_content&#8221;][et_pb_text _builder_version=&#8221;4.27.4&#8243; _module_preset=&#8221;default&#8221; global_colors_info=&#8221;{}&#8221; theme_builder_area=&#8221;post_content&#8221;]<\/p>\n<h2 style=\"font-size: 48px; text-align: center;\">NEXEO | HDX<\/h2>\n<p style=\"font-size: 24px; text-align: center;\">Con tecnolog\u00eda Digital HDX<\/p>\n<p>[\/et_pb_text][\/et_pb_column][\/et_pb_row][\/et_pb_section][et_pb_section fb_built=&#8221;1&#8243; theme_builder_area=&#8221;post_content&#8221; _builder_version=&#8221;4.27.4&#8243; _module_preset=&#8221;default&#8221;][et_pb_row _builder_version=&#8221;4.27.4&#8243; _module_preset=&#8221;default&#8221; theme_builder_area=&#8221;post_content&#8221;][et_pb_column _builder_version=&#8221;4.27.4&#8243; _module_preset=&#8221;default&#8221; type=&#8221;4_4&#8243; theme_builder_area=&#8221;post_content&#8221;][et_pb_text _builder_version=&#8221;4.27.4&#8243; _module_preset=&#8221;default&#8221; theme_builder_area=&#8221;post_content&#8221; hover_enabled=&#8221;0&#8243; sticky_enabled=&#8221;0&#8243;]<\/p>\n<h2 style=\"text-align: center;\">Consulta de la garant\u00eda<\/h2>\n<p style=\"text-align: center;\">Llame al servicio t\u00e9cnico al 1-800-848-4468 opci\u00f3n 1, 2, 3 para obtener informaci\u00f3n sobre la garant\u00eda.<\/p>\n<p style=\"text-align: center;\">\n<p style=\"text-align: center;\"><a href=\"https:\/\/www.hme.com\/qsr\/link\/END-USER-LIMITED-WARRANTY.pdf?_gl=1*1tajsvv*_gcl_au*MTY2MTIyNDI0Mi4xNzQzNzc4ODEz\">Garant\u00eda limitada para el usuario final<\/a><br \/><a href=\"https:\/\/www.hme.com\/qsr\/link\/End%20User%20Limited%20Warranty_FRENCH.pdf?_gl=1*1tajsvv*_gcl_au*MTY2MTIyNDI0Mi4xNzQzNzc4ODEz\">Garant\u00eda limitada para el usuario final (franc\u00e9s)<\/a><\/p>\n<p>[\/et_pb_text][\/et_pb_column][\/et_pb_row][\/et_pb_section]<\/p>\n","protected":false},"excerpt":{"rendered":"<p>NEXEO | HDX Con tecnolog\u00eda Digital HDXConsulta de la garant\u00eda Llame al servicio t\u00e9cnico al 1-800-848-4468 opci\u00f3n 1, 2, 3 para obtener informaci\u00f3n sobre la garant\u00eda. Garant\u00eda limitada para el usuario finalGarant\u00eda limitada para el usuario final (franc\u00e9s)<\/p>\n","protected":false},"author":1,"featured_media":0,"parent":0,"menu_order":0,"comment_status":"closed","ping_status":"closed","template":"","meta":{"_et_pb_use_builder":"on","_et_pb_old_content":"","_et_gb_content_width":"","footnotes":""},"class_list":["post-801","page","type-page","status-publish","hentry"],"_links":{"self":[{"href":"https:\/\/dicotron.com\/web\/wp-json\/wp\/v2\/pages\/801","targetHints":{"allow":["GET"]}}],"collection":[{"href":"https:\/\/dicotron.com\/web\/wp-json\/wp\/v2\/pages"}],"about":[{"href":"https:\/\/dicotron.com\/web\/wp-json\/wp\/v2\/types\/page"}],"author":[{"embeddable":true,"href":"https:\/\/dicotron.com\/web\/wp-json\/wp\/v2\/users\/1"}],"replies":[{"embeddable":true,"href":"https:\/\/dicotron.com\/web\/wp-json\/wp\/v2\/comments?post=801"}],"version-history":[{"count":4,"href":"https:\/\/dicotron.com\/web\/wp-json\/wp\/v2\/pages\/801\/revisions"}],"predecessor-version":[{"id":1320,"href":"https:\/\/dicotron.com\/web\/wp-json\/wp\/v2\/pages\/801\/revisions\/1320"}],"wp:attachment":[{"href":"https:\/\/dicotron.com\/web\/wp-json\/wp\/v2\/media?parent=801"}],"curies":[{"name":"wp","href":"https:\/\/api.w.org\/{rel}","templated":true}]}}