{"id":80,"date":"2025-04-04T15:18:56","date_gmt":"2025-04-04T15:18:56","guid":{"rendered":"https:\/\/dicotron.avta.mx\/?page_id=80"},"modified":"2025-05-02T02:55:51","modified_gmt":"2025-05-02T02:55:51","slug":"desinfecta-tu-equipo-hme","status":"publish","type":"page","link":"https:\/\/dicotron.com\/web\/desinfecta-tu-equipo-hme\/","title":{"rendered":"Desinfecta tu equipo HME"},"content":{"rendered":"<p>[et_pb_section fb_built=&#8221;1&#8243; disabled_on=&#8221;on|on|off&#8221; module_class=&#8221;hme_support_gray_section&#8221; _builder_version=&#8221;4.27.4&#8243; _module_preset=&#8221;default&#8221; background_color=&#8221;#eeeeee&#8221; custom_padding=&#8221;0px||3px|||&#8221; custom_css_free_form=&#8221;.home-card-title :hover{||  \tcolor:#1584cd;||}||.hme_support_gray_section{||    overflow: visible !important;||    position: relative; ||    z-index: auto;||}&#8221; box_shadow_style=&#8221;preset1&#8243; box_shadow_spread=&#8221;-9px&#8221; box_shadow_color=&#8221;#000000&#8243; global_colors_info=&#8221;{}&#8221;][et_pb_row column_structure=&#8221;1_2,1_2&#8243; _builder_version=&#8221;4.27.4&#8243; _module_preset=&#8221;default&#8221; custom_padding=&#8221;||0px|||&#8221; global_colors_info=&#8221;{}&#8221;][et_pb_column type=&#8221;1_2&#8243; _builder_version=&#8221;4.27.4&#8243; _module_preset=&#8221;default&#8221; global_colors_info=&#8221;{}&#8221;][et_pb_text _builder_version=&#8221;4.27.4&#8243; _module_preset=&#8221;default&#8221; global_colors_info=&#8221;{}&#8221;]<\/p>\n<h3>\nSoporte HME<br \/>\n<\/h3>\n<p>[\/et_pb_text][\/et_pb_column][et_pb_column type=&#8221;1_2&#8243; _builder_version=&#8221;4.27.4&#8243; _module_preset=&#8221;default&#8221; global_colors_info=&#8221;{}&#8221;][et_pb_text module_class=&#8221;home-card-title&#8221; _builder_version=&#8221;4.27.4&#8243; _module_preset=&#8221;default&#8221; custom_padding=&#8221;||0px|||&#8221; global_colors_info=&#8221;{}&#8221;]<\/p>\n<div style=\"display: flex; gap: 20px;\">\n<h3><a href=\"https:\/\/dicotron.com\/web\/solicitar-una-etiqueta-de-envio-gratuita\/\">Env\u00ede su reparaci\u00f3n<\/a><\/h3>\n<h3><a href=\"https:\/\/www.hme.com\/account\/?_gl=1*37gamt*_gcl_au*MTY2MTIyNDI0Mi4xNzQzNzc4ODEz\" target=\"_blank\" rel=\"nofollow noopener\">Inicio de sesi\u00f3n<i style=\"font-size: 12px;\" class=\"fa fa-external-link\"><\/i><\/a><\/h3>\n<\/div>\n<p>[\/et_pb_text][\/et_pb_column][\/et_pb_row][\/et_pb_section][et_pb_section fb_built=&#8221;1&#8243; disabled_on=&#8221;off|off|on&#8221; admin_label=&#8221;Section&#8221; _builder_version=&#8221;4.27.4&#8243; _module_preset=&#8221;default&#8221; background_color=&#8221;#302c34&#8243; custom_padding=&#8221;0px||0px|||&#8221; hover_enabled=&#8221;0&#8243; global_colors_info=&#8221;{}&#8221; sticky_enabled=&#8221;0&#8243;][et_pb_row _builder_version=&#8221;4.27.4&#8243; _module_preset=&#8221;default&#8221; custom_padding=&#8221;15px||0px|||&#8221; global_colors_info=&#8221;{}&#8221;][et_pb_column type=&#8221;4_4&#8243; _builder_version=&#8221;4.27.4&#8243; _module_preset=&#8221;default&#8221; global_colors_info=&#8221;{}&#8221;][et_pb_text _builder_version=&#8221;4.27.4&#8243; _module_preset=&#8221;default&#8221; global_colors_info=&#8221;{}&#8221;]<\/p>\n<h2 style=\"font-size: 1.25em;\n    font-weight: 700;color: white; text-align:center\"><br \/>\nSoporte HME<br \/>\n<\/h2>\n<p>[\/et_pb_text][\/et_pb_column][\/et_pb_row][\/et_pb_section][et_pb_section fb_built=&#8221;1&#8243; disabled_on=&#8221;off|off|on&#8221; _builder_version=&#8221;4.27.4&#8243; _module_preset=&#8221;default&#8221; background_color=&#8221;#605c5c&#8221; height=&#8221;20%&#8221; custom_padding=&#8221;0px||0px|||&#8221; hover_enabled=&#8221;0&#8243; global_colors_info=&#8221;{}&#8221; sticky_enabled=&#8221;0&#8243;][et_pb_row _builder_version=&#8221;4.27.4&#8243; _module_preset=&#8221;default&#8221; custom_padding=&#8221;5px||0px|||&#8221; global_colors_info=&#8221;{}&#8221;][et_pb_column type=&#8221;4_4&#8243; _builder_version=&#8221;4.27.4&#8243; _module_preset=&#8221;default&#8221; global_colors_info=&#8221;{}&#8221;][et_pb_text content_tablet=&#8221;<\/p>\n<div style=%22display: flex; gap: 10px; align-items: top;%22>\n<h4 style=%22color: white; text-align: center;%22><a href=%22\/dicotron\/?page_id=712%22 style=%22font-size: 12px;%22>            Env\u00ede su reparaci\u00f3n<br \/><\/a><\/h4>\n<h4 style=%22color: white; text-align: center;%22><\/h4>\n<h4 style=%22color: white; text-align: center;%22><\/h4>\n<h4 style=%22color: white; text-align: center;%22><a style=%22font-size: 12px;%22 href=%22https:\/\/www.hme.com\/account\/?_gl=1*37gamt*_gcl_au*MTY2MTIyNDI0Mi4xNzQzNzc4ODEz%22 data-et-target-link=%22_blank%22 rel=%22nofollow noopener%22>Inicio de sesi\u00f3n<i style=%22font-size: 12px;%22 class=%22fa fa-external-link%22><\/i><\/a><\/h4>\n<\/div>\n<p>&#8221; content_phone=&#8221;<\/p>\n<div style=%22display: flex; gap: 10px; align-items: top;%22>\n<h4 style=%22color: white; text-align: center;%22><a href=%22\/dicotron\/?page_id=712%22 style=%22font-size: 12px;%22>            Env\u00ede su reparaci\u00f3n<br \/><\/a><\/h4>\n<h4 style=%22color: white; text-align: center;%22><\/h4>\n<h4 style=%22color: white; text-align: center;%22><\/h4>\n<h4 style=%22color: white; text-align: center;%22><a style=%22font-size: 12px;%22 href=%22https:\/\/www.hme.com\/account\/?_gl=1*37gamt*_gcl_au*MTY2MTIyNDI0Mi4xNzQzNzc4ODEz%22 data-et-target-link=%22_blank%22 rel=%22nofollow noopener%22>Inicio de sesi\u00f3n<i style=%22font-size: 12px;%22 class=%22fa fa-external-link%22><\/i><\/a><\/h4>\n<\/div>\n<p>&#8221; content_last_edited=&#8221;on|tablet&#8221; module_class=&#8221;textmobilecontainer&#8221; _builder_version=&#8221;4.27.4&#8243; _module_preset=&#8221;default&#8221; height=&#8221;25px&#8221; custom_padding=&#8221;0px||0px|||&#8221; global_colors_info=&#8221;{}&#8221;]<\/p>\n<div style=\"display: flex; gap: 10px; align-items: top;\">\n<h4 style=\"color: white;\"><a href=\"https:\/\/dicotron.com\/web\/solicitar-una-etiqueta-de-envio-gratuita\/\" style=\"font-size: 12px;\">\u00a0 \u00a0 \u00a0 \u00a0 \u00a0 \u00a0 Env\u00ede su reparaci\u00f3n<br \/><\/a><\/h4>\n<h4 style=\"color: white;\"><\/h4>\n<h4 style=\"color: white;\"><\/h4>\n<h4 style=\"color: white;\"><a style=\"font-size: 12px;\" href=\"https:\/\/www.hme.com\/account\/?_gl=1*37gamt*_gcl_au*MTY2MTIyNDI0Mi4xNzQzNzc4ODEz\" target=\"_blank\" rel=\"nofollow noopener\">Inicio de sesi\u00f3n<i style=\"font-size: 12px;\" class=\"fa fa-external-link\"><\/i><\/a><\/h4>\n<\/div>\n<p>[\/et_pb_text][\/et_pb_column][\/et_pb_row][\/et_pb_section][et_pb_section fb_built=&#8221;1&#8243; _builder_version=&#8221;4.27.4&#8243; _module_preset=&#8221;default&#8221; background_color=&#8221;#0093d8&#8243; custom_margin=&#8221;0px||-71px||false|false&#8221; global_colors_info=&#8221;{}&#8221;][et_pb_row _builder_version=&#8221;4.27.4&#8243; _module_preset=&#8221;default&#8221; custom_margin=&#8221;-38px||-6px||false|false&#8221; custom_padding=&#8221;0px|||||&#8221; global_colors_info=&#8221;{}&#8221;][et_pb_column type=&#8221;4_4&#8243; _builder_version=&#8221;4.27.4&#8243; _module_preset=&#8221;default&#8221; global_colors_info=&#8221;{}&#8221;][et_pb_text _builder_version=&#8221;4.27.4&#8243; _module_preset=&#8221;default&#8221; global_colors_info=&#8221;{}&#8221;]<\/p>\n<h1><span style=\"color: #ffffff;\">Limpieza y desinfecci\u00f3n de equipos HME<\/span><\/h1>\n<p><span style=\"color: #ffffff;\"><strong style=\"font-size: 20px;\">Bolet\u00edn t\u00e9cnico<\/strong><\/span><\/p>\n<p>[\/et_pb_text][\/et_pb_column][\/et_pb_row][\/et_pb_section][et_pb_section fb_built=&#8221;1&#8243; _builder_version=&#8221;4.27.4&#8243; _module_preset=&#8221;default&#8221; global_colors_info=&#8221;{}&#8221;][et_pb_row column_structure=&#8221;1_2,1_2&#8243; _builder_version=&#8221;4.27.4&#8243; _module_preset=&#8221;default&#8221; global_colors_info=&#8221;{}&#8221;][et_pb_column type=&#8221;1_2&#8243; _builder_version=&#8221;4.27.4&#8243; _module_preset=&#8221;default&#8221; global_colors_info=&#8221;{}&#8221;][et_pb_blurb title=&#8221;Versi\u00f3n para imprimir&#8221; url=&#8221;https:\/\/hme.com\/qsr\/support\/sanitize-hme-equipment\/sanitize-hme-equipment.pdf&#8221; url_new_window=&#8221;on&#8221; use_icon=&#8221;on&#8221; font_icon=&#8221;&#xf1c1;||fa||400&#8243; icon_color=&#8221;#000000&#8243; icon_placement=&#8221;left&#8221; image_icon_width=&#8221;32px&#8221; _builder_version=&#8221;4.27.4&#8243; _module_preset=&#8221;default&#8221; header_text_align=&#8221;left&#8221; header_text_color=&#8221;#0C71C3&#8243; header_font_size=&#8221;15px&#8221; module_alignment=&#8221;left&#8221; global_colors_info=&#8221;{}&#8221;][\/et_pb_blurb][\/et_pb_column][et_pb_column type=&#8221;1_2&#8243; _builder_version=&#8221;4.27.4&#8243; _module_preset=&#8221;default&#8221; global_colors_info=&#8221;{}&#8221;][\/et_pb_column][\/et_pb_row][et_pb_row _builder_version=&#8221;4.27.4&#8243; _module_preset=&#8221;default&#8221; global_colors_info=&#8221;{}&#8221;][et_pb_column type=&#8221;4_4&#8243; _builder_version=&#8221;4.27.4&#8243; _module_preset=&#8221;default&#8221; global_colors_info=&#8221;{}&#8221;][et_pb_text _builder_version=&#8221;4.27.4&#8243; _module_preset=&#8221;default&#8221; global_colors_info=&#8221;{}&#8221;]<span style=\"color: #000000; font-size:17px\">A continuaci\u00f3n se ofrecen directrices y recomendaciones para la limpieza y desinfecci\u00f3n rutinarias de los equipos HME. Estas directrices se aplican \u00fanicamente a las superficies externas del equipo y no se aplican a las superficies el\u00e9ctricas\/ electromec\u00e1nicas internas.<\/span>[\/et_pb_text][\/et_pb_column][\/et_pb_row][et_pb_row column_structure=&#8221;1_2,1_2&#8243; _builder_version=&#8221;4.27.4&#8243; _module_preset=&#8221;default&#8221; global_colors_info=&#8221;{}&#8221;][et_pb_column type=&#8221;1_2&#8243; _builder_version=&#8221;4.27.4&#8243; _module_preset=&#8221;default&#8221; global_colors_info=&#8221;{}&#8221;][et_pb_text _builder_version=&#8221;4.27.4&#8243; _module_preset=&#8221;default&#8221; custom_css_free_form=&#8221;h2.cov, h3.cov, span.cov {||    color: #0093d8;||    text-align: left;||    margin-bottom: 8px;||    font-size: 1.35em;||    font-weight: 600;||}||    h2.cov {||        font-size: 1.5em;||    }&#8221; global_colors_info=&#8221;{}&#8221;]<\/p>\n<div class=\"col-md-6 order-md-1\">\n<h2 class=\"cov\"><span style=\"color: ;\">A) Seguridad:<\/span><\/h2>\n<p>Si es posible, apague el equipo. Deben tomarse precauciones durante la limpieza, como el uso de guantes y una ventilaci\u00f3n adecuada.<\/p>\n<p>No utilice limpiadores agresivos o abrasivos de ning\u00fan tipo, incluidas toallitas desinfectantes.<\/p>\n<h2 class=\"cov\"><span style=\"color: ;\">B) No utilice:<\/span><\/h2>\n<p><strong style=\"font-weight: 800;\">Limpiadores \u00e1speros o abrasivos de cualquier tipo, incluidas toallitas desinfectantes,<\/strong> ya que los equipos HME contienen materiales y superficies que pueden da\u00f1arse o deteriorarse prematuramente.<\/p>\n<p>&nbsp;<\/p>\n<h4 class=\"cov\"><strong>Limpiadores que deben evitarse<\/strong><\/h4>\n<ul class=\"ul-cov\">\n<li>No utilice toallitas desinfectantes con amon\u00edaco<\/li>\n<li>Quitaesmalte de u\u00f1as o cualquier soluci\u00f3n a base de acetona.<\/li>\n<li>Limpiadores abrasivos o en\u00e9rgicos<\/li>\n<li>Sin limpiadores a base de amon\u00edaco<\/li>\n<li>Limpiadores de per\u00f3xido de hidr\u00f3geno<\/li>\n<li>Limpiadores de cristales<\/li>\n<\/ul>\n<\/div>\n<div><\/div>\n<h2 class=\"cov\">C) Limpiadores a utilizar:<\/h2>\n<ul class=\"ul-cov\">\n<li>Toallitas desinfectantes a base de alcohol con una concentraci\u00f3n de 50-70% de alcohol isoprop\u00edlico.<\/li>\n<li>Una soluci\u00f3n de 50-70% de alcohol isoprop\u00edlico (se puede comprar premezclada).<br \/>\nPOR FAVOR, LAS CONCENTRACIONES DE ALCOHOL POR ENCIMA DEL 50% NO AUMENTAN LA UTILIDAD PARA DESINFECTAR.<\/li>\n<\/ul>\n<h2 class=\"cov\">D) Limpieza adecuada:<\/h2>\n<ul>\n<li><strong>Apague y desconecte<\/strong> el dispositivo antes de empezar a limpiarlo y p\u00e1sele un pa\u00f1o de microfibra seco para eliminar el polvo y la suciedad. Aseg\u00farese de que los auriculares est\u00e1n apagados y de que se ha extra\u00eddo la bater\u00eda antes de proceder a la limpieza.<\/li>\n<li><strong>NO pulverice<\/strong> nada directamente sobre el equipo HME.<\/li>\n<li><strong>Al limpiar<\/strong>, la soluci\u00f3n de agua-isopropilo debe pulverizarse siempre sobre un pa\u00f1o de microfibra y, a continuaci\u00f3n, frotarse sobre el dispositivo. Aseg\u00farese de que el pa\u00f1o, o la toallita desinfectante a base de alcohol, est\u00e9 h\u00famedo pero no mojado.<\/li>\n<li><strong>Tenga cuidado<\/strong> de evitar ejercer demasiada presi\u00f3n y utilice una presi\u00f3n suave y constante para evitar da\u00f1ar los botones, las teclas, las pantallas o las superficies.<\/li>\n<li><strong>Limpie el dispositivo con agua e isopropilo<\/strong>.<br \/>\n<h2 class=\"cov\">E) Piezas accesorias de repuesto:<\/h2>\n<ul>\n<li><strong>Reemplaza<\/strong> cualquier pieza de espuma como las almohadillas seg\u00fan sea necesario, llama al n\u00famero que aparece a continuaci\u00f3n para realizar el pedido.<\/li>\n<\/ul>\n<div class=\"cov-note\">\n<h3 class=\"cov\">NOTA:<\/h3>\n<p>Este bolet\u00edn t\u00e9cnico pretende servir como gu\u00eda pr\u00e1ctica para mantener el equipo HME limpio y desinfectado. HME no afirma ni garantiza que la limpieza y desinfecci\u00f3n del equipo HME de esta manera proteja al usuario del equipo de cualquier virus, bacteria u otro pat\u00f3geno. Las preocupaciones m\u00e9dicas deben dirigirse a los profesionales de la salud.<\/p>\n<\/div>\n<p class=\"cov-lg\"><span class=\"cov\"><a href=\"tel:+18008484468\" title=\"Llamar al 800-848-4468\">Llame al 800-848-4468<\/a><\/span> para obtener m\u00e1s informaci\u00f3n<\/p>\n<\/li>\n<\/ul>\n<p>[\/et_pb_text][\/et_pb_column][et_pb_column type=&#8221;1_2&#8243; _builder_version=&#8221;4.27.4&#8243; _module_preset=&#8221;default&#8221; global_colors_info=&#8221;{}&#8221;][et_pb_image src=&#8221;https:\/\/dicotron.avta.mx\/wp-content\/uploads\/2025\/05\/nexeo-system.jpg&#8221; title_text=&#8221;nexeo-system&#8221; _builder_version=&#8221;4.27.4&#8243; _module_preset=&#8221;default&#8221; global_colors_info=&#8221;{}&#8221;][\/et_pb_image][\/et_pb_column][\/et_pb_row][\/et_pb_section]<\/p>\n","protected":false},"excerpt":{"rendered":"<p>Soporte HME Env\u00ede su reparaci\u00f3n Inicio de sesi\u00f3n Soporte HME \u00a0 \u00a0 \u00a0 \u00a0 \u00a0 \u00a0 Env\u00ede su reparaci\u00f3n Inicio de sesi\u00f3n Limpieza y desinfecci\u00f3n de equipos HME Bolet\u00edn t\u00e9cnicoA continuaci\u00f3n se ofrecen directrices y recomendaciones para la limpieza y desinfecci\u00f3n rutinarias de los equipos HME. Estas directrices se aplican \u00fanicamente a las superficies externas [&hellip;]<\/p>\n","protected":false},"author":1,"featured_media":0,"parent":0,"menu_order":0,"comment_status":"closed","ping_status":"closed","template":"","meta":{"_et_pb_use_builder":"on","_et_pb_old_content":"","_et_gb_content_width":"","footnotes":""},"class_list":["post-80","page","type-page","status-publish","hentry"],"_links":{"self":[{"href":"https:\/\/dicotron.com\/web\/wp-json\/wp\/v2\/pages\/80","targetHints":{"allow":["GET"]}}],"collection":[{"href":"https:\/\/dicotron.com\/web\/wp-json\/wp\/v2\/pages"}],"about":[{"href":"https:\/\/dicotron.com\/web\/wp-json\/wp\/v2\/types\/page"}],"author":[{"embeddable":true,"href":"https:\/\/dicotron.com\/web\/wp-json\/wp\/v2\/users\/1"}],"replies":[{"embeddable":true,"href":"https:\/\/dicotron.com\/web\/wp-json\/wp\/v2\/comments?post=80"}],"version-history":[{"count":5,"href":"https:\/\/dicotron.com\/web\/wp-json\/wp\/v2\/pages\/80\/revisions"}],"predecessor-version":[{"id":2002,"href":"https:\/\/dicotron.com\/web\/wp-json\/wp\/v2\/pages\/80\/revisions\/2002"}],"wp:attachment":[{"href":"https:\/\/dicotron.com\/web\/wp-json\/wp\/v2\/media?parent=80"}],"curies":[{"name":"wp","href":"https:\/\/api.w.org\/{rel}","templated":true}]}}