{"id":63,"date":"2025-04-04T14:53:05","date_gmt":"2025-04-04T14:53:05","guid":{"rendered":"https:\/\/dicotron.avta.mx\/?page_id=63"},"modified":"2025-11-01T00:58:07","modified_gmt":"2025-11-01T00:58:07","slug":"nueva-instalacion","status":"publish","type":"page","link":"https:\/\/dicotron.com\/web\/nueva-instalacion\/","title":{"rendered":"Nueva instalaci\u00f3n"},"content":{"rendered":"<p>[et_pb_section fb_built=&#8221;1&#8243; _builder_version=&#8221;4.27.4&#8243; _module_preset=&#8221;default&#8221; background_color=&#8221;#0093d8&#8243; custom_margin=&#8221;0px||-71px||false|false&#8221; locked=&#8221;off&#8221; global_colors_info=&#8221;{}&#8221;][et_pb_row _builder_version=&#8221;4.27.4&#8243; _module_preset=&#8221;default&#8221; custom_margin=&#8221;-38px||-6px||false|false&#8221; custom_padding=&#8221;0px|||||&#8221; global_colors_info=&#8221;{}&#8221;][et_pb_column type=&#8221;4_4&#8243; _builder_version=&#8221;4.27.4&#8243; _module_preset=&#8221;default&#8221; global_colors_info=&#8221;{}&#8221;][et_pb_text _builder_version=&#8221;4.27.4&#8243; _module_preset=&#8221;default&#8221; global_colors_info=&#8221;{}&#8221;]<\/p>\n<h1 style=\"text-align: center;\"><span style=\"color: #ffffff;\">Instalaciones totalmente nuevas &#8211; Carlsbad<\/span><\/h1>\n<p>[\/et_pb_text][\/et_pb_column][\/et_pb_row][\/et_pb_section][et_pb_section fb_built=&#8221;1&#8243; _builder_version=&#8221;4.27.4&#8243; _module_preset=&#8221;default&#8221; custom_padding=&#8221;0px||0px|||&#8221; locked=&#8221;on&#8221; global_colors_info=&#8221;{}&#8221;][et_pb_row column_structure=&#8221;3_5,2_5&#8243; use_custom_gutter=&#8221;on&#8221; gutter_width=&#8221;1&#8243; _builder_version=&#8221;4.27.4&#8243; _module_preset=&#8221;default&#8221; custom_padding=&#8221;||0px|||&#8221; global_colors_info=&#8221;{}&#8221;][et_pb_column type=&#8221;3_5&#8243; admin_label=&#8221;Column&#8221; _builder_version=&#8221;4.27.4&#8243; _module_preset=&#8221;default&#8221; global_colors_info=&#8221;{}&#8221;][et_pb_image src=&#8221;https:\/\/dicotron.avta.mx\/wp-content\/uploads\/2025\/05\/career-gbl-carlsbad-2.jpg&#8221; title_text=&#8221;career-gbl-carlsbad&#8221; _builder_version=&#8221;4.27.4&#8243; _module_preset=&#8221;default&#8221; global_colors_info=&#8221;{}&#8221;][\/et_pb_image][\/et_pb_column][et_pb_column type=&#8221;2_5&#8243; _builder_version=&#8221;4.27.4&#8243; _module_preset=&#8221;default&#8221; border_width_all=&#8221;3px&#8221; border_color_all=&#8221;#d3d3d3&#8243; global_colors_info=&#8221;{}&#8221;][et_pb_text _builder_version=&#8221;4.27.4&#8243; _module_preset=&#8221;default&#8221; custom_margin=&#8221;93px||93px|20px|true|false&#8221; custom_padding=&#8221;||||false|false&#8221; global_colors_info=&#8221;{}&#8221;]<\/p>\n<div class=\"tile-active v-center-md\">\n<h3 style=\"text-align: left;\"><strong>Sede central construida a medida<\/strong><\/h3>\n<p style=\"text-align: left;\"><!-- Scroll through our slideshow for a behind-the-scenes look at our company culture&mdash; -->Nuestra nueva sede en Carlsbad, California, aumenta considerablemente el espacio de fabricaci\u00f3n y nos permite mantener nuestras oficinas administrativas, instalaciones de producci\u00f3n, centro de I+D\/innovaci\u00f3n y centro de atenci\u00f3n al cliente bajo un mismo techo.<\/p>\n<\/div>\n<p>[\/et_pb_text][\/et_pb_column][\/et_pb_row][\/et_pb_section][et_pb_section fb_built=&#8221;1&#8243; _builder_version=&#8221;4.27.4&#8243; _module_preset=&#8221;default&#8221; custom_padding=&#8221;||17px|||&#8221; global_colors_info=&#8221;{}&#8221;][et_pb_row column_structure=&#8221;1_3,2_3&#8243; use_custom_gutter=&#8221;on&#8221; gutter_width=&#8221;1&#8243; _builder_version=&#8221;4.27.4&#8243; _module_preset=&#8221;default&#8221; custom_padding=&#8221;||0px|||&#8221; locked=&#8221;off&#8221; global_colors_info=&#8221;{}&#8221;][et_pb_column type=&#8221;1_3&#8243; _builder_version=&#8221;4.27.4&#8243; _module_preset=&#8221;default&#8221; border_width_all=&#8221;3px&#8221; border_color_all=&#8221;#d3d3d3&#8243; global_colors_info=&#8221;{}&#8221;][et_pb_text _builder_version=&#8221;4.27.4&#8243; _module_preset=&#8221;default&#8221; custom_margin=&#8221;77px||77px|20px|true|false&#8221; custom_padding=&#8221;||||false|false&#8221; global_colors_info=&#8221;{}&#8221;]<\/p>\n<div class=\"tile-active v-center-md\">\n<h3 style=\"text-align: left;\"><strong>Espacio de trabajo moderno<\/strong><\/h3>\n<p style=\"text-align: left;\"><!-- Scroll through our slideshow for a behind-the-scenes look at our company culture&mdash; -->Situada a poca distancia en coche del centro de Carlsbad, nuestra sede construida a medida ofrece un espacio de trabajo moderno con grandes comodidades. Algunas de las comodidades que se ofrecen in situ son: sala de juegos, gimnasio, canchas de baloncesto y petanca, rutas de senderismo, taquillas para bicicletas, duchas y una sala tranquila.<\/p>\n<\/div>\n<p>[\/et_pb_text][\/et_pb_column][et_pb_column type=&#8221;2_3&#8243; admin_label=&#8221;Column&#8221; _builder_version=&#8221;4.27.4&#8243; _module_preset=&#8221;default&#8221; global_colors_info=&#8221;{}&#8221;][et_pb_image src=&#8221;https:\/\/dicotron.avta.mx\/wp-content\/uploads\/2025\/05\/career-carlsbad-4.jpg&#8221; title_text=&#8221;career-carlsbad-4&#8243; _builder_version=&#8221;4.27.4&#8243; _module_preset=&#8221;default&#8221; global_colors_info=&#8221;{}&#8221;][\/et_pb_image][\/et_pb_column][\/et_pb_row][\/et_pb_section][et_pb_section fb_built=&#8221;1&#8243; _builder_version=&#8221;4.27.4&#8243; _module_preset=&#8221;default&#8221; custom_padding=&#8221;0px||0px|||&#8221; locked=&#8221;off&#8221; global_colors_info=&#8221;{}&#8221;][et_pb_row column_structure=&#8221;2_3,1_3&#8243; use_custom_gutter=&#8221;on&#8221; gutter_width=&#8221;1&#8243; _builder_version=&#8221;4.27.4&#8243; _module_preset=&#8221;default&#8221; custom_padding=&#8221;||0px|||&#8221; global_colors_info=&#8221;{}&#8221;][et_pb_column type=&#8221;2_3&#8243; admin_label=&#8221;Column&#8221; _builder_version=&#8221;4.27.4&#8243; _module_preset=&#8221;default&#8221; global_colors_info=&#8221;{}&#8221;][et_pb_image src=&#8221;https:\/\/dicotron.avta.mx\/wp-content\/uploads\/2025\/05\/career-carlsbad-5.jpg&#8221; title_text=&#8221;career-carlsbad-5&#8243; _builder_version=&#8221;4.27.4&#8243; _module_preset=&#8221;default&#8221; global_colors_info=&#8221;{}&#8221;][\/et_pb_image][\/et_pb_column][et_pb_column type=&#8221;1_3&#8243; _builder_version=&#8221;4.27.4&#8243; _module_preset=&#8221;default&#8221; custom_padding=&#8221;56px||56px||true|true&#8221; border_width_all=&#8221;1px&#8221; border_color_all=&#8221;#c1c1c1&#8243; box_shadow_style=&#8221;preset1&#8243; global_colors_info=&#8221;{}&#8221;][et_pb_image src=&#8221;https:\/\/dicotron.avta.mx\/wp-content\/uploads\/2025\/05\/career-carlsbad-icon-6.png&#8221; title_text=&#8221;career-carlsbad-icon-6&#8243; align=&#8221;center&#8221; _builder_version=&#8221;4.27.4&#8243; _module_preset=&#8221;default&#8221; width=&#8221;70px&#8221; height=&#8221;70px&#8221; custom_margin=&#8221;42px||||false|false&#8221; global_colors_info=&#8221;{}&#8221;][\/et_pb_image][et_pb_text _builder_version=&#8221;4.27.4&#8243; _module_preset=&#8221;default&#8221; height=&#8221;150px&#8221; global_colors_info=&#8221;{}&#8221;]<\/p>\n<h5 style=\"text-align: center;\"><strong><span style=\"color: #c5366c;\">Gran ubicaci\u00f3n<\/span><\/strong><\/h5>\n<p style=\"color: black; text-align: center;\">Conveniente salida de la I-5<br \/>A poca distancia de la playa, restaurantes y tiendas en el centro de Carlsbad<\/p>\n<p style=\"color: black; text-align: center;\"><a href=\"https:\/\/goo.gl\/maps\/DjR3WvZfMvw\">\u00a0Ver mapa e indicaciones<br \/><\/a><\/p>\n<p style=\"color: black; text-align: center;\">[\/et_pb_text][\/et_pb_column][\/et_pb_row][\/et_pb_section][et_pb_section fb_built=&#8221;1&#8243; _builder_version=&#8221;4.27.4&#8243; _module_preset=&#8221;default&#8221; custom_padding=&#8221;0px||15px|||&#8221; locked=&#8221;off&#8221; global_colors_info=&#8221;{}&#8221;][et_pb_row column_structure=&#8221;1_3,2_3&#8243; use_custom_gutter=&#8221;on&#8221; gutter_width=&#8221;1&#8243; _builder_version=&#8221;4.27.4&#8243; _module_preset=&#8221;default&#8221; custom_padding=&#8221;||0px|||&#8221; locked=&#8221;off&#8221; global_colors_info=&#8221;{}&#8221;][et_pb_column type=&#8221;1_3&#8243; _builder_version=&#8221;4.27.4&#8243; _module_preset=&#8221;default&#8221; custom_padding=&#8221;56px||56px||true|true&#8221; border_width_all=&#8221;1px&#8221; border_color_all=&#8221;#c1c1c1&#8243; box_shadow_style=&#8221;preset1&#8243; global_colors_info=&#8221;{}&#8221;][et_pb_image src=&#8221;https:\/\/dicotron.avta.mx\/wp-content\/uploads\/2025\/05\/career-carlsbad-icon-7.png&#8221; title_text=&#8221;career-carlsbad-icon-7&#8243; align=&#8221;center&#8221; _builder_version=&#8221;4.27.4&#8243; _module_preset=&#8221;default&#8221; width=&#8221;70px&#8221; height=&#8221;70px&#8221; custom_margin=&#8221;42px||||false|false&#8221; global_colors_info=&#8221;{}&#8221;][\/et_pb_image][et_pb_text _builder_version=&#8221;4.27.4&#8243; _module_preset=&#8221;default&#8221; height=&#8221;150px&#8221; global_colors_info=&#8221;{}&#8221;]<\/p>\n<h5 style=\"text-align: center;\"><strong><span style=\"color: #1584cd;\">Gran ubicaci\u00f3n<\/span><\/strong><\/h5>\n<p style=\"color: black; text-align: center;\">Amplias salas de almuerzo con grandes pantallas de proyecci\u00f3n<br \/>\nZonas de colaboraci\u00f3n abiertas que facilitan el trabajo en equipo<br \/>\nM\u00faltiples salas de conferencias equipadas con la \u00faltima tecnolog\u00eda<\/p>\n<p>[\/et_pb_text][\/et_pb_column][et_pb_column type=&#8221;2_3&#8243; admin_label=&#8221;Column&#8221; _builder_version=&#8221;4.27.4&#8243; _module_preset=&#8221;default&#8221; global_colors_info=&#8221;{}&#8221;][et_pb_image src=&#8221;https:\/\/dicotron.avta.mx\/wp-content\/uploads\/2025\/05\/career-carlsbad-8.jpg&#8221; title_text=&#8221;career-carlsbad-8&#8243; _builder_version=&#8221;4.27.4&#8243; _module_preset=&#8221;default&#8221; global_colors_info=&#8221;{}&#8221;][\/et_pb_image][\/et_pb_column][\/et_pb_row][\/et_pb_section][et_pb_section fb_built=&#8221;1&#8243; _builder_version=&#8221;4.27.4&#8243; _module_preset=&#8221;default&#8221; custom_padding=&#8221;0px||0px|||&#8221; locked=&#8221;off&#8221; global_colors_info=&#8221;{}&#8221;][et_pb_row column_structure=&#8221;2_3,1_3&#8243; use_custom_gutter=&#8221;on&#8221; gutter_width=&#8221;1&#8243; _builder_version=&#8221;4.27.4&#8243; _module_preset=&#8221;default&#8221; custom_padding=&#8221;||0px|||&#8221; global_colors_info=&#8221;{}&#8221;][et_pb_column type=&#8221;2_3&#8243; admin_label=&#8221;Column&#8221; _builder_version=&#8221;4.27.4&#8243; _module_preset=&#8221;default&#8221; global_colors_info=&#8221;{}&#8221;][et_pb_image src=&#8221;https:\/\/dicotron.avta.mx\/wp-content\/uploads\/2025\/05\/career-carlsbad-9.jpg&#8221; title_text=&#8221;career-carlsbad-9&#8243; _builder_version=&#8221;4.27.4&#8243; _module_preset=&#8221;default&#8221; global_colors_info=&#8221;{}&#8221;][\/et_pb_image][\/et_pb_column][et_pb_column type=&#8221;1_3&#8243; _builder_version=&#8221;4.27.4&#8243; _module_preset=&#8221;default&#8221; custom_padding=&#8221;56px||56px||true|true&#8221; border_width_all=&#8221;1px&#8221; border_color_all=&#8221;#c1c1c1&#8243; box_shadow_style=&#8221;preset1&#8243; global_colors_info=&#8221;{}&#8221;][et_pb_image src=&#8221;https:\/\/dicotron.avta.mx\/wp-content\/uploads\/2025\/05\/career-carlsbad-icon-10.png&#8221; title_text=&#8221;career-carlsbad-icon-10&#8243; align=&#8221;center&#8221; _builder_version=&#8221;4.27.4&#8243; _module_preset=&#8221;default&#8221; width=&#8221;70px&#8221; height=&#8221;70px&#8221; custom_margin=&#8221;42px||||false|false&#8221; global_colors_info=&#8221;{}&#8221;][\/et_pb_image][et_pb_text _builder_version=&#8221;4.27.4&#8243; _module_preset=&#8221;default&#8221; height=&#8221;150px&#8221; global_colors_info=&#8221;{}&#8221;]<\/p>\n<h5 style=\"text-align: center;\"><strong><span style=\"color: #e27e00;\">Gran ubicaci\u00f3n<\/span><\/strong><\/h5>\n<p style=\"color: black; text-align: center;\">Con nuestra sala de juegos, canchas de baloncesto y petanca, rutas de senderismo y gimnasio, no querr\u00e1 irse a casa<br \/>\nT\u00f3mese un descanso, rel\u00e1jese y deje fluir su creatividad.<\/p>\n<p style=\"color: black; text-align: center;\">[\/et_pb_text][\/et_pb_column][\/et_pb_row][\/et_pb_section][et_pb_section fb_built=&#8221;1&#8243; _builder_version=&#8221;4.27.4&#8243; _module_preset=&#8221;default&#8221; custom_padding=&#8221;0px||15px|||&#8221; locked=&#8221;off&#8221; global_colors_info=&#8221;{}&#8221;][et_pb_row column_structure=&#8221;1_3,2_3&#8243; use_custom_gutter=&#8221;on&#8221; gutter_width=&#8221;1&#8243; _builder_version=&#8221;4.27.4&#8243; _module_preset=&#8221;default&#8221; custom_padding=&#8221;||0px|||&#8221; locked=&#8221;off&#8221; global_colors_info=&#8221;{}&#8221;][et_pb_column type=&#8221;1_3&#8243; _builder_version=&#8221;4.27.4&#8243; _module_preset=&#8221;default&#8221; custom_padding=&#8221;56px||56px||true|true&#8221; border_width_all=&#8221;1px&#8221; border_color_all=&#8221;#c1c1c1&#8243; box_shadow_style=&#8221;preset1&#8243; global_colors_info=&#8221;{}&#8221;][et_pb_image src=&#8221;https:\/\/dicotron.avta.mx\/wp-content\/uploads\/2025\/05\/career-carlsbad-icon-11.png&#8221; title_text=&#8221;career-carlsbad-icon-11&#8243; align=&#8221;center&#8221; _builder_version=&#8221;4.27.4&#8243; _module_preset=&#8221;default&#8221; width=&#8221;70px&#8221; height=&#8221;70px&#8221; custom_margin=&#8221;42px||||false|false&#8221; global_colors_info=&#8221;{}&#8221;][\/et_pb_image][et_pb_text _builder_version=&#8221;4.27.4&#8243; _module_preset=&#8221;default&#8221; height=&#8221;150px&#8221; global_colors_info=&#8221;{}&#8221;]<\/p>\n<h5 style=\"text-align: center;\"><strong><span style=\"color: #16a365;\">Gran ubicaci\u00f3n<\/span><\/strong><\/h5>\n<p style=\"color: black; text-align: center;\">Con un gimnasio y duchas en las instalaciones, no hay excusa para saltarse el entrenamiento.<\/p>\n<p>[\/et_pb_text][\/et_pb_column][et_pb_column type=&#8221;2_3&#8243; admin_label=&#8221;Column&#8221; _builder_version=&#8221;4.27.4&#8243; _module_preset=&#8221;default&#8221; global_colors_info=&#8221;{}&#8221;][et_pb_image src=&#8221;https:\/\/dicotron.avta.mx\/wp-content\/uploads\/2025\/05\/career-carlsbad-12.jpg&#8221; title_text=&#8221;career-carlsbad-12&#8243; _builder_version=&#8221;4.27.4&#8243; _module_preset=&#8221;default&#8221; global_colors_info=&#8221;{}&#8221;][\/et_pb_image][\/et_pb_column][\/et_pb_row][\/et_pb_section][et_pb_section fb_built=&#8221;1&#8243; _builder_version=&#8221;4.27.4&#8243; _module_preset=&#8221;default&#8221; global_colors_info=&#8221;{}&#8221;][et_pb_row _builder_version=&#8221;4.27.4&#8243; _module_preset=&#8221;default&#8221; global_colors_info=&#8221;{}&#8221;][et_pb_column type=&#8221;4_4&#8243; _builder_version=&#8221;4.27.4&#8243; _module_preset=&#8221;default&#8221; global_colors_info=&#8221;{}&#8221;][et_pb_code _builder_version=&#8221;4.27.4&#8243; _module_preset=&#8221;default&#8221; hover_enabled=&#8221;0&#8243; global_colors_info=&#8221;{}&#8221; sticky_enabled=&#8221;0&#8243;]<\/p>\n<style><!-- [et_pb_line_break_holder] -->    .custom-tiles {<!-- [et_pb_line_break_holder] -->        display: flex;<!-- [et_pb_line_break_holder] -->        flex-wrap: wrap;<!-- [et_pb_line_break_holder] -->        justify-content: space-between;<!-- [et_pb_line_break_holder] -->        gap: 20px;<!-- [et_pb_line_break_holder] -->    }<!-- [et_pb_line_break_holder] --><!-- [et_pb_line_break_holder] -->    .custom-tile {<!-- [et_pb_line_break_holder] -->        position: relative;<!-- [et_pb_line_break_holder] -->        width: 100%;<!-- [et_pb_line_break_holder] -->        max-width: 32%;<!-- [et_pb_line_break_holder] -->        min-height: 400px;<!-- [et_pb_line_break_holder] -->        background-size: cover;<!-- [et_pb_line_break_holder] -->        background-position: center;<!-- [et_pb_line_break_holder] -->        border-radius: 5px;<!-- [et_pb_line_break_holder] -->        overflow: hidden;<!-- [et_pb_line_break_holder] -->        box-shadow: 0 2px 8px rgba(0,0,0,0.2);<!-- [et_pb_line_break_holder] -->        transition: transform 0.3s ease;<!-- [et_pb_line_break_holder] -->    }<!-- [et_pb_line_break_holder] --><!-- [et_pb_line_break_holder] -->    .custom-tile:hover {<!-- [et_pb_line_break_holder] -->        transform: scale(1.02);<!-- [et_pb_line_break_holder] -->    }<!-- [et_pb_line_break_holder] --><!-- [et_pb_line_break_holder] -->    .custom-tile a.tile-link {<!-- [et_pb_line_break_holder] -->        position: absolute;<!-- [et_pb_line_break_holder] -->        inset: 0;<!-- [et_pb_line_break_holder] -->        z-index: 3;<!-- [et_pb_line_break_holder] -->    }<!-- [et_pb_line_break_holder] --><!-- [et_pb_line_break_holder] -->    .tile-label {<!-- [et_pb_line_break_holder] -->        position: absolute;<!-- [et_pb_line_break_holder] -->        bottom: 0;<!-- [et_pb_line_break_holder] -->        left: 0;<!-- [et_pb_line_break_holder] -->        right: 0;<!-- [et_pb_line_break_holder] -->        background: rgba(0, 0, 0, 0.6);<!-- [et_pb_line_break_holder] -->        color: #fff;<!-- [et_pb_line_break_holder] -->        padding: 15px;<!-- [et_pb_line_break_holder] -->        font-size: 16px;<!-- [et_pb_line_break_holder] -->        font-weight: bold;<!-- [et_pb_line_break_holder] -->        display: flex;<!-- [et_pb_line_break_holder] -->        justify-content: space-between;<!-- [et_pb_line_break_holder] -->        align-items: center;<!-- [et_pb_line_break_holder] -->        z-index: 2;<!-- [et_pb_line_break_holder] -->    }<!-- [et_pb_line_break_holder] --><!-- [et_pb_line_break_holder] -->    .tile-label .icon {<!-- [et_pb_line_break_holder] -->        font-size: 22px;<!-- [et_pb_line_break_holder] -->    }<!-- [et_pb_line_break_holder] --><\/style>\n<p><!-- [et_pb_line_break_holder] --><!-- [et_pb_line_break_holder] --><\/p>\n<ul class=\"custom-tiles\"><!-- [et_pb_line_break_holder] -->    <\/p>\n<li class=\"custom-tile\" style=\"background-image: url('https:\/\/dicotron.com\/web\/wp-content\/uploads\/2025\/05\/career-gbl-best-places.jpg');\"><!-- [et_pb_line_break_holder] -->\n<div class=\"tile-label\"><span>\u00daNETE A NUESTRO CRECIENTE EQUIPO<\/span><span class=\"icon\">+<\/span><\/div>\n<p><!-- [et_pb_line_break_holder] -->        <a class=\"tile-link\" href=\"https:\/\/dicotron.com\/web\/carreras-en-hme\/\"><\/a><!-- [et_pb_line_break_holder] -->    <\/li>\n<p><!-- [et_pb_line_break_holder] -->    <\/p>\n<li class=\"custom-tile\" style=\"background-image: url('https:\/\/dicotron.com\/web\/wp-content\/uploads\/2025\/05\/career-gbl-work-at-hme-1.jpg');\"><!-- [et_pb_line_break_holder] -->\n<div class=\"tile-label\"><span>C\u00d3MO ES TRABAJAR EN HME<\/span><span class=\"icon\">+<\/span><\/div>\n<p><!-- [et_pb_line_break_holder] -->        <a class=\"tile-link\" href=\"https:\/\/dicotron.com\/web\/cultura\/\"><\/a><!-- [et_pb_line_break_holder] -->    <\/li>\n<p><!-- [et_pb_line_break_holder] -->    <\/p>\n<li class=\"custom-tile\" style=\"background-image: url('https:\/\/dicotron.com\/web\/wp-content\/uploads\/2025\/05\/career-gbl-benefits-1.jpg');\"><!-- [et_pb_line_break_holder] -->\n<div class=\"tile-label\"><span>BENEFICIOS DE LA EMPRESA<\/span><span class=\"icon\">+<\/span><\/div>\n<p><!-- [et_pb_line_break_holder] -->        <a class=\"tile-link\" href=\"https:\/\/dicotron.com\/web\/beneficios-de-la-empresa\/\"><\/a><!-- [et_pb_line_break_holder] -->    <\/li>\n<p><!-- [et_pb_line_break_holder] --><\/ul>\n<p><!-- [et_pb_line_break_holder] -->[\/et_pb_code][\/et_pb_column][\/et_pb_row][\/et_pb_section]<\/p>\n","protected":false},"excerpt":{"rendered":"<p>Instalaciones totalmente nuevas &#8211; Carlsbad Sede central construida a medida Nuestra nueva sede en Carlsbad, California, aumenta considerablemente el espacio de fabricaci\u00f3n y nos permite mantener nuestras oficinas administrativas, instalaciones de producci\u00f3n, centro de I+D\/innovaci\u00f3n y centro de atenci\u00f3n al cliente bajo un mismo techo. Espacio de trabajo moderno Situada a poca distancia en coche [&hellip;]<\/p>\n","protected":false},"author":1,"featured_media":0,"parent":0,"menu_order":0,"comment_status":"closed","ping_status":"closed","template":"","meta":{"_et_pb_use_builder":"on","_et_pb_old_content":"","_et_gb_content_width":"","footnotes":""},"class_list":["post-63","page","type-page","status-publish","hentry"],"_links":{"self":[{"href":"https:\/\/dicotron.com\/web\/wp-json\/wp\/v2\/pages\/63","targetHints":{"allow":["GET"]}}],"collection":[{"href":"https:\/\/dicotron.com\/web\/wp-json\/wp\/v2\/pages"}],"about":[{"href":"https:\/\/dicotron.com\/web\/wp-json\/wp\/v2\/types\/page"}],"author":[{"embeddable":true,"href":"https:\/\/dicotron.com\/web\/wp-json\/wp\/v2\/users\/1"}],"replies":[{"embeddable":true,"href":"https:\/\/dicotron.com\/web\/wp-json\/wp\/v2\/comments?post=63"}],"version-history":[{"count":16,"href":"https:\/\/dicotron.com\/web\/wp-json\/wp\/v2\/pages\/63\/revisions"}],"predecessor-version":[{"id":2560,"href":"https:\/\/dicotron.com\/web\/wp-json\/wp\/v2\/pages\/63\/revisions\/2560"}],"wp:attachment":[{"href":"https:\/\/dicotron.com\/web\/wp-json\/wp\/v2\/media?parent=63"}],"curies":[{"name":"wp","href":"https:\/\/api.w.org\/{rel}","templated":true}]}}