{"id":61,"date":"2025-04-04T14:52:50","date_gmt":"2025-04-04T14:52:50","guid":{"rendered":"https:\/\/dicotron.avta.mx\/?page_id=61"},"modified":"2025-11-01T00:56:27","modified_gmt":"2025-11-01T00:56:27","slug":"beneficios-de-la-empresa","status":"publish","type":"page","link":"https:\/\/dicotron.com\/web\/beneficios-de-la-empresa\/","title":{"rendered":"Beneficios de la empresa"},"content":{"rendered":"<p>[et_pb_section fb_built=&#8221;1&#8243; _builder_version=&#8221;4.27.4&#8243; _module_preset=&#8221;default&#8221; background_color=&#8221;#0093d8&#8243; custom_margin=&#8221;0px||-71px||false|false&#8221; locked=&#8221;off&#8221; global_colors_info=&#8221;{}&#8221;][et_pb_row _builder_version=&#8221;4.27.4&#8243; _module_preset=&#8221;default&#8221; custom_margin=&#8221;-38px||-6px||false|false&#8221; custom_padding=&#8221;0px|||||&#8221; global_colors_info=&#8221;{}&#8221;][et_pb_column type=&#8221;4_4&#8243; _builder_version=&#8221;4.27.4&#8243; _module_preset=&#8221;default&#8221; global_colors_info=&#8221;{}&#8221;][et_pb_text _builder_version=&#8221;4.27.4&#8243; _module_preset=&#8221;default&#8221; global_colors_info=&#8221;{}&#8221;]<\/p>\n<h1 style=\"text-align: center;\"><span style=\"color: #ffffff;\">Prestaciones de HME<\/span><\/h1>\n<p>[\/et_pb_text][\/et_pb_column][\/et_pb_row][\/et_pb_section][et_pb_section fb_built=&#8221;1&#8243; _builder_version=&#8221;4.27.4&#8243; _module_preset=&#8221;default&#8221; custom_padding=&#8221;0px||0px|||&#8221; locked=&#8221;off&#8221; global_colors_info=&#8221;{}&#8221;][et_pb_row column_structure=&#8221;3_5,2_5&#8243; use_custom_gutter=&#8221;on&#8221; gutter_width=&#8221;1&#8243; _builder_version=&#8221;4.27.4&#8243; _module_preset=&#8221;default&#8221; custom_padding=&#8221;||0px|||&#8221; global_colors_info=&#8221;{}&#8221;][et_pb_column type=&#8221;3_5&#8243; admin_label=&#8221;Column&#8221; _builder_version=&#8221;4.27.4&#8243; _module_preset=&#8221;default&#8221; global_colors_info=&#8221;{}&#8221;][et_pb_image src=&#8221;https:\/\/dicotron.avta.mx\/wp-content\/uploads\/2025\/05\/career-gbl-benefits-2.jpg&#8221; title_text=&#8221;career-gbl-benefits&#8221; _builder_version=&#8221;4.27.4&#8243; _module_preset=&#8221;default&#8221; global_colors_info=&#8221;{}&#8221;][\/et_pb_image][\/et_pb_column][et_pb_column type=&#8221;2_5&#8243; _builder_version=&#8221;4.27.4&#8243; _module_preset=&#8221;default&#8221; border_width_all=&#8221;3px&#8221; border_color_all=&#8221;#d3d3d3&#8243; global_colors_info=&#8221;{}&#8221;][et_pb_text _builder_version=&#8221;4.27.4&#8243; _module_preset=&#8221;default&#8221; custom_margin=&#8221;10px||10px|20px|true|false&#8221; custom_padding=&#8221;||||false|false&#8221; global_colors_info=&#8221;{}&#8221;]<\/p>\n<div class=\"tile-active v-center-md\">\n<h3 style=\"text-align: left;\"><strong>M\u00e1s que un sueldo<\/strong><\/h3>\n<p style=\"text-align: left;\"><!-- Scroll through our slideshow for a behind-the-scenes look at our company culture&mdash; -->Nuestro objetivo es proporcionarle los recursos, las oportunidades y la flexibilidad que necesita para llevar una vida equilibrada. HME ofrece un paquete de beneficios competitivo que te mantiene sano, realizado y progresando en tus objetivos profesionales y vitales.<br \/>A medida que hemos ido creciendo, hemos conseguido mantener un ambiente de &#8220;peque\u00f1a empresa&#8221; que hace que venir a trabajar sea divertido. Creemos en el trabajo en equipo y en la creaci\u00f3n de productos innovadores que cambien nuestro sector. Nos esforzamos por crear una cultura orientada al cliente que se nutra del trabajo en equipo, la innovaci\u00f3n y el reconocimiento.<\/p>\n<\/div>\n<p>[\/et_pb_text][\/et_pb_column][\/et_pb_row][\/et_pb_section][et_pb_section fb_built=&#8221;1&#8243; _builder_version=&#8221;4.27.4&#8243; _module_preset=&#8221;default&#8221; custom_padding=&#8221;0px||0px|||&#8221; locked=&#8221;off&#8221; global_colors_info=&#8221;{}&#8221;][et_pb_row column_structure=&#8221;1_4,1_4,1_4,1_4&#8243; use_custom_gutter=&#8221;on&#8221; gutter_width=&#8221;2&#8243; _builder_version=&#8221;4.27.4&#8243; _module_preset=&#8221;default&#8221; width=&#8221;100%&#8221; custom_margin=&#8221;||||false|false&#8221; global_colors_info=&#8221;{}&#8221;][et_pb_column type=&#8221;1_4&#8243; _builder_version=&#8221;4.27.4&#8243; _module_preset=&#8221;default&#8221; custom_padding=&#8221;||||true|true&#8221; box_shadow_style=&#8221;preset1&#8243; global_colors_info=&#8221;{}&#8221;][et_pb_image src=&#8221;https:\/\/dicotron.avta.mx\/wp-content\/uploads\/2025\/05\/career-benefits-icon-3.png&#8221; title_text=&#8221;career-benefits-icon-3&#8243; align=&#8221;center&#8221; _builder_version=&#8221;4.27.4&#8243; _module_preset=&#8221;default&#8221; width=&#8221;70px&#8221; height=&#8221;70px&#8221; custom_margin=&#8221;42px||||false|false&#8221; global_colors_info=&#8221;{}&#8221;][\/et_pb_image][et_pb_text _builder_version=&#8221;4.27.4&#8243; _module_preset=&#8221;default&#8221; height=&#8221;150px&#8221; global_colors_info=&#8221;{}&#8221;]<\/p>\n<h5 style=\"text-align: center;\"><strong><span style=\"color: #e27e01;\">Aprendizaje continuo<\/span><\/strong><\/h5>\n<p style=\"color: black; text-align: center;\">Programa de reembolso de matr\u00edcula<br \/>\nDesarrollo de la gesti\u00f3n y el liderazgo<br \/>\nOportunidades de crecimiento interdepartamental\n<\/p>\n<p style=\"color: black; text-align: center;\">[\/et_pb_text][\/et_pb_column][et_pb_column type=&#8221;1_4&#8243; _builder_version=&#8221;4.27.4&#8243; _module_preset=&#8221;default&#8221; custom_padding=&#8221;||||true|true&#8221; box_shadow_style=&#8221;preset1&#8243; global_colors_info=&#8221;{}&#8221;][et_pb_image src=&#8221;https:\/\/dicotron.avta.mx\/wp-content\/uploads\/2025\/05\/career-benefits-icon-4.png&#8221; title_text=&#8221;career-benefits-icon-4&#8243; align=&#8221;center&#8221; _builder_version=&#8221;4.27.4&#8243; _module_preset=&#8221;default&#8221; width=&#8221;70px&#8221; height=&#8221;70px&#8221; custom_margin=&#8221;42px||||false|false&#8221; global_colors_info=&#8221;{}&#8221;][\/et_pb_image][et_pb_text _builder_version=&#8221;4.27.4&#8243; _module_preset=&#8221;default&#8221; height=&#8221;150px&#8221; global_colors_info=&#8221;{}&#8221;]<\/p>\n<h5 style=\"text-align: center;\"><strong><span style=\"color: #c5366c;\">Seguro m\u00e9dico<br \/>\n<\/span><\/strong><\/h5>\n<p style=\"color: black; text-align: center;\">Cobertura m\u00e9dica, dental y oftalmol\u00f3gica para toda la familia<br \/>\nBaja por enfermedad pagada y cuentas de gastos flexibles<br \/>\nPlan b\u00e1sico de vida\/AD&#038;D<\/p>\n<p style=\"color: black; text-align: center;\">[\/et_pb_text][\/et_pb_column][et_pb_column type=&#8221;1_4&#8243; _builder_version=&#8221;4.27.4&#8243; _module_preset=&#8221;default&#8221; custom_padding=&#8221;||||true|true&#8221; box_shadow_style=&#8221;preset1&#8243; global_colors_info=&#8221;{}&#8221;][et_pb_image src=&#8221;https:\/\/dicotron.avta.mx\/wp-content\/uploads\/2025\/05\/career-benefits-icon-5.png&#8221; title_text=&#8221;career-benefits-icon-5&#8243; align=&#8221;center&#8221; _builder_version=&#8221;4.27.4&#8243; _module_preset=&#8221;default&#8221; width=&#8221;70px&#8221; height=&#8221;70px&#8221; custom_margin=&#8221;42px||||false|false&#8221; global_colors_info=&#8221;{}&#8221;][\/et_pb_image][et_pb_text _builder_version=&#8221;4.27.4&#8243; _module_preset=&#8221;default&#8221; height=&#8221;150px&#8221; global_colors_info=&#8221;{}&#8221;]<\/p>\n<h5 style=\"text-align: center;\"><strong><span style=\"color: #18a365;\">Planificaci\u00f3n de la jubilaci\u00f3n<br \/>\n<\/span><\/strong><\/h5>\n<p style=\"color: black; text-align: center;\">Plan de ahorro para la jubilaci\u00f3n 401(k)<br \/>\nLa empresa aporta $0.50 por cada $1 que el empleado contribuya, hasta el 6% del salario.<\/p>\n<p style=\"color: black; text-align: center;\">[\/et_pb_text][\/et_pb_column][et_pb_column type=&#8221;1_4&#8243; _builder_version=&#8221;4.27.4&#8243; _module_preset=&#8221;default&#8221; custom_padding=&#8221;||||true|true&#8221; box_shadow_style=&#8221;preset1&#8243; global_colors_info=&#8221;{}&#8221;][et_pb_image src=&#8221;https:\/\/dicotron.avta.mx\/wp-content\/uploads\/2025\/05\/career-benefits-icon-6.png&#8221; title_text=&#8221;career-benefits-icon-6&#8243; align=&#8221;center&#8221; _builder_version=&#8221;4.27.4&#8243; _module_preset=&#8221;default&#8221; width=&#8221;70px&#8221; height=&#8221;70px&#8221; custom_margin=&#8221;42px||||false|false&#8221; global_colors_info=&#8221;{}&#8221;][\/et_pb_image][et_pb_text _builder_version=&#8221;4.27.4&#8243; _module_preset=&#8221;default&#8221; height=&#8221;150px&#8221; global_colors_info=&#8221;{}&#8221;]<\/p>\n<h5 style=\"text-align: center;\"><strong><span style=\"color: #1584cd;\">Horario flexible y teletrabajo<\/span><\/strong><\/h5>\n<p style=\"color: black; text-align: center; margin-left: 8px; margin-right: 8px;\">Los empleados con funciones que lo permitan pueden coordinar con su supervisor un horario flexible o trabajo remoto.<\/p>\n<p style=\"color: black; text-align: center;\">[\/et_pb_text][\/et_pb_column][\/et_pb_row][\/et_pb_section][et_pb_section fb_built=&#8221;1&#8243; _builder_version=&#8221;4.27.4&#8243; _module_preset=&#8221;default&#8221; custom_padding=&#8221;0px||0px|||&#8221; locked=&#8221;off&#8221; global_colors_info=&#8221;{}&#8221;][et_pb_row column_structure=&#8221;1_3,2_3&#8243; use_custom_gutter=&#8221;on&#8221; gutter_width=&#8221;1&#8243; _builder_version=&#8221;4.27.4&#8243; _module_preset=&#8221;default&#8221; custom_padding=&#8221;||0px|||&#8221; global_colors_info=&#8221;{}&#8221;][et_pb_column type=&#8221;1_3&#8243; _builder_version=&#8221;4.27.4&#8243; _module_preset=&#8221;default&#8221; border_width_all=&#8221;3px&#8221; border_color_all=&#8221;#d3d3d3&#8243; global_colors_info=&#8221;{}&#8221;][et_pb_text _builder_version=&#8221;4.27.4&#8243; _module_preset=&#8221;default&#8221; custom_margin=&#8221;101px||101px|20px|true|false&#8221; custom_padding=&#8221;||||false|false&#8221; global_colors_info=&#8221;{}&#8221;]<\/p>\n<div class=\"tile-active v-center-md\">\n<h3 style=\"text-align: left;\"><strong>Vida sana<\/strong><\/h3>\n<p style=\"text-align: left;\"><!-- Scroll through our slideshow for a behind-the-scenes look at our company culture&mdash; -->The overall well-being of our employees is essential to our success. It&#8217;s simple\u2014healthy and happy individuals perform better. Our wellness programs and initiatives promote healthy lifestyles that set up our employees for a more fulfilling way of life.<\/p>\n<\/div>\n<p>[\/et_pb_text][\/et_pb_column][et_pb_column type=&#8221;2_3&#8243; admin_label=&#8221;Column&#8221; _builder_version=&#8221;4.27.4&#8243; _module_preset=&#8221;default&#8221; global_colors_info=&#8221;{}&#8221;][et_pb_image src=&#8221;https:\/\/dicotron.avta.mx\/wp-content\/uploads\/2025\/05\/career-benefits-8.jpg&#8221; title_text=&#8221;career-benefits-8&#8243; _builder_version=&#8221;4.27.4&#8243; _module_preset=&#8221;default&#8221; global_colors_info=&#8221;{}&#8221;][\/et_pb_image][\/et_pb_column][\/et_pb_row][et_pb_row column_structure=&#8221;1_4,1_4,1_4,1_4&#8243; use_custom_gutter=&#8221;on&#8221; gutter_width=&#8221;2&#8243; _builder_version=&#8221;4.27.4&#8243; _module_preset=&#8221;default&#8221; width=&#8221;100%&#8221; custom_margin=&#8221;||||false|false&#8221; locked=&#8221;off&#8221; global_colors_info=&#8221;{}&#8221;][et_pb_column type=&#8221;1_4&#8243; _builder_version=&#8221;4.27.4&#8243; _module_preset=&#8221;default&#8221; custom_padding=&#8221;||||true|true&#8221; box_shadow_style=&#8221;preset1&#8243; global_colors_info=&#8221;{}&#8221;][et_pb_image src=&#8221;https:\/\/dicotron.avta.mx\/wp-content\/uploads\/2025\/05\/career-benefits-icon-9.png&#8221; title_text=&#8221;career-benefits-icon-9&#8243; align=&#8221;center&#8221; _builder_version=&#8221;4.27.4&#8243; _module_preset=&#8221;default&#8221; width=&#8221;70px&#8221; height=&#8221;70px&#8221; custom_margin=&#8221;42px||||false|false&#8221; global_colors_info=&#8221;{}&#8221;][\/et_pb_image][et_pb_text _builder_version=&#8221;4.27.4&#8243; _module_preset=&#8221;default&#8221; height=&#8221;150px&#8221; global_colors_info=&#8221;{}&#8221;]<\/p>\n<h5 style=\"text-align: center;\"><strong><span style=\"color: #c5366c;\">Viajes compartidos<br \/>\n<\/span><\/strong><\/h5>\n<p style=\"color: black; text-align: center;\">Furgonetas y coches compartidos para facilitar los desplazamientos de los empleados.<\/p>\n<p style=\"color: black; text-align: center;\">[\/et_pb_text][\/et_pb_column][et_pb_column type=&#8221;1_4&#8243; _builder_version=&#8221;4.27.4&#8243; _module_preset=&#8221;default&#8221; custom_padding=&#8221;||||true|true&#8221; box_shadow_style=&#8221;preset1&#8243; global_colors_info=&#8221;{}&#8221;][et_pb_image src=&#8221;https:\/\/dicotron.avta.mx\/wp-content\/uploads\/2025\/05\/career-benefits-icon-10.png&#8221; title_text=&#8221;career-benefits-icon-10&#8243; align=&#8221;center&#8221; _builder_version=&#8221;4.27.4&#8243; _module_preset=&#8221;default&#8221; width=&#8221;70px&#8221; height=&#8221;70px&#8221; custom_margin=&#8221;42px||||false|false&#8221; global_colors_info=&#8221;{}&#8221;][\/et_pb_image][et_pb_text _builder_version=&#8221;4.27.4&#8243; _module_preset=&#8221;default&#8221; height=&#8221;150px&#8221; global_colors_info=&#8221;{}&#8221;]<\/p>\n<h5 style=\"text-align: center;\"><strong><span style=\"color: #1584cd;\">Iniciativas de bienestar<br \/>\n<\/span><\/strong><\/h5>\n<p style=\"color: black; text-align: center; margin-left: 8px; margin-right: 8px;\">Clases de yoga y zumba<br \/>\nFeria de la salud para empleados<br \/>\nGimnasio de empresa<\/p>\n<p style=\"color: black; text-align: center;\">[\/et_pb_text][\/et_pb_column][et_pb_column type=&#8221;1_4&#8243; _builder_version=&#8221;4.27.4&#8243; _module_preset=&#8221;default&#8221; custom_padding=&#8221;||||true|true&#8221; box_shadow_style=&#8221;preset1&#8243; global_colors_info=&#8221;{}&#8221;][et_pb_image src=&#8221;https:\/\/dicotron.avta.mx\/wp-content\/uploads\/2025\/05\/career-benefits-icon-11.png&#8221; title_text=&#8221;career-benefits-icon-11&#8243; align=&#8221;center&#8221; _builder_version=&#8221;4.27.4&#8243; _module_preset=&#8221;default&#8221; width=&#8221;70px&#8221; height=&#8221;70px&#8221; custom_margin=&#8221;42px||||false|false&#8221; global_colors_info=&#8221;{}&#8221;][\/et_pb_image][et_pb_text _builder_version=&#8221;4.27.4&#8243; _module_preset=&#8221;default&#8221; height=&#8221;150px&#8221; global_colors_info=&#8221;{}&#8221;]<\/p>\n<h5 style=\"text-align: center;\"><strong><span style=\"color: #e27e01;\">Vacaciones y d\u00edas festivos<\/span><\/strong><\/h5>\n<p style=\"color: black; text-align: center;\">Empieza con 3 semanas de vacaciones pagadas, que aumentan con el tiempo<br \/>\n10 d\u00edas festivos pagados por la empresa al a\u00f1o<\/p>\n<p style=\"color: black; text-align: center;\">[\/et_pb_text][\/et_pb_column][et_pb_column type=&#8221;1_4&#8243; _builder_version=&#8221;4.27.4&#8243; _module_preset=&#8221;default&#8221; custom_padding=&#8221;||||true|true&#8221; box_shadow_style=&#8221;preset1&#8243; global_colors_info=&#8221;{}&#8221;][et_pb_image src=&#8221;https:\/\/dicotron.avta.mx\/wp-content\/uploads\/2025\/05\/career-benefits-icon-12.png&#8221; title_text=&#8221;career-benefits-icon-12&#8243; align=&#8221;center&#8221; _builder_version=&#8221;4.27.4&#8243; _module_preset=&#8221;default&#8221; width=&#8221;70px&#8221; height=&#8221;70px&#8221; custom_margin=&#8221;42px||||false|false&#8221; global_colors_info=&#8221;{}&#8221;][\/et_pb_image][et_pb_text _builder_version=&#8221;4.27.4&#8243; _module_preset=&#8221;default&#8221; height=&#8221;150px&#8221; global_colors_info=&#8221;{}&#8221;]<\/p>\n<h5 style=\"text-align: center;\"><strong><span style=\"color: #18a365;\">Extras<br \/>\n<\/span><\/strong><\/h5>\n<p style=\"color: black; text-align: center;\">Descuentos en entradas de cine y alquiler de coches<br \/>\nAfiliaci\u00f3n a gimnasios<br \/>\nLavado de coches in situ<br \/>\nLimpieza en seco<\/p>\n<p style=\"color: black; text-align: center;\">[\/et_pb_text][\/et_pb_column][\/et_pb_row][\/et_pb_section][et_pb_section fb_built=&#8221;1&#8243; _builder_version=&#8221;4.27.4&#8243; _module_preset=&#8221;default&#8221; custom_padding=&#8221;0px||0px|||&#8221; locked=&#8221;off&#8221; global_colors_info=&#8221;{}&#8221;][et_pb_row column_structure=&#8221;3_5,2_5&#8243; use_custom_gutter=&#8221;on&#8221; gutter_width=&#8221;1&#8243; _builder_version=&#8221;4.27.4&#8243; _module_preset=&#8221;default&#8221; custom_padding=&#8221;||0px|||&#8221; global_colors_info=&#8221;{}&#8221;][et_pb_column type=&#8221;3_5&#8243; admin_label=&#8221;Column&#8221; _builder_version=&#8221;4.27.4&#8243; _module_preset=&#8221;default&#8221; global_colors_info=&#8221;{}&#8221;][et_pb_image src=&#8221;https:\/\/dicotron.avta.mx\/wp-content\/uploads\/2025\/05\/career-benefits-13.jpg&#8221; title_text=&#8221;career-benefits-13&#8243; _builder_version=&#8221;4.27.4&#8243; _module_preset=&#8221;default&#8221; custom_margin=&#8221;||51px||false|false&#8221; global_colors_info=&#8221;{}&#8221;][\/et_pb_image][\/et_pb_column][et_pb_column type=&#8221;2_5&#8243; _builder_version=&#8221;4.27.4&#8243; _module_preset=&#8221;default&#8221; border_width_all=&#8221;3px&#8221; border_color_all=&#8221;#d3d3d3&#8243; global_colors_info=&#8221;{}&#8221;][et_pb_text _builder_version=&#8221;4.27.4&#8243; _module_preset=&#8221;default&#8221; custom_margin=&#8221;112px||112px|20px|true|false&#8221; custom_padding=&#8221;||||false|false&#8221; global_colors_info=&#8221;{}&#8221;]<\/p>\n<div class=\"tile-active v-center-md\">\n<h3 style=\"text-align: left;\"><strong>Conciliaci\u00f3n de la vida laboral y personal<\/strong><\/h3>\n<p style=\"text-align: left;\"><!-- Scroll through our slideshow for a behind-the-scenes look at our company culture&mdash; -->Queremos que disfrute de la vida con la misma pasi\u00f3n que impulsa su carrera. Para nosotros es importante que tenga \u00e9xito en el trabajo y tambi\u00e9n que mantenga una vida personal gratificante.<\/p>\n<\/div>\n<p>[\/et_pb_text][\/et_pb_column][\/et_pb_row][\/et_pb_section][et_pb_section fb_built=&#8221;1&#8243; _builder_version=&#8221;4.27.4&#8243; _module_preset=&#8221;default&#8221; global_colors_info=&#8221;{}&#8221;][et_pb_row _builder_version=&#8221;4.27.4&#8243; _module_preset=&#8221;default&#8221; global_colors_info=&#8221;{}&#8221;][et_pb_column type=&#8221;4_4&#8243; _builder_version=&#8221;4.27.4&#8243; _module_preset=&#8221;default&#8221; global_colors_info=&#8221;{}&#8221;][et_pb_code _builder_version=&#8221;4.27.4&#8243; _module_preset=&#8221;default&#8221; hover_enabled=&#8221;0&#8243; global_colors_info=&#8221;{}&#8221; sticky_enabled=&#8221;0&#8243;]<\/p>\n<style><!-- [et_pb_line_break_holder] -->    .custom-tiles {<!-- [et_pb_line_break_holder] -->        display: flex;<!-- [et_pb_line_break_holder] -->        flex-wrap: wrap;<!-- [et_pb_line_break_holder] -->        justify-content: space-between;<!-- [et_pb_line_break_holder] -->        gap: 20px;<!-- [et_pb_line_break_holder] -->    }<!-- [et_pb_line_break_holder] --><!-- [et_pb_line_break_holder] -->    .custom-tile {<!-- [et_pb_line_break_holder] -->        position: relative;<!-- [et_pb_line_break_holder] -->        width: 100%;<!-- [et_pb_line_break_holder] -->        max-width: 32%;<!-- [et_pb_line_break_holder] -->        min-height: 400px;<!-- [et_pb_line_break_holder] -->        background-size: cover;<!-- [et_pb_line_break_holder] -->        background-position: center;<!-- [et_pb_line_break_holder] -->        border-radius: 5px;<!-- [et_pb_line_break_holder] -->        overflow: hidden;<!-- [et_pb_line_break_holder] -->        box-shadow: 0 2px 8px rgba(0,0,0,0.2);<!-- [et_pb_line_break_holder] -->        transition: transform 0.3s ease;<!-- [et_pb_line_break_holder] -->    }<!-- [et_pb_line_break_holder] --><!-- [et_pb_line_break_holder] -->    .custom-tile:hover {<!-- [et_pb_line_break_holder] -->        transform: scale(1.02);<!-- [et_pb_line_break_holder] -->    }<!-- [et_pb_line_break_holder] --><!-- [et_pb_line_break_holder] -->    .custom-tile a.tile-link {<!-- [et_pb_line_break_holder] -->        position: absolute;<!-- [et_pb_line_break_holder] -->        inset: 0;<!-- [et_pb_line_break_holder] -->        z-index: 3;<!-- [et_pb_line_break_holder] -->    }<!-- [et_pb_line_break_holder] --><!-- [et_pb_line_break_holder] -->    .tile-label {<!-- [et_pb_line_break_holder] -->        position: absolute;<!-- [et_pb_line_break_holder] -->        bottom: 0;<!-- [et_pb_line_break_holder] -->        left: 0;<!-- [et_pb_line_break_holder] -->        right: 0;<!-- [et_pb_line_break_holder] -->        background: rgba(0, 0, 0, 0.6);<!-- [et_pb_line_break_holder] -->        color: #fff;<!-- [et_pb_line_break_holder] -->        padding: 15px;<!-- [et_pb_line_break_holder] -->        font-size: 16px;<!-- [et_pb_line_break_holder] -->        font-weight: bold;<!-- [et_pb_line_break_holder] -->        display: flex;<!-- [et_pb_line_break_holder] -->        justify-content: space-between;<!-- [et_pb_line_break_holder] -->        align-items: center;<!-- [et_pb_line_break_holder] -->        z-index: 2;<!-- [et_pb_line_break_holder] -->    }<!-- [et_pb_line_break_holder] --><!-- [et_pb_line_break_holder] -->    .tile-label .icon {<!-- [et_pb_line_break_holder] -->        font-size: 22px;<!-- [et_pb_line_break_holder] -->    }<!-- [et_pb_line_break_holder] --><\/style>\n<p><!-- [et_pb_line_break_holder] --><!-- [et_pb_line_break_holder] --><\/p>\n<ul class=\"custom-tiles\"><!-- [et_pb_line_break_holder] -->    <\/p>\n<li class=\"custom-tile\" style=\"background-image: url('https:\/\/dicotron.com\/web\/wp-content\/uploads\/2025\/05\/career-gbl-best-places.jpg');\"><!-- [et_pb_line_break_holder] -->\n<div class=\"tile-label\"><span>\u00daNETE A NUESTRO CRECIENTE EQUIPO<\/span><span class=\"icon\">+<\/span><\/div>\n<p><!-- [et_pb_line_break_holder] -->        <a class=\"tile-link\" href=\"https:\/\/dicotron.com\/web\/carreras-en-hme\/\"><\/a><!-- [et_pb_line_break_holder] -->    <\/li>\n<p><!-- [et_pb_line_break_holder] -->    <\/p>\n<li class=\"custom-tile\" style=\"background-image: url('https:\/\/dicotron.com\/web\/wp-content\/uploads\/2025\/05\/career-gbl-work-at-hme-1.jpg');\"><!-- [et_pb_line_break_holder] -->\n<div class=\"tile-label\"><span>C\u00d3MO ES TRABAJAR EN HME<\/span><span class=\"icon\">+<\/span><\/div>\n<p><!-- [et_pb_line_break_holder] -->        <a class=\"tile-link\" href=\"https:\/\/dicotron.com\/web\/cultura\/\"><\/a><!-- [et_pb_line_break_holder] -->    <\/li>\n<p><!-- [et_pb_line_break_holder] -->    <\/p>\n<li class=\"custom-tile\" style=\"background-image: url('https:\/\/dicotron.com\/web\/wp-content\/uploads\/2025\/05\/career-gbl-carlsbad-1.jpg');\"><!-- [et_pb_line_break_holder] -->\n<div class=\"tile-label\"><span>NUEVAS INSTALACIONES &#8211; CARLSBAD<\/span><span class=\"icon\">+<\/span><\/div>\n<p><!-- [et_pb_line_break_holder] -->        <a class=\"tile-link\" href=\"https:\/\/dicotron.com\/web\/nueva-instalacion\/\"><\/a><!-- [et_pb_line_break_holder] -->    <\/li>\n<p><!-- [et_pb_line_break_holder] --><\/ul>\n<p><!-- [et_pb_line_break_holder] -->[\/et_pb_code][\/et_pb_column][\/et_pb_row][\/et_pb_section]<\/p>\n","protected":false},"excerpt":{"rendered":"<p>Prestaciones de HME M\u00e1s que un sueldo Nuestro objetivo es proporcionarle los recursos, las oportunidades y la flexibilidad que necesita para llevar una vida equilibrada. HME ofrece un paquete de beneficios competitivo que te mantiene sano, realizado y progresando en tus objetivos profesionales y vitales.A medida que hemos ido creciendo, hemos conseguido mantener un ambiente [&hellip;]<\/p>\n","protected":false},"author":1,"featured_media":0,"parent":0,"menu_order":0,"comment_status":"closed","ping_status":"closed","template":"","meta":{"_et_pb_use_builder":"on","_et_pb_old_content":"","_et_gb_content_width":"","footnotes":""},"class_list":["post-61","page","type-page","status-publish","hentry"],"_links":{"self":[{"href":"https:\/\/dicotron.com\/web\/wp-json\/wp\/v2\/pages\/61","targetHints":{"allow":["GET"]}}],"collection":[{"href":"https:\/\/dicotron.com\/web\/wp-json\/wp\/v2\/pages"}],"about":[{"href":"https:\/\/dicotron.com\/web\/wp-json\/wp\/v2\/types\/page"}],"author":[{"embeddable":true,"href":"https:\/\/dicotron.com\/web\/wp-json\/wp\/v2\/users\/1"}],"replies":[{"embeddable":true,"href":"https:\/\/dicotron.com\/web\/wp-json\/wp\/v2\/comments?post=61"}],"version-history":[{"count":14,"href":"https:\/\/dicotron.com\/web\/wp-json\/wp\/v2\/pages\/61\/revisions"}],"predecessor-version":[{"id":2559,"href":"https:\/\/dicotron.com\/web\/wp-json\/wp\/v2\/pages\/61\/revisions\/2559"}],"wp:attachment":[{"href":"https:\/\/dicotron.com\/web\/wp-json\/wp\/v2\/media?parent=61"}],"curies":[{"name":"wp","href":"https:\/\/api.w.org\/{rel}","templated":true}]}}