{"id":404,"date":"2025-04-07T20:03:11","date_gmt":"2025-04-07T20:03:11","guid":{"rendered":"https:\/\/dicotron.avta.mx\/?page_id=404"},"modified":"2025-10-31T21:28:08","modified_gmt":"2025-10-31T21:28:08","slug":"agregar-un-servicio-drive-thru","status":"publish","type":"page","link":"https:\/\/dicotron.com\/web\/agregar-un-servicio-drive-thru\/","title":{"rendered":"Agregar un servicio Drive-Thru"},"content":{"rendered":"<p>[et_pb_section fb_built=&#8221;1&#8243; disabled_on=&#8221;on|on|off&#8221; module_class=&#8221;hme_support_gray_section&#8221; _builder_version=&#8221;4.27.4&#8243; _module_preset=&#8221;default&#8221; background_color=&#8221;#eeeeee&#8221; custom_padding=&#8221;0px||3px|||&#8221; custom_css_free_form=&#8221;.home-card-title :hover{||  \tcolor:#1584cd;||}||.hme_support_gray_section{||    overflow: visible !important;||    position: relative; ||    z-index: auto;||}&#8221; box_shadow_style=&#8221;preset1&#8243; box_shadow_spread=&#8221;-9px&#8221; box_shadow_color=&#8221;#000000&#8243; global_colors_info=&#8221;{}&#8221;][et_pb_row column_structure=&#8221;1_2,1_2&#8243; _builder_version=&#8221;4.27.4&#8243; _module_preset=&#8221;default&#8221; custom_padding=&#8221;||0px|||&#8221; global_colors_info=&#8221;{}&#8221;][et_pb_column type=&#8221;1_2&#8243; _builder_version=&#8221;4.27.4&#8243; _module_preset=&#8221;default&#8221; global_colors_info=&#8221;{}&#8221;][et_pb_text _builder_version=&#8221;4.27.4&#8243; _module_preset=&#8221;default&#8221; global_colors_info=&#8221;{}&#8221;]<\/p>\n<p><strong><a style=\"color: #444; font-size: 1.35em; text-align: left;\" href=\"https:\/\/dicotron.com\/web\/crece-tu-negocio\/\">Haz Crecer Tu Negocio<\/a><\/strong><\/p>\n<p>[\/et_pb_text][\/et_pb_column][et_pb_column type=&#8221;1_2&#8243; module_class=&#8221;column-vertical&#8221; _builder_version=&#8221;4.27.4&#8243; _module_preset=&#8221;default&#8221; custom_css_free_form=&#8221;.column-vertical{||  display: flex;||  align-content: center;||}&#8221; global_colors_info=&#8221;{}&#8221;][et_pb_text module_class=&#8221;home-card-title&#8221; _builder_version=&#8221;4.27.4&#8243; _module_preset=&#8221;default&#8221; custom_padding=&#8221;||0px|||&#8221; custom_css_free_form=&#8221;.grow_your_business_element{||   font-size: 1.35em; text-align: left;||}||.grow_your_business_element:hover{||\tcolor: #1584cd;||}||.grow_your_business_element .active{||\tcolor: #1584cd;||}||&#8221; global_colors_info=&#8221;{}&#8221;]<\/p>\n<div style=\"display: flex; align-items: center; gap: 20px; flex-wrap: nowrap; white-space: nowrap;\"><strong><a class=\"grow_your_business_element active\" style=\"\" href=\"https:\/\/dicotron.com\/web\/agregar-un-servicio-drive-thru\/\">Agregar Auto Servicio<\/a><\/strong><br \/>\n<strong><a class=\"grow_your_business_element\" style=\"color: #444; font-size: 1.24em; text-align: left;\" href=\"https:\/\/dicotron.com\/web\/optimiza-mi-autoservicio\/\">Optimizar AutoServicio<\/a><\/strong><br \/>\n<strong><a class=\"grow_your_business_element\" style=\"color: #444; font-size: 1.35em; text-align: left;\" href=\"https:\/\/dicotron.com\/web\/entrega-en-la-acera-y-para-llevar\/\">Entrega en la Acera y Para Llevar<\/a><\/strong><\/div>\n<p>[\/et_pb_text][\/et_pb_column][\/et_pb_row][\/et_pb_section][et_pb_section fb_built=&#8221;1&#8243; disabled_on=&#8221;off|off|on&#8221; admin_label=&#8221;Section&#8221; _builder_version=&#8221;4.27.4&#8243; _module_preset=&#8221;default&#8221; background_color=&#8221;#302c34&#8243; custom_padding=&#8221;0px||0px|||&#8221; global_colors_info=&#8221;{}&#8221;][et_pb_row _builder_version=&#8221;4.27.4&#8243; _module_preset=&#8221;default&#8221; custom_padding=&#8221;15px||0px|||&#8221; global_colors_info=&#8221;{}&#8221;][et_pb_column type=&#8221;4_4&#8243; _builder_version=&#8221;4.27.4&#8243; _module_preset=&#8221;default&#8221; global_colors_info=&#8221;{}&#8221;][et_pb_text _builder_version=&#8221;4.27.4&#8243; _module_preset=&#8221;default&#8221; global_colors_info=&#8221;{}&#8221;]<\/p>\n<h2 style=\"font-size: 1.25em; font-weight: bold; color: white; text-align: center;\">Haz Crecer Tu Negocio<\/h2>\n<p>[\/et_pb_text][\/et_pb_column][\/et_pb_row][\/et_pb_section][et_pb_section fb_built=&#8221;1&#8243; disabled_on=&#8221;off|off|on&#8221; _builder_version=&#8221;4.27.4&#8243; _module_preset=&#8221;default&#8221; background_color=&#8221;#605c5c&#8221; height=&#8221;20%&#8221; custom_padding=&#8221;0px||0px|||&#8221; global_colors_info=&#8221;{}&#8221;][et_pb_row _builder_version=&#8221;4.27.4&#8243; _module_preset=&#8221;default&#8221; custom_padding=&#8221;5px||0px|||&#8221; global_colors_info=&#8221;{}&#8221;][et_pb_column type=&#8221;4_4&#8243; _builder_version=&#8221;4.27.4&#8243; _module_preset=&#8221;default&#8221; global_colors_info=&#8221;{}&#8221;][et_pb_text content_tablet=&#8221;<\/p>\n<div style=%22display: flex; gap: 10px; align-items: top;%22>\n<h4 style=%22color: white; text-align: center;%22><a href=%22\/dicotron\/?page_id=712%22 style=%22font-size: 12px;%22>            Env\u00ede su reparaci\u00f3n<br \/><\/a><\/h4>\n<h4 style=%22color: white; text-align: center;%22><\/h4>\n<h4 style=%22color: white; text-align: center;%22><\/h4>\n<h4 style=%22color: white; text-align: center;%22><a style=%22font-size: 12px;%22 href=%22https:\/\/www.hme.com\/account\/?_gl=1*37gamt*_gcl_au*MTY2MTIyNDI0Mi4xNzQzNzc4ODEz%22 data-et-target-link=%22_blank%22 rel=%22nofollow noopener%22>Inicio de sesi\u00f3n<i style=%22font-size: 12px;%22 class=%22fa fa-external-link%22><\/i><\/a><\/h4>\n<\/div>\n<p>&#8221; content_phone=&#8221;<\/p>\n<div style=%22display: flex; gap: 10px; align-items: top;%22>\n<h4 style=%22color: white; text-align: center;%22><a href=%22\/dicotron\/?page_id=712%22 style=%22font-size: 12px;%22>            Env\u00ede su reparaci\u00f3n<br \/><\/a><\/h4>\n<h4 style=%22color: white; text-align: center;%22><\/h4>\n<h4 style=%22color: white; text-align: center;%22><\/h4>\n<h4 style=%22color: white; text-align: center;%22><a style=%22font-size: 12px;%22 href=%22https:\/\/www.hme.com\/account\/?_gl=1*37gamt*_gcl_au*MTY2MTIyNDI0Mi4xNzQzNzc4ODEz%22 data-et-target-link=%22_blank%22 rel=%22nofollow noopener%22>Inicio de sesi\u00f3n<i style=%22font-size: 12px;%22 class=%22fa fa-external-link%22><\/i><\/a><\/h4>\n<\/div>\n<p>&#8221; content_last_edited=&#8221;on|tablet&#8221; module_class=&#8221;textmobilecontainer&#8221; _builder_version=&#8221;4.27.4&#8243; _module_preset=&#8221;default&#8221; height=&#8221;25px&#8221; custom_padding=&#8221;0px||0px|||&#8221; global_colors_info=&#8221;{}&#8221;]<\/p>\n<div style=\"display: flex;flex-wrap:nowrap; gap: 10px; align-items: top;\">\n<h4 style=\"color: white;\"><a href=\"https:\/\/dicotron.com\/web\/agregar-un-servicio-drive-thru\/\" style=\"font-size: 12px; color: white;\">Agregar Auto Servicio<\/a><\/h4>\n<h4 style=\"color: white;\"><a href=\"https:\/\/dicotron.com\/web\/optimiza-mi-autoservicio\/\" style=\"font-size: 12px; color: white;\">Optimizar AutoServicio<\/a><\/h4>\n<h4 style=\"color: white;\"><a href=\"https:\/\/dicotron.com\/web\/entrega-en-la-acera-y-para-llevar\/\" style=\"font-size: 12px; color: white;\">Entrega en la Acera y Para Llevar<\/a><\/h4>\n<\/div>\n<p>[\/et_pb_text][\/et_pb_column][\/et_pb_row][\/et_pb_section][et_pb_section fb_built=&#8221;1&#8243; disabled_on=&#8221;off|off|off&#8221; _builder_version=&#8221;4.27.4&#8243; _module_preset=&#8221;default&#8221; background_image=&#8221;https:\/\/dicotron.com\/web\/wp-content\/uploads\/2025\/05\/bnr-dte-add-dt.jpg&#8221; height=&#8221;412px&#8221; hover_enabled=&#8221;0&#8243; background_last_edited=&#8221;on|desktop&#8221; background_image_tablet=&#8221;https:\/\/dicotron.com\/web\/wp-content\/uploads\/2025\/05\/bnr-dte-add-dt-m.jpg&#8221; background_enable_image_tablet=&#8221;on&#8221; background_size_phone=&#8221;contain&#8221; background_position_phone=&#8221;top_center&#8221; global_colors_info=&#8221;{}&#8221; title_text=&#8221;bnr-dte-add-dt-m&#8221; sticky_enabled=&#8221;0&#8243;][et_pb_row _builder_version=&#8221;4.27.4&#8243; _module_preset=&#8221;default&#8221; global_colors_info=&#8221;{}&#8221;][et_pb_column type=&#8221;4_4&#8243; _builder_version=&#8221;4.27.4&#8243; _module_preset=&#8221;default&#8221; global_colors_info=&#8221;{}&#8221;][et_pb_text _builder_version=&#8221;4.27.4&#8243; _module_preset=&#8221;default&#8221; custom_margin=&#8221;76px|||||&#8221; global_colors_info=&#8221;{}&#8221;]<\/p>\n<div class=\"bnr-header\" style=\"        max-width: 100%;\n        width: 50%;\"><\/p>\n<h1 style=\"font-size: 2.5em\">HAGA CRECER SU<br class=\"d-none d-block-md\">NEGOCIO DE RESTAURANTE<\/h1>\n<\/p><\/div>\n<p>[\/et_pb_text][\/et_pb_column][\/et_pb_row][\/et_pb_section][et_pb_section fb_built=&#8221;1&#8243; _builder_version=&#8221;4.27.4&#8243; _module_preset=&#8221;default&#8221; border_width_bottom=&#8221;1px&#8221; border_color_bottom=&#8221;#e2e2e2&#8243; global_colors_info=&#8221;{}&#8221;][et_pb_row _builder_version=&#8221;4.27.4&#8243; _module_preset=&#8221;default&#8221; global_colors_info=&#8221;{}&#8221;][et_pb_column type=&#8221;4_4&#8243; _builder_version=&#8221;4.27.4&#8243; _module_preset=&#8221;default&#8221; global_colors_info=&#8221;{}&#8221;][et_pb_text _builder_version=&#8221;4.27.4&#8243; _module_preset=&#8221;default&#8221; global_colors_info=&#8221;{}&#8221;]<\/p>\n<div class=\"col-xs-12\">\n<h2 class=\"large center\" style=\"text-align: center; font-size: 48px;\">\u00bfEst\u00e1 pensando en a\u00f1adir un autoservicio a su restaurante?<\/h2>\n<p class=\"center\" style=\"text-align: center;\"><span style=\"color: #000000;\">Un autoservicio es una opci\u00f3n de servicio r\u00e1pida y c\u00f3moda. Sin embargo, es fundamental que todos los aspectos sean correctos: cada detalle influye en su nivel de \u00e9xito. Con casi 40 a\u00f1os de experiencia en negocios drive-thru e instalaciones en m\u00e1s de 140 pa\u00edses, sabemos mucho m\u00e1s que un par de cosas sobre lo que se necesita para implementar una operaci\u00f3n drive-thru. Nuestro equipo est\u00e1 preparado para ayudarle en este proceso.<\/span><\/p>\n<p><!---<\/p>\n\n\n\n\n<p class=\"center\"><a href=\"#\">Learn More<\/a><\/p>\n\n\n\n\n<p>---><\/p>\n<\/div>\n<p>[\/et_pb_text][\/et_pb_column][\/et_pb_row][et_pb_row _builder_version=&#8221;4.27.4&#8243; _module_preset=&#8221;default&#8221; global_colors_info=&#8221;{}&#8221;][et_pb_column type=&#8221;4_4&#8243; _builder_version=&#8221;4.27.4&#8243; _module_preset=&#8221;default&#8221; global_colors_info=&#8221;{}&#8221;][et_pb_button button_url=&#8221;\/contacto&#8221; button_text=&#8221;SOLICITAR INFORMACI\u00d3N&#8221; button_alignment=&#8221;center&#8221; _builder_version=&#8221;4.27.4&#8243; _module_preset=&#8221;default&#8221; custom_button=&#8221;on&#8221; button_text_size=&#8221;17px&#8221; button_text_color=&#8221;#FFFFFF&#8221; button_bg_color=&#8221;#1793d1&#8243; button_border_width=&#8221;0px&#8221; button_use_icon=&#8221;off&#8221; global_colors_info=&#8221;{}&#8221;][\/et_pb_button][\/et_pb_column][\/et_pb_row][et_pb_row column_structure=&#8221;1_3,1_3,1_3&#8243; _builder_version=&#8221;4.27.4&#8243; _module_preset=&#8221;default&#8221; global_colors_info=&#8221;{}&#8221;][et_pb_column type=&#8221;1_3&#8243; _builder_version=&#8221;4.27.4&#8243; _module_preset=&#8221;default&#8221; hover_enabled=&#8221;0&#8243; global_colors_info=&#8221;{}&#8221; sticky_enabled=&#8221;0&#8243;][et_pb_image src=&#8221;https:\/\/dicotron.com\/web\/wp-content\/uploads\/2025\/05\/circle-with-hands.png&#8221; title_text=&#8221;circle-with-hands&#8221; align=&#8221;center&#8221; _builder_version=&#8221;4.27.4&#8243; _module_preset=&#8221;default&#8221; hover_enabled=&#8221;0&#8243; global_colors_info=&#8221;{}&#8221; sticky_enabled=&#8221;0&#8243;][\/et_pb_image][et_pb_text _builder_version=&#8221;4.27.4&#8243; _module_preset=&#8221;default&#8221; global_colors_info=&#8221;{}&#8221;]<\/p>\n<h3 style=\"text-align: center;\">Socios de QSR desde hace casi 40 a\u00f1os<\/h3>\n<p>[\/et_pb_text][\/et_pb_column][et_pb_column type=&#8221;1_3&#8243; _builder_version=&#8221;4.27.4&#8243; _module_preset=&#8221;default&#8221; global_colors_info=&#8221;{}&#8221;][et_pb_image src=&#8221;https:\/\/dicotron.com\/web\/wp-content\/uploads\/2025\/05\/circle-with-tool.png&#8221; title_text=&#8221;circle-with-tool&#8221; align=&#8221;center&#8221; _builder_version=&#8221;4.27.4&#8243; _module_preset=&#8221;default&#8221; hover_enabled=&#8221;0&#8243; global_colors_info=&#8221;{}&#8221; sticky_enabled=&#8221;0&#8243;][\/et_pb_image][et_pb_text _builder_version=&#8221;4.27.4&#8243; _module_preset=&#8221;default&#8221; global_colors_info=&#8221;{}&#8221;]<\/p>\n<h3 style=\"text-align: center;\">Instalaciones en m\u00e1s de 140 pa\u00edses<\/h3>\n<p>[\/et_pb_text][\/et_pb_column][et_pb_column type=&#8221;1_3&#8243; _builder_version=&#8221;4.27.4&#8243; _module_preset=&#8221;default&#8221; global_colors_info=&#8221;{}&#8221;][et_pb_image src=&#8221;https:\/\/dicotron.com\/web\/wp-content\/uploads\/2025\/05\/circle-with-headset.png&#8221; title_text=&#8221;circle-with-headset&#8221; align=&#8221;center&#8221; _builder_version=&#8221;4.27.4&#8243; _module_preset=&#8221;default&#8221; hover_enabled=&#8221;0&#8243; global_colors_info=&#8221;{}&#8221; sticky_enabled=&#8221;0&#8243;][\/et_pb_image][et_pb_text _builder_version=&#8221;4.27.4&#8243; _module_preset=&#8221;default&#8221; global_colors_info=&#8221;{}&#8221;]<\/p>\n<h3 style=\"text-align: center;\">M\u00e1s de 30 millones de pedidos realizados cada d\u00eda con sistemas HME<\/h3>\n<p>[\/et_pb_text][\/et_pb_column][\/et_pb_row][\/et_pb_section][et_pb_section fb_built=&#8221;1&#8243; _builder_version=&#8221;4.27.4&#8243; _module_preset=&#8221;default&#8221; global_colors_info=&#8221;{}&#8221;][et_pb_row _builder_version=&#8221;4.27.4&#8243; _module_preset=&#8221;default&#8221; global_colors_info=&#8221;{}&#8221;][et_pb_column type=&#8221;4_4&#8243; _builder_version=&#8221;4.27.4&#8243; _module_preset=&#8221;default&#8221; global_colors_info=&#8221;{}&#8221;][et_pb_text _builder_version=&#8221;4.27.4&#8243; _module_preset=&#8221;default&#8221; locked=&#8221;off&#8221; global_colors_info=&#8221;{}&#8221;]<\/p>\n<div class=\"col-xs-12\">\n<h3 class=\"large center\" style=\"text-align: center; font-size: 32px;\">Aspectos b\u00e1sicos del autoservicio: Gu\u00eda para empezar<\/h3>\n<p>&nbsp;<\/p>\n<p class=\"center\" style=\"text-align: center;\"><span style=\"color: #000000;\">La transici\u00f3n de su restaurante a un drive-thru no es tarea f\u00e1cil: desde los men\u00fas y la disposici\u00f3n de los carriles hasta los auriculares y la formaci\u00f3n del personal. Haga clic en los siguientes n\u00fameros para ayudarle a identificar las necesidades de su restaurante y determinar mejor qu\u00e9 soluci\u00f3n es la mejor para su negocio.<\/span><\/p>\n<p><!---\n\n\n<p class=\"center\"><a href=\"#\">Learn More<\/a><\/p>\n\n\n---><\/p>\n<\/div>\n<p>[\/et_pb_text][\/et_pb_column][\/et_pb_row][et_pb_row _builder_version=&#8221;4.27.4&#8243; _module_preset=&#8221;default&#8221; global_colors_info=&#8221;{}&#8221;][et_pb_column type=&#8221;4_4&#8243; _builder_version=&#8221;4.27.4&#8243; _module_preset=&#8221;default&#8221; global_colors_info=&#8221;{}&#8221;][et_pb_image src=&#8221;https:\/\/dicotron.avta.mx\/wp-content\/uploads\/2025\/05\/Screenshot-2025-05-01-144348.png&#8221; title_text=&#8221;Screenshot 2025-05-01 144348&#8243; _builder_version=&#8221;4.27.4&#8243; _module_preset=&#8221;default&#8221; global_colors_info=&#8221;{}&#8221;][\/et_pb_image][\/et_pb_column][\/et_pb_row][\/et_pb_section][et_pb_section fb_built=&#8221;1&#8243; _builder_version=&#8221;4.27.4&#8243; _module_preset=&#8221;default&#8221; global_colors_info=&#8221;{}&#8221;][et_pb_row column_structure=&#8221;1_2,1_2&#8243; admin_label=&#8221;Row&#8221; _builder_version=&#8221;4.27.4&#8243; _module_preset=&#8221;default&#8221; custom_padding=&#8221;0px|||||&#8221; locked=&#8221;off&#8221; global_colors_info=&#8221;{}&#8221;][et_pb_column type=&#8221;1_2&#8243; _builder_version=&#8221;4.27.4&#8243; _module_preset=&#8221;default&#8221; global_colors_info=&#8221;{}&#8221;][et_pb_image src=&#8221;https:\/\/dicotron.avta.mx\/wp-content\/uploads\/2025\/04\/Optimize-Drive-Thru_Tile.jpg&#8221; title_text=&#8221;Optimize-Drive-Thru_Tile&#8221; admin_label=&#8221;Image&#8221; _builder_version=&#8221;4.27.4&#8243; _module_preset=&#8221;default&#8221; global_colors_info=&#8221;{}&#8221;][\/et_pb_image][et_pb_text _builder_version=&#8221;4.27.4&#8243; _module_preset=&#8221;default&#8221; global_colors_info=&#8221;{}&#8221;]<\/p>\n<h3 class=\"home-card-title\"><strong><a href=\"\/dicotron\/?page_id=419\">Estoy optimizando mi drive-thru<\/a><\/strong><\/h3>\n<p style=\"text-align: left;\">En el drive-thru, cada detalle influye en la velocidad del servicio y en su cuenta de resultados. \u00bfSe pregunta en qu\u00e9 consiste la construcci\u00f3n de un carril drive-thru? Empiece con este resumen y p\u00f3ngase en contacto con nosotros para empezar.<\/p>\n<p style=\"text-align: left;\"><strong><\/strong><a href=\"https:\/\/dicotron.com\/web\/optimizar-mi-servicio-drive-thru\/\">Aprender m\u00e1s <\/a><\/p>\n<p>[\/et_pb_text][\/et_pb_column][et_pb_column type=&#8221;1_2&#8243; _builder_version=&#8221;4.27.4&#8243; _module_preset=&#8221;default&#8221; global_colors_info=&#8221;{}&#8221;][et_pb_image src=&#8221;https:\/\/dicotron.avta.mx\/wp-content\/uploads\/2025\/04\/Curbside-Carryout_Tile.jpg&#8221; title_text=&#8221;Curbside-Carryout_Tile&#8221; _builder_version=&#8221;4.27.4&#8243; _module_preset=&#8221;default&#8221; global_colors_info=&#8221;{}&#8221;][\/et_pb_image][et_pb_text _builder_version=&#8221;4.27.4&#8243; _module_preset=&#8221;default&#8221; global_colors_info=&#8221;{}&#8221;]<\/p>\n<h3 class=\"home-card-title\"><strong><a href=\"\/dicotron\/?page_id=254\">Estoy agregando en la acera y para llevar<\/a><\/strong><\/h3>\n<p style=\"text-align: left;\">La comida a domicilio y para llevar son s\u00f3lo dos de las opciones m\u00e1s populares hoy en d\u00eda. \u00bfConoce m\u00e1s? Consulte nuestros consejos y recomendaciones de productos para una gran variedad de soluciones.<\/p>\n<p style=\"text-align: left;\"><strong><\/strong><a href=\"https:\/\/dicotron.com\/web\/entrega-en-la-acera-y-para-llevar\/\">Aprender m\u00e1s <\/a><\/p>\n<p>[\/et_pb_text][\/et_pb_column][\/et_pb_row][\/et_pb_section][et_pb_section fb_built=&#8221;1&#8243; _builder_version=&#8221;4.27.4&#8243; _module_preset=&#8221;default&#8221; background_color=&#8221;#eeeeee&#8221; locked=&#8221;off&#8221; global_colors_info=&#8221;{}&#8221;][et_pb_row column_structure=&#8221;1_2,1_2&#8243; _builder_version=&#8221;4.27.4&#8243; _module_preset=&#8221;default&#8221; global_colors_info=&#8221;{}&#8221;][et_pb_column type=&#8221;1_2&#8243; _builder_version=&#8221;4.27.4&#8243; _module_preset=&#8221;default&#8221; global_colors_info=&#8221;{}&#8221;][et_pb_image src=&#8221;https:\/\/dicotron.avta.mx\/wp-content\/uploads\/2025\/04\/qsr-training-portal.webp&#8221; title_text=&#8221;qsr-training-portal&#8221; _builder_version=&#8221;4.27.4&#8243; _module_preset=&#8221;default&#8221; max_width=&#8221;100%&#8221; global_colors_info=&#8221;{}&#8221;][\/et_pb_image][\/et_pb_column][et_pb_column type=&#8221;1_2&#8243; _builder_version=&#8221;4.27.4&#8243; _module_preset=&#8221;default&#8221; custom_padding=&#8221;100px||||false|false&#8221; custom_padding_tablet=&#8221;&#8221; custom_padding_phone=&#8221;&#8221; custom_padding_last_edited=&#8221;on|desktop&#8221; global_colors_info=&#8221;{}&#8221;][et_pb_text _builder_version=&#8221;4.27.4&#8243; _module_preset=&#8221;default&#8221; global_colors_info=&#8221;{}&#8221;]<\/p>\n<h2><strong>Formaci\u00f3n en l\u00ednea para el \u00e9xito continuo<\/strong><\/h2>\n<p>[\/et_pb_text][et_pb_button button_url=&#8221;https:\/\/www.hme.com\/training\/?_gl=1*8zxpt7*_gcl_au*MTY2MTIyNDI0Mi4xNzQzNzc4ODEz&#8221; button_text=&#8221;Visite el portal de formaci\u00f3n&#8221; _builder_version=&#8221;4.27.4&#8243; _module_preset=&#8221;default&#8221; custom_button=&#8221;on&#8221; button_text_color=&#8221;#FFFFFF&#8221; button_bg_color=&#8221;#de1d23&#8243; button_icon=&#8221;&#xf35d;||fa||900&#8243; button_on_hover=&#8221;off&#8221; global_colors_info=&#8221;{}&#8221; button_bg_color__hover_enabled=&#8221;on|desktop&#8221; button_bg_color__hover=&#8221;#f71920&#8243; button_bg_enable_color__hover=&#8221;on&#8221;][\/et_pb_button][\/et_pb_column][\/et_pb_row][\/et_pb_section][et_pb_section fb_built=&#8221;1&#8243; admin_label=&#8221;Section&#8221; _builder_version=&#8221;4.27.4&#8243; _module_preset=&#8221;default&#8221; background_color=&#8221;#FFFFFF&#8221; locked=&#8221;off&#8221; global_colors_info=&#8221;{}&#8221;][et_pb_row _builder_version=&#8221;4.27.4&#8243; _module_preset=&#8221;default&#8221; global_colors_info=&#8221;{}&#8221;][et_pb_column type=&#8221;4_4&#8243; _builder_version=&#8221;4.27.4&#8243; _module_preset=&#8221;default&#8221; global_colors_info=&#8221;{}&#8221;][et_pb_text _builder_version=&#8221;4.27.4&#8243; _module_preset=&#8221;default&#8221; global_colors_info=&#8221;{}&#8221;]<\/p>\n<h2 style=\"text-align: center;\"><strong>\u00bfDesea optimizar sus operaciones QSR? Nosotros podemos ayudarle.<\/strong><\/h2>\n<p>[\/et_pb_text][\/et_pb_column][\/et_pb_row][et_pb_row _builder_version=&#8221;4.27.4&#8243; _module_preset=&#8221;default&#8221; global_colors_info=&#8221;{}&#8221;][et_pb_column type=&#8221;4_4&#8243; _builder_version=&#8221;4.27.4&#8243; _module_preset=&#8221;default&#8221; global_colors_info=&#8221;{}&#8221;][et_pb_button button_url=&#8221;\/contacto&#8221; button_text=&#8221;Contacto&#8221; button_alignment=&#8221;center&#8221; _builder_version=&#8221;4.27.4&#8243; _module_preset=&#8221;default&#8221; custom_button=&#8221;on&#8221; button_text_color=&#8221;#FFFFFF&#8221; button_bg_color=&#8221;#de1d23&#8243; global_colors_info=&#8221;{}&#8221; button_bg_color__hover_enabled=&#8221;on|hover&#8221; button_bg_color__hover=&#8221;#f71920&#8243; button_bg_enable_color__hover=&#8221;on&#8221;][\/et_pb_button][\/et_pb_column][\/et_pb_row][\/et_pb_section]<\/p>\n","protected":false},"excerpt":{"rendered":"<p>Haz Crecer Tu NegocioAgregar Auto Servicio Optimizar AutoServicio Entrega en la Acera y Para LlevarHaz Crecer Tu Negocio Agregar Auto Servicio Optimizar AutoServicio Entrega en la Acera y Para Llevar HAGA CRECER SUNEGOCIO DE RESTAURANTE \u00bfEst\u00e1 pensando en a\u00f1adir un autoservicio a su restaurante? Un autoservicio es una opci\u00f3n de servicio r\u00e1pida y c\u00f3moda. Sin [&hellip;]<\/p>\n","protected":false},"author":1,"featured_media":0,"parent":0,"menu_order":0,"comment_status":"closed","ping_status":"closed","template":"","meta":{"_et_pb_use_builder":"on","_et_pb_old_content":"","_et_gb_content_width":"","footnotes":""},"class_list":["post-404","page","type-page","status-publish","hentry"],"_links":{"self":[{"href":"https:\/\/dicotron.com\/web\/wp-json\/wp\/v2\/pages\/404","targetHints":{"allow":["GET"]}}],"collection":[{"href":"https:\/\/dicotron.com\/web\/wp-json\/wp\/v2\/pages"}],"about":[{"href":"https:\/\/dicotron.com\/web\/wp-json\/wp\/v2\/types\/page"}],"author":[{"embeddable":true,"href":"https:\/\/dicotron.com\/web\/wp-json\/wp\/v2\/users\/1"}],"replies":[{"embeddable":true,"href":"https:\/\/dicotron.com\/web\/wp-json\/wp\/v2\/comments?post=404"}],"version-history":[{"count":11,"href":"https:\/\/dicotron.com\/web\/wp-json\/wp\/v2\/pages\/404\/revisions"}],"predecessor-version":[{"id":2508,"href":"https:\/\/dicotron.com\/web\/wp-json\/wp\/v2\/pages\/404\/revisions\/2508"}],"wp:attachment":[{"href":"https:\/\/dicotron.com\/web\/wp-json\/wp\/v2\/media?parent=404"}],"curies":[{"name":"wp","href":"https:\/\/api.w.org\/{rel}","templated":true}]}}