{"id":40,"date":"2025-04-04T14:39:23","date_gmt":"2025-04-04T14:39:23","guid":{"rendered":"https:\/\/dicotron.avta.mx\/?page_id=40"},"modified":"2025-11-01T00:06:33","modified_gmt":"2025-11-01T00:06:33","slug":"consejos-sobre-baterias","status":"publish","type":"page","link":"https:\/\/dicotron.com\/web\/consejos-sobre-baterias\/","title":{"rendered":"Consejos sobre bater\u00edas"},"content":{"rendered":"<p>[et_pb_section fb_built=&#8221;1&#8243; disabled_on=&#8221;on|on|off&#8221; module_class=&#8221;hme_support_gray_section&#8221; _builder_version=&#8221;4.27.4&#8243; _module_preset=&#8221;default&#8221; background_color=&#8221;#eeeeee&#8221; custom_padding=&#8221;0px||3px|||&#8221; custom_css_free_form=&#8221;.home-card-title :hover{||  \tcolor:#1584cd;||}||.hme_support_gray_section{||    overflow: visible !important;||    position: relative; ||    z-index: auto;||}&#8221; box_shadow_style=&#8221;preset1&#8243; box_shadow_spread=&#8221;-9px&#8221; box_shadow_color=&#8221;#000000&#8243; global_colors_info=&#8221;{}&#8221;][et_pb_row column_structure=&#8221;1_2,1_2&#8243; _builder_version=&#8221;4.27.4&#8243; _module_preset=&#8221;default&#8221; custom_padding=&#8221;||0px|||&#8221; global_colors_info=&#8221;{}&#8221;][et_pb_column type=&#8221;1_2&#8243; _builder_version=&#8221;4.27.4&#8243; _module_preset=&#8221;default&#8221; global_colors_info=&#8221;{}&#8221;][et_pb_text _builder_version=&#8221;4.27.4&#8243; _module_preset=&#8221;default&#8221; global_colors_info=&#8221;{}&#8221;]<\/p>\n<h3>\nSoporte HME<br \/>\n<\/h3>\n<p>[\/et_pb_text][\/et_pb_column][et_pb_column type=&#8221;1_2&#8243; _builder_version=&#8221;4.27.4&#8243; _module_preset=&#8221;default&#8221; global_colors_info=&#8221;{}&#8221;][et_pb_text module_class=&#8221;home-card-title&#8221; _builder_version=&#8221;4.27.4&#8243; _module_preset=&#8221;default&#8221; custom_padding=&#8221;||0px|||&#8221; global_colors_info=&#8221;{}&#8221;]<\/p>\n<div style=\"display: flex; gap: 20px;\">\n<h3><a href=\"https:\/\/dicotron.com\/web\/solicitar-una-etiqueta-de-envio-gratuita\/\">Env\u00ede su reparaci\u00f3n<\/a><\/h3>\n<h3><a href=\"https:\/\/www.hme.com\/account\/?_gl=1*37gamt*_gcl_au*MTY2MTIyNDI0Mi4xNzQzNzc4ODEz\" target=\"_blank\" rel=\"nofollow noopener\">Inicio de sesi\u00f3n<i style=\"font-size: 12px;\" class=\"fa fa-external-link\"><\/i><\/a><\/h3>\n<\/div>\n<p>[\/et_pb_text][\/et_pb_column][\/et_pb_row][\/et_pb_section][et_pb_section fb_built=&#8221;1&#8243; disabled_on=&#8221;off|off|on&#8221; admin_label=&#8221;Section&#8221; _builder_version=&#8221;4.27.4&#8243; _module_preset=&#8221;default&#8221; background_color=&#8221;#302c34&#8243; custom_padding=&#8221;0px||0px|||&#8221; global_colors_info=&#8221;{}&#8221;][et_pb_row _builder_version=&#8221;4.27.4&#8243; _module_preset=&#8221;default&#8221; custom_padding=&#8221;15px||0px|||&#8221; global_colors_info=&#8221;{}&#8221;][et_pb_column type=&#8221;4_4&#8243; _builder_version=&#8221;4.27.4&#8243; _module_preset=&#8221;default&#8221; global_colors_info=&#8221;{}&#8221;][et_pb_text _builder_version=&#8221;4.27.4&#8243; _module_preset=&#8221;default&#8221; global_colors_info=&#8221;{}&#8221;]<\/p>\n<h2 style=\"font-size: 1.25em;\n    font-weight: 700;color: white; text-align:center\"><br \/>\nSoporte HME<br \/>\n<\/h2>\n<p>[\/et_pb_text][\/et_pb_column][\/et_pb_row][\/et_pb_section][et_pb_section fb_built=&#8221;1&#8243; disabled_on=&#8221;off|off|on&#8221; _builder_version=&#8221;4.27.4&#8243; _module_preset=&#8221;default&#8221; background_color=&#8221;#605c5c&#8221; height=&#8221;20%&#8221; custom_padding=&#8221;0px||0px|||&#8221; global_colors_info=&#8221;{}&#8221;][et_pb_row _builder_version=&#8221;4.27.4&#8243; _module_preset=&#8221;default&#8221; custom_padding=&#8221;5px||0px|||&#8221; global_colors_info=&#8221;{}&#8221;][et_pb_column type=&#8221;4_4&#8243; _builder_version=&#8221;4.27.4&#8243; _module_preset=&#8221;default&#8221; global_colors_info=&#8221;{}&#8221;][et_pb_text content_tablet=&#8221;<\/p>\n<div style=%22display: flex; gap: 10px; align-items: top;%22>\n<h4 style=%22color: white; text-align: center;%22><a href=%22\/dicotron\/?page_id=712%22 style=%22font-size: 12px;%22>            Env\u00ede su reparaci\u00f3n<br \/><\/a><\/h4>\n<h4 style=%22color: white; text-align: center;%22><\/h4>\n<h4 style=%22color: white; text-align: center;%22><\/h4>\n<h4 style=%22color: white; text-align: center;%22><a style=%22font-size: 12px;%22 href=%22https:\/\/www.hme.com\/account\/?_gl=1*37gamt*_gcl_au*MTY2MTIyNDI0Mi4xNzQzNzc4ODEz%22 data-et-target-link=%22_blank%22 rel=%22nofollow noopener%22>Inicio de sesi\u00f3n<i style=%22font-size: 12px;%22 class=%22fa fa-external-link%22><\/i><\/a><\/h4>\n<\/div>\n<p>&#8221; content_phone=&#8221;<\/p>\n<div style=%22display: flex; gap: 10px; align-items: top;%22>\n<h4 style=%22color: white; text-align: center;%22><a href=%22\/dicotron\/?page_id=712%22 style=%22font-size: 12px;%22>            Env\u00ede su reparaci\u00f3n<br \/><\/a><\/h4>\n<h4 style=%22color: white; text-align: center;%22><\/h4>\n<h4 style=%22color: white; text-align: center;%22><\/h4>\n<h4 style=%22color: white; text-align: center;%22><a style=%22font-size: 12px;%22 href=%22https:\/\/www.hme.com\/account\/?_gl=1*37gamt*_gcl_au*MTY2MTIyNDI0Mi4xNzQzNzc4ODEz%22 data-et-target-link=%22_blank%22 rel=%22nofollow noopener%22>Inicio de sesi\u00f3n<i style=%22font-size: 12px;%22 class=%22fa fa-external-link%22><\/i><\/a><\/h4>\n<\/div>\n<p>&#8221; content_last_edited=&#8221;on|tablet&#8221; module_class=&#8221;textmobilecontainer&#8221; _builder_version=&#8221;4.27.4&#8243; _module_preset=&#8221;default&#8221; height=&#8221;25px&#8221; custom_padding=&#8221;0px||0px|||&#8221; global_colors_info=&#8221;{}&#8221;]<\/p>\n<div style=\"display: flex; gap: 10px; align-items: top;\">\n<h4 style=\"color: white;\"><a href=\"https:\/\/dicotron.com\/web\/solicitar-una-etiqueta-de-envio-gratuita\/\" style=\"font-size: 12px;\">\u00a0 \u00a0 \u00a0 \u00a0 \u00a0 \u00a0 Env\u00ede su reparaci\u00f3n<br \/><\/a><\/h4>\n<h4 style=\"color: white;\"><\/h4>\n<h4 style=\"color: white;\"><\/h4>\n<h4 style=\"color: white;\"><a style=\"font-size: 12px;\" href=\"https:\/\/www.hme.com\/account\/?_gl=1*37gamt*_gcl_au*MTY2MTIyNDI0Mi4xNzQzNzc4ODEz\" target=\"_blank\" rel=\"nofollow noopener\">Inicio de sesi\u00f3n<i style=\"font-size: 12px;\" class=\"fa fa-external-link\"><\/i><\/a><\/h4>\n<\/div>\n<p>[\/et_pb_text][\/et_pb_column][\/et_pb_row][\/et_pb_section][et_pb_section fb_built=&#8221;1&#8243; _builder_version=&#8221;4.27.4&#8243; _module_preset=&#8221;default&#8221; global_colors_info=&#8221;{}&#8221;][et_pb_row _builder_version=&#8221;4.27.4&#8243; _module_preset=&#8221;default&#8221; global_colors_info=&#8221;{}&#8221;][et_pb_column type=&#8221;4_4&#8243; _builder_version=&#8221;4.27.4&#8243; _module_preset=&#8221;default&#8221; global_colors_info=&#8221;{}&#8221;][et_pb_text _builder_version=&#8221;4.27.4&#8243; _module_preset=&#8221;default&#8221; global_colors_info=&#8221;{}&#8221;]<\/p>\n<h1>CONSEJOS PARA BATER\u00cdAS HME<\/h1>\n<p>[\/et_pb_text][\/et_pb_column][\/et_pb_row][\/et_pb_section][et_pb_section fb_built=&#8221;1&#8243; _builder_version=&#8221;4.27.4&#8243; _module_preset=&#8221;default&#8221; global_colors_info=&#8221;{}&#8221;][et_pb_row _builder_version=&#8221;4.27.4&#8243; _module_preset=&#8221;default&#8221; global_colors_info=&#8221;{}&#8221;][et_pb_column type=&#8221;4_4&#8243; _builder_version=&#8221;4.27.4&#8243; _module_preset=&#8221;default&#8221; global_colors_info=&#8221;{}&#8221;][et_pb_text _builder_version=&#8221;4.27.4&#8243; _module_preset=&#8221;default&#8221; global_colors_info=&#8221;{}&#8221;]<\/p>\n<div class=\"section-title\">\n<h2 style=\"text-align: center; font-size: 1.85em;\">Alarga la vida de tu bater\u00eda<\/h2>\n<p><span style=\"color: #000000;\">Las bater\u00edas son una parte importante de su sistema de auriculares y deben cuidarse adecuadamente. Si realiza algunas tareas de mantenimiento preventivo, conseguir\u00e1 que las pilas funcionen durante m\u00e1s tiempo y que los auriculares funcionen con claridad para que usted pueda centrarse en su tienda y no en su equipo.<\/span><\/p>\n<\/div>\n<p>[\/et_pb_text][et_pb_image src=&#8221;https:\/\/dicotron.avta.mx\/wp-content\/uploads\/2025\/05\/hme-tech-support-batttery-tips-supercharge.png&#8221; title_text=&#8221;hme-tech-support-batttery-tips-supercharge&#8221; align=&#8221;center&#8221; _builder_version=&#8221;4.27.4&#8243; _module_preset=&#8221;default&#8221; global_colors_info=&#8221;{}&#8221;][\/et_pb_image][\/et_pb_column][\/et_pb_row][\/et_pb_section][et_pb_section fb_built=&#8221;1&#8243; admin_label=&#8221;Section&#8221; _builder_version=&#8221;4.27.4&#8243; _module_preset=&#8221;default&#8221; global_colors_info=&#8221;{}&#8221;][et_pb_row _builder_version=&#8221;4.27.4&#8243; _module_preset=&#8221;default&#8221; global_colors_info=&#8221;{}&#8221;][et_pb_column type=&#8221;4_4&#8243; _builder_version=&#8221;4.27.4&#8243; _module_preset=&#8221;default&#8221; global_colors_info=&#8221;{}&#8221;][et_pb_text _builder_version=&#8221;4.27.4&#8243; _module_preset=&#8221;default&#8221; global_colors_info=&#8221;{}&#8221;]<\/p>\n<h2 style=\"text-align: center;\"><span style=\"color: #000000;\">Consejos de HME para el mantenimiento preventivo de las bater\u00edas<\/span><\/h2>\n<p>[\/et_pb_text][\/et_pb_column][\/et_pb_row][et_pb_row column_structure=&#8221;1_2,1_2&#8243; _builder_version=&#8221;4.27.4&#8243; _module_preset=&#8221;default&#8221; custom_padding=&#8221;||0px|||&#8221; global_colors_info=&#8221;{}&#8221;][et_pb_column type=&#8221;1_2&#8243; module_class=&#8221;column-vertical&#8221; _builder_version=&#8221;4.27.4&#8243; _module_preset=&#8221;default&#8221; custom_css_free_form=&#8221;.column-vertical{||  display: flex;||  align-content: flex-start;||}&#8221; global_colors_info=&#8221;{}&#8221;][et_pb_image src=&#8221;https:\/\/dicotron.com\/web\/wp-content\/uploads\/2025\/05\/hme-tech-support-battery-tips-battery-charging-basics-icon.png&#8221; title_text=&#8221;hme-tech-support-battery-tips-battery-charging-basics-icon&#8221; _builder_version=&#8221;4.27.4&#8243; _module_preset=&#8221;default&#8221; hover_enabled=&#8221;0&#8243; global_colors_info=&#8221;{}&#8221; sticky_enabled=&#8221;0&#8243;][\/et_pb_image][et_pb_text _builder_version=&#8221;4.27.4&#8243; _module_preset=&#8221;default&#8221; custom_padding=&#8221;||0px|||&#8221; global_colors_info=&#8221;{}&#8221;]<\/p>\n<h2 style=\"font-size: 21px\">Aspectos b\u00e1sicos de la carga de bater\u00edas<\/h2>\n<p>[\/et_pb_text][\/et_pb_column][et_pb_column type=&#8221;1_2&#8243; module_class=&#8221;column-vertical&#8221; _builder_version=&#8221;4.27.4&#8243; _module_preset=&#8221;default&#8221; custom_css_free_form=&#8221;.column-vertical{||  display: flex;||  align-content: flex-start;||}&#8221; global_colors_info=&#8221;{}&#8221;][et_pb_image src=&#8221;https:\/\/dicotron.com\/web\/wp-content\/uploads\/2025\/05\/Alcohol-Icon.jpg&#8221; title_text=&#8221;Alcohol-Icon&#8221; _builder_version=&#8221;4.27.4&#8243; _module_preset=&#8221;default&#8221; hover_enabled=&#8221;0&#8243; global_colors_info=&#8221;{}&#8221; sticky_enabled=&#8221;0&#8243;][\/et_pb_image][et_pb_text _builder_version=&#8221;4.27.4&#8243; _module_preset=&#8221;default&#8221; global_colors_info=&#8221;{}&#8221;]<\/p>\n<h2 style=\"font-size: 21px;\">C\u00f3mo limpiar los contactos de la bater\u00eda<\/h2>\n<p>[\/et_pb_text][\/et_pb_column][\/et_pb_row][et_pb_row column_structure=&#8221;1_2,1_2&#8243; _builder_version=&#8221;4.27.4&#8243; _module_preset=&#8221;default&#8221; custom_padding=&#8221;0px|||||&#8221; global_colors_info=&#8221;{}&#8221;][et_pb_column type=&#8221;1_2&#8243; _builder_version=&#8221;4.27.4&#8243; _module_preset=&#8221;default&#8221; global_colors_info=&#8221;{}&#8221;][et_pb_text _builder_version=&#8221;4.27.4&#8243; _module_preset=&#8221;default&#8221; global_colors_info=&#8221;{}&#8221;]<\/p>\n<p><span style=\"color: #000000;\">No sobrecargue las bater\u00edas. No es necesario cargar las bater\u00edas despu\u00e9s de cada turno, sino s\u00f3lo cuando la carga est\u00e9 casi agotada. Para mantener la carga de la bater\u00eda durante m\u00e1s tiempo, apague los auriculares antes de guardarlos. Si las bater\u00edas no se cargan correctamente, es posible que deban limpiarse.<\/span><\/p>\n<p>[\/et_pb_text][\/et_pb_column][et_pb_column type=&#8221;1_2&#8243; _builder_version=&#8221;4.27.4&#8243; _module_preset=&#8221;default&#8221; global_colors_info=&#8221;{}&#8221;][et_pb_text _builder_version=&#8221;4.27.4&#8243; _module_preset=&#8221;default&#8221; global_colors_info=&#8221;{}&#8221;]<\/p>\n<p><span style=\"color: #000000;\">Mantener las pilas limpias reducir\u00e1 la electricidad est\u00e1tica y har\u00e1 que funcionen durante m\u00e1s tiempo.<\/span><\/p>\n<p><span style=\"color: #000000;\">1.Humedece un bastoncillo de algod\u00f3n con alcohol.<\/span><br \/><span style=\"color: #000000;\">2.Aseg\u00farese de que el cargador de bater\u00edas est\u00e1 desenchufado.<\/span><br \/><span style=\"color: #000000;\">3.Limpie los contactos de la pila, el auricular\/belt-pac y el cargador de pilas.<\/span><\/p>\n<p>[\/et_pb_text][\/et_pb_column][\/et_pb_row][\/et_pb_section][et_pb_section fb_built=&#8221;1&#8243; _builder_version=&#8221;4.27.4&#8243; _module_preset=&#8221;default&#8221; background_color=&#8221;#eeeeee&#8221; global_colors_info=&#8221;{}&#8221;][et_pb_row column_structure=&#8221;1_2,1_2&#8243; _builder_version=&#8221;4.27.4&#8243; _module_preset=&#8221;default&#8221; global_colors_info=&#8221;{}&#8221;][et_pb_column type=&#8221;1_2&#8243; _builder_version=&#8221;4.27.4&#8243; _module_preset=&#8221;default&#8221; global_colors_info=&#8221;{}&#8221;][et_pb_text _builder_version=&#8221;4.27.4&#8243; _module_preset=&#8221;default&#8221; global_colors_info=&#8221;{}&#8221;]<\/p>\n<div class=\"col-md-5 battery-tips-quality-lowest-prices\" style=\"\">\n<h2>\u00bfNecesita pilas nuevas?<\/h2>\n<p>Haz tu pedido hoy mismo:<a href=\"https:\/\/store.hme.com\/\" target=\"_blank\">Comprar Accesorios<\/a><\/p>\n<\/p><\/div>\n<p>[\/et_pb_text][\/et_pb_column][et_pb_column type=&#8221;1_2&#8243; _builder_version=&#8221;4.27.4&#8243; _module_preset=&#8221;default&#8221; global_colors_info=&#8221;{}&#8221;][et_pb_image src=&#8221;https:\/\/dicotron.com\/web\/wp-content\/uploads\/2025\/05\/hme-tech-support-battery-tips-busted-battery.png&#8221; title_text=&#8221;hme-tech-support-battery-tips-busted-battery&#8221; _builder_version=&#8221;4.27.4&#8243; _module_preset=&#8221;default&#8221; hover_enabled=&#8221;0&#8243; global_colors_info=&#8221;{}&#8221; sticky_enabled=&#8221;0&#8243;][\/et_pb_image][\/et_pb_column][\/et_pb_row][\/et_pb_section][et_pb_section fb_built=&#8221;1&#8243; admin_label=&#8221;Section&#8221; _builder_version=&#8221;4.27.4&#8243; _module_preset=&#8221;default&#8221; locked=&#8221;off&#8221; global_colors_info=&#8221;{}&#8221;][et_pb_row column_structure=&#8221;1_2,1_2&#8243; _builder_version=&#8221;4.27.4&#8243; _module_preset=&#8221;default&#8221; custom_padding=&#8221;||0px|||&#8221; global_colors_info=&#8221;{}&#8221;][et_pb_column type=&#8221;1_2&#8243; module_class=&#8221;column-vertical&#8221; _builder_version=&#8221;4.27.4&#8243; _module_preset=&#8221;default&#8221; custom_css_free_form=&#8221;.column-vertical{||  display: flex;||  align-content: flex-start;||}&#8221; global_colors_info=&#8221;{}&#8221;][et_pb_image src=&#8221;https:\/\/dicotron.com\/web\/wp-content\/uploads\/2025\/05\/Recycling-Icon.jpg&#8221; title_text=&#8221;Recycling-Icon&#8221; _builder_version=&#8221;4.27.4&#8243; _module_preset=&#8221;default&#8221; hover_enabled=&#8221;0&#8243; global_colors_info=&#8221;{}&#8221; sticky_enabled=&#8221;0&#8243;][\/et_pb_image][et_pb_text _builder_version=&#8221;4.27.4&#8243; _module_preset=&#8221;default&#8221; custom_padding=&#8221;||0px|||&#8221; global_colors_info=&#8221;{}&#8221;]<\/p>\n<h2 style=\"font-size: 21px;\">Recicle y sustituya sus pilas si:<\/h2>\n<p>[\/et_pb_text][\/et_pb_column][et_pb_column type=&#8221;1_2&#8243; module_class=&#8221;column-vertical&#8221; _builder_version=&#8221;4.27.4&#8243; _module_preset=&#8221;default&#8221; custom_css_free_form=&#8221;.column-vertical{||  display: flex;||  align-content: flex-start;||}&#8221; global_colors_info=&#8221;{}&#8221;][et_pb_image src=&#8221;https:\/\/dicotron.com\/web\/wp-content\/uploads\/2025\/05\/Battery-Back.jpg&#8221; title_text=&#8221;Battery-Back&#8221; _builder_version=&#8221;4.27.4&#8243; _module_preset=&#8221;default&#8221; hover_enabled=&#8221;0&#8243; global_colors_info=&#8221;{}&#8221; sticky_enabled=&#8221;0&#8243;][\/et_pb_image][et_pb_text _builder_version=&#8221;4.27.4&#8243; _module_preset=&#8221;default&#8221; global_colors_info=&#8221;{}&#8221;]<\/p>\n<h2 style=\"font-size: 21px;\">C\u00f3mo leer el c\u00f3digo de fecha de las pilas<\/h2>\n<p>[\/et_pb_text][\/et_pb_column][\/et_pb_row][et_pb_row column_structure=&#8221;1_2,1_2&#8243; _builder_version=&#8221;4.27.4&#8243; _module_preset=&#8221;default&#8221; custom_padding=&#8221;0px|||||&#8221; global_colors_info=&#8221;{}&#8221;][et_pb_column type=&#8221;1_2&#8243; _builder_version=&#8221;4.27.4&#8243; _module_preset=&#8221;default&#8221; global_colors_info=&#8221;{}&#8221;][et_pb_text _builder_version=&#8221;4.27.4&#8243; _module_preset=&#8221;default&#8221; global_colors_info=&#8221;{}&#8221;]<span style=\"color: #000000;\">1. Oyes constantemente demasiada est\u00e1tica en el auricular.<br \/>\n2. Las pilas s\u00f3lo duran 2 horas o menos entre carga y carga.<br \/>\n3. El auricular s\u00f3lo funciona a corta distancia de la estaci\u00f3n base.<br \/>\n4. El c\u00f3digo de fecha en la parte posterior de las bater\u00edas es de 18 a 24 meses o m\u00e1s.<br \/>\nAseg\u00farate de reciclar las pilas en tu centro local de reciclaje de productos electr\u00f3nicos.<\/span>[\/et_pb_text][\/et_pb_column][et_pb_column type=&#8221;1_2&#8243; _builder_version=&#8221;4.27.4&#8243; _module_preset=&#8221;default&#8221; global_colors_info=&#8221;{}&#8221;][et_pb_text _builder_version=&#8221;4.27.4&#8243; _module_preset=&#8221;default&#8221; global_colors_info=&#8221;{}&#8221;]<span style=\"color: #000000;\">1. Localice la pegatina en la parte posterior de su bater\u00eda.<br \/>\n2. El c\u00f3digo de fecha se encuentra en la esquina superior derecha de la pegatina.<br \/>\n3. El c\u00f3digo de fecha tendr\u00e1 un aspecto similar al siguiente Y12JAN 3725.<br \/>\n4. En el c\u00f3digo de fecha, 12JAN = enero de 2012. Este es el mes y el a\u00f1o en que se fabric\u00f3 su bater\u00eda.<\/span>[\/et_pb_text][\/et_pb_column][\/et_pb_row][\/et_pb_section]<\/p>\n","protected":false},"excerpt":{"rendered":"<p>Soporte HME Env\u00ede su reparaci\u00f3n Inicio de sesi\u00f3n Soporte HME \u00a0 \u00a0 \u00a0 \u00a0 \u00a0 \u00a0 Env\u00ede su reparaci\u00f3n Inicio de sesi\u00f3n CONSEJOS PARA BATER\u00cdAS HME Alarga la vida de tu bater\u00eda Las bater\u00edas son una parte importante de su sistema de auriculares y deben cuidarse adecuadamente. Si realiza algunas tareas de mantenimiento preventivo, conseguir\u00e1 [&hellip;]<\/p>\n","protected":false},"author":1,"featured_media":0,"parent":0,"menu_order":0,"comment_status":"closed","ping_status":"closed","template":"","meta":{"_et_pb_use_builder":"on","_et_pb_old_content":"","_et_gb_content_width":"","footnotes":""},"class_list":["post-40","page","type-page","status-publish","hentry"],"_links":{"self":[{"href":"https:\/\/dicotron.com\/web\/wp-json\/wp\/v2\/pages\/40","targetHints":{"allow":["GET"]}}],"collection":[{"href":"https:\/\/dicotron.com\/web\/wp-json\/wp\/v2\/pages"}],"about":[{"href":"https:\/\/dicotron.com\/web\/wp-json\/wp\/v2\/types\/page"}],"author":[{"embeddable":true,"href":"https:\/\/dicotron.com\/web\/wp-json\/wp\/v2\/users\/1"}],"replies":[{"embeddable":true,"href":"https:\/\/dicotron.com\/web\/wp-json\/wp\/v2\/comments?post=40"}],"version-history":[{"count":6,"href":"https:\/\/dicotron.com\/web\/wp-json\/wp\/v2\/pages\/40\/revisions"}],"predecessor-version":[{"id":2546,"href":"https:\/\/dicotron.com\/web\/wp-json\/wp\/v2\/pages\/40\/revisions\/2546"}],"wp:attachment":[{"href":"https:\/\/dicotron.com\/web\/wp-json\/wp\/v2\/media?parent=40"}],"curies":[{"name":"wp","href":"https:\/\/api.w.org\/{rel}","templated":true}]}}