{"id":380,"date":"2025-05-01T18:06:33","date_gmt":"2025-05-01T18:06:33","guid":{"rendered":"https:\/\/dicotron.avta.mx\/?page_id=380"},"modified":"2025-10-31T21:24:28","modified_gmt":"2025-10-31T21:24:28","slug":"crece-tu-negocio","status":"publish","type":"page","link":"https:\/\/dicotron.com\/web\/crece-tu-negocio\/","title":{"rendered":"Crece tu negocio"},"content":{"rendered":"<p>[et_pb_section fb_built=&#8221;1&#8243; disabled_on=&#8221;on|on|off&#8221; module_class=&#8221;hme_support_gray_section&#8221; _builder_version=&#8221;4.27.4&#8243; _module_preset=&#8221;default&#8221; background_color=&#8221;#eeeeee&#8221; custom_padding=&#8221;0px||3px|||&#8221; custom_css_free_form=&#8221;.home-card-title :hover{||  \tcolor:#1584cd;||}||.hme_support_gray_section{||    overflow: visible !important;||    position: relative; ||    z-index: auto;||}&#8221; box_shadow_style=&#8221;preset1&#8243; box_shadow_spread=&#8221;-9px&#8221; box_shadow_color=&#8221;#000000&#8243; global_colors_info=&#8221;{}&#8221;][et_pb_row column_structure=&#8221;1_2,1_2&#8243; _builder_version=&#8221;4.27.4&#8243; _module_preset=&#8221;default&#8221; custom_padding=&#8221;||0px|||&#8221; global_colors_info=&#8221;{}&#8221;][et_pb_column type=&#8221;1_2&#8243; _builder_version=&#8221;4.27.4&#8243; _module_preset=&#8221;default&#8221; global_colors_info=&#8221;{}&#8221;][et_pb_text _builder_version=&#8221;4.27.4&#8243; _module_preset=&#8221;default&#8221; global_colors_info=&#8221;{}&#8221;]<\/p>\n<p><strong><a style=\"color: #444; font-size: 1.35em; text-align: left;\" href=\"https:\/\/dicotron.com\/web\/crece-tu-negocio\/\">Haz Crecer Tu Negocio<\/a><\/strong><\/p>\n<p>[\/et_pb_text][\/et_pb_column][et_pb_column type=&#8221;1_2&#8243; module_class=&#8221;column-vertical&#8221; _builder_version=&#8221;4.27.4&#8243; _module_preset=&#8221;default&#8221; custom_css_free_form=&#8221;.column-vertical{||  display: flex;||  align-content: center;||}&#8221; global_colors_info=&#8221;{}&#8221;][et_pb_text module_class=&#8221;home-card-title&#8221; _builder_version=&#8221;4.27.4&#8243; _module_preset=&#8221;default&#8221; custom_padding=&#8221;||0px|||&#8221; custom_css_free_form=&#8221;.grow_your_business_element{||\tcolor: black !important;||}||||.grow_your_business_element:hover {||\tcolor: #1584cd;||}||.grow_your_business_element .active{||\tcolor: #1584cd ;||}||&#8221; global_colors_info=&#8221;{}&#8221;]<\/p>\n<div style=\"display: flex; align-items: center; gap: 20px; flex-wrap: nowrap; white-space: nowrap;\"><strong><a class=\"grow_your_business_element\" style=\"font-size: 1.35em; text-align: left;\" href=\"https:\/\/dicotron.com\/web\/agregar-un-servicio-drive-thru\/\">Agregar Auto Servicio<\/a><\/strong><br \/><strong><a class=\"grow_your_business_element\" style=\"font-size: 1.24em; text-align: left;\" href=\"https:\/\/dicotron.com\/web\/optimiza-mi-autoservicio\/\">Optimizar AutoServicio<\/a><\/strong><br \/><strong><a class=\"grow_your_business_element\" style=\"font-size: 1.35em; text-align: left;\" href=\"https:\/\/dicotron.com\/web\/entrega-en-la-acera-y-para-llevar\/\">Entrega en la Acera y Para Llevar<\/a><\/strong><\/div>\n<p>[\/et_pb_text][\/et_pb_column][\/et_pb_row][\/et_pb_section][et_pb_section fb_built=&#8221;1&#8243; disabled_on=&#8221;off|off|on&#8221; admin_label=&#8221;Section&#8221; _builder_version=&#8221;4.27.4&#8243; _module_preset=&#8221;default&#8221; background_color=&#8221;#302c34&#8243; custom_padding=&#8221;0px||0px|||&#8221; global_colors_info=&#8221;{}&#8221;][et_pb_row _builder_version=&#8221;4.27.4&#8243; _module_preset=&#8221;default&#8221; custom_padding=&#8221;15px||0px|||&#8221; global_colors_info=&#8221;{}&#8221;][et_pb_column type=&#8221;4_4&#8243; _builder_version=&#8221;4.27.4&#8243; _module_preset=&#8221;default&#8221; global_colors_info=&#8221;{}&#8221;][et_pb_text _builder_version=&#8221;4.27.4&#8243; _module_preset=&#8221;default&#8221; global_colors_info=&#8221;{}&#8221;]<\/p>\n<h2 style=\"font-size: 1.25em; font-weight: bold; color: white; text-align: center;\">Haz Crecer Tu Negocio<\/h2>\n<p>[\/et_pb_text][\/et_pb_column][\/et_pb_row][\/et_pb_section][et_pb_section fb_built=&#8221;1&#8243; disabled_on=&#8221;off|off|on&#8221; _builder_version=&#8221;4.27.4&#8243; _module_preset=&#8221;default&#8221; background_color=&#8221;#605c5c&#8221; height=&#8221;20%&#8221; custom_padding=&#8221;0px||0px|||&#8221; global_colors_info=&#8221;{}&#8221;][et_pb_row _builder_version=&#8221;4.27.4&#8243; _module_preset=&#8221;default&#8221; custom_padding=&#8221;5px||0px|||&#8221; global_colors_info=&#8221;{}&#8221;][et_pb_column type=&#8221;4_4&#8243; _builder_version=&#8221;4.27.4&#8243; _module_preset=&#8221;default&#8221; global_colors_info=&#8221;{}&#8221;][et_pb_text content_tablet=&#8221;<\/p>\n<div style=%22display: flex; gap: 10px; align-items: top;%22>\n<h4 style=%22color: white; text-align: center;%22><a href=%22\/dicotron\/?page_id=712%22 style=%22font-size: 12px;%22>            Env\u00ede su reparaci\u00f3n<br \/><\/a><\/h4>\n<h4 style=%22color: white; text-align: center;%22><\/h4>\n<h4 style=%22color: white; text-align: center;%22><\/h4>\n<h4 style=%22color: white; text-align: center;%22><a style=%22font-size: 12px;%22 href=%22https:\/\/www.hme.com\/account\/?_gl=1*37gamt*_gcl_au*MTY2MTIyNDI0Mi4xNzQzNzc4ODEz%22 data-et-target-link=%22_blank%22 rel=%22nofollow noopener%22>Inicio de sesi\u00f3n<i style=%22font-size: 12px;%22 class=%22fa fa-external-link%22><\/i><\/a><\/h4>\n<\/div>\n<p>&#8221; content_phone=&#8221;<\/p>\n<div style=%22display: flex; gap: 10px; align-items: top;%22>\n<h4 style=%22color: white; text-align: center;%22><a href=%22\/dicotron\/?page_id=712%22 style=%22font-size: 12px;%22>            Env\u00ede su reparaci\u00f3n<br \/><\/a><\/h4>\n<h4 style=%22color: white; text-align: center;%22><\/h4>\n<h4 style=%22color: white; text-align: center;%22><\/h4>\n<h4 style=%22color: white; text-align: center;%22><a style=%22font-size: 12px;%22 href=%22https:\/\/www.hme.com\/account\/?_gl=1*37gamt*_gcl_au*MTY2MTIyNDI0Mi4xNzQzNzc4ODEz%22 data-et-target-link=%22_blank%22 rel=%22nofollow noopener%22>Inicio de sesi\u00f3n<i style=%22font-size: 12px;%22 class=%22fa fa-external-link%22><\/i><\/a><\/h4>\n<\/div>\n<p>&#8221; content_last_edited=&#8221;on|tablet&#8221; module_class=&#8221;textmobilecontainer&#8221; _builder_version=&#8221;4.27.4&#8243; _module_preset=&#8221;default&#8221; height=&#8221;25px&#8221; custom_padding=&#8221;0px||0px|||&#8221; global_colors_info=&#8221;{}&#8221;]<\/p>\n<div style=\"display: flex;flex-wrap:nowrap; gap: 10px; align-items: top;\">\n<h4 style=\"color: white;\"><a href=\"https:\/\/dicotron.com\/web\/agregar-un-servicio-drive-thru\/\" style=\"font-size: 12px; color: white;\">Agregar Auto Servicio<\/a><\/h4>\n<h4 style=\"color: white;\"><a href=\"https:\/\/dicotron.com\/web\/optimiza-mi-autoservicio\/\" style=\"font-size: 12px; color: white;\">Optimizar AutoServicio<\/a><\/h4>\n<h4 style=\"color: white;\"><a href=\"https:\/\/dicotron.com\/web\/entrega-en-la-acera-y-para-llevar\/\" style=\"font-size: 12px; color: white;\">Entrega en la Acera y Para Llevar<\/a><\/h4>\n<\/div>\n<p>[\/et_pb_text][\/et_pb_column][\/et_pb_row][\/et_pb_section][et_pb_section fb_built=&#8221;1&#8243; disabled_on=&#8221;off|off|off&#8221; _builder_version=&#8221;4.27.4&#8243; _module_preset=&#8221;default&#8221; background_image=&#8221;https:\/\/dicotron.com\/web\/wp-content\/uploads\/2025\/05\/bnr-dte-contactless.jpg&#8221; height=&#8221;500px&#8221; hover_enabled=&#8221;0&#8243; background_last_edited=&#8221;on|desktop&#8221; background_image_tablet=&#8221;https:\/\/dicotron.avta.mx\/wp-content\/uploads\/2025\/05\/bnr-dte-contactless-m.jpg&#8221; background_enable_image_tablet=&#8221;on&#8221; global_colors_info=&#8221;{}&#8221; title_text=&#8221;bnr-dte-contactless&#8221; sticky_enabled=&#8221;0&#8243;][et_pb_row _builder_version=&#8221;4.27.4&#8243; _module_preset=&#8221;default&#8221; custom_padding=&#8221;61px|||||&#8221; global_colors_info=&#8221;{}&#8221;][et_pb_column type=&#8221;4_4&#8243; _builder_version=&#8221;4.27.4&#8243; _module_preset=&#8221;default&#8221; global_colors_info=&#8221;{}&#8221;][et_pb_text _builder_version=&#8221;4.27.4&#8243; _module_preset=&#8221;default&#8221; custom_margin=&#8221;76px|||||&#8221; global_colors_info=&#8221;{}&#8221;]<\/p>\n<div class=\"bnr-header\" style=\"        max-width: 100%;\n        width: 50%;\"><\/p>\n<h1 style=\"font-size: 2.5em\">HAGA CRECER SU<br class=\"d-none d-block-md\">NEGOCIO DE RESTAURANTE<\/h1>\n<\/p><\/div>\n<p>[\/et_pb_text][\/et_pb_column][\/et_pb_row][\/et_pb_section][et_pb_section fb_built=&#8221;1&#8243; _builder_version=&#8221;4.27.4&#8243; _module_preset=&#8221;default&#8221; border_width_bottom=&#8221;1px&#8221; border_color_bottom=&#8221;#bfbfbf&#8221; global_colors_info=&#8221;{}&#8221;][et_pb_row _builder_version=&#8221;4.27.4&#8243; _module_preset=&#8221;default&#8221; global_colors_info=&#8221;{}&#8221;][et_pb_column type=&#8221;4_4&#8243; _builder_version=&#8221;4.27.4&#8243; _module_preset=&#8221;default&#8221; global_colors_info=&#8221;{}&#8221;][et_pb_text _builder_version=&#8221;4.27.4&#8243; _module_preset=&#8221;default&#8221; global_colors_info=&#8221;{}&#8221;]<\/p>\n<div class=\"col-12\" style=\"flex: 0 0 auto; width: 100%;\">\n<h2 class=\"center\" style=\"font-size: 1.85em; text-align: center;\">Mejore Y Haga Crecer Su Restaurante<\/h2>\n<p style=\"font-size: 15px; margin-bottom: 2em; color: black; line-height: 1.6;\">Cada vez son m\u00e1s los clientes que optan por la comodidad de las opciones para llevar, como la recogida en la acera y el autoservicio directo. Los restaurantes que a\u00fan no ofrecen estas opciones est\u00e1n perdiendo un n\u00famero significativo de ventas. Si es su caso, nos alegramos de que nos haya encontrado. Si necesita ayuda para a\u00f1adir un drive-thru, mejorar su actual servicio drive-thru, o quiere mejorar su servicio de recogida en acera, nuestro equipo de expertos est\u00e1 preparado.<\/p>\n<\/div>\n<p>[\/et_pb_text][\/et_pb_column][\/et_pb_row][\/et_pb_section][et_pb_section fb_built=&#8221;1&#8243; _builder_version=&#8221;4.27.4&#8243; _module_preset=&#8221;default&#8221; global_colors_info=&#8221;{}&#8221;][et_pb_row _builder_version=&#8221;4.27.4&#8243; _module_preset=&#8221;default&#8221; global_colors_info=&#8221;{}&#8221;][et_pb_column type=&#8221;4_4&#8243; _builder_version=&#8221;4.27.4&#8243; _module_preset=&#8221;default&#8221; global_colors_info=&#8221;{}&#8221;][et_pb_text _builder_version=&#8221;4.27.4&#8243; _module_preset=&#8221;default&#8221; global_colors_info=&#8221;{}&#8221;]<\/p>\n<div class=\"col-12\" style=\"flex: 0 0 auto; width: 100%;\">\n<h2 class=\"center\" style=\"font-size: 1.85em; text-align: center;\">\u00bfC\u00f3mo est\u00e1 ampliando su negocio?<\/h2>\n<p>&nbsp;<\/p>\n<p style=\"font-size: 15px; margin-bottom: 2em; color: black; line-height: 1.6;\">Su \u00e9xito es nuestra m\u00e1xima prioridad. Tanto si desea a\u00f1adir un drive-thru, mejorar su negocio actual o buscar soluciones para la acera o para llevar, nuestros m\u00e1s de 40 a\u00f1os de experiencia en drive-thru est\u00e1n a su servicio. Nos comprometemos a ayudar a restaurantes como el suyo a alcanzar sus objetivos empresariales.<\/p>\n<\/div>\n<p>[\/et_pb_text][\/et_pb_column][\/et_pb_row][et_pb_row column_structure=&#8221;1_3,1_3,1_3&#8243; admin_label=&#8221;Row&#8221; _builder_version=&#8221;4.27.4&#8243; _module_preset=&#8221;default&#8221; custom_padding=&#8221;0px|||||&#8221; locked=&#8221;off&#8221; global_colors_info=&#8221;{}&#8221;][et_pb_column type=&#8221;1_3&#8243; _builder_version=&#8221;4.27.4&#8243; _module_preset=&#8221;default&#8221; global_colors_info=&#8221;{}&#8221;][et_pb_image src=&#8221;https:\/\/dicotron.avta.mx\/wp-content\/uploads\/2025\/04\/Add-a-Drive-Thru_Tile.jpg&#8221; title_text=&#8221;Add-a-Drive-Thru_Tile&#8221; _builder_version=&#8221;4.27.4&#8243; _module_preset=&#8221;default&#8221; global_colors_info=&#8221;{}&#8221;][\/et_pb_image][et_pb_text _builder_version=&#8221;4.27.4&#8243; _module_preset=&#8221;default&#8221; global_colors_info=&#8221;{}&#8221;]<\/p>\n<h3 class=\"home-card-title\"><strong><a href=\"\/dicotron\/?page_id=404\">Estoy agregando un drive-thru<\/a><\/strong><\/h3>\n<p><strong><\/strong><br \/><span style=\"color: #000000;\">En el drive-thru, cada detalle influye en la velocidad del servicio y en su cuenta de resultados. \u00bfSe pregunta en qu\u00e9 consiste la construcci\u00f3n de un carril drive-thru? Empiece con este resumen y p\u00f3ngase en contacto con nosotros para empezar.<\/span><\/p>\n<p style=\"text-align: left;\"><strong><\/strong><a href=\"https:\/\/dicotron.com\/web\/agregar-un-servicio-drive-thru\/\">Aprender m\u00e1s<\/a><\/p>\n<p>[\/et_pb_text][\/et_pb_column][et_pb_column type=&#8221;1_3&#8243; _builder_version=&#8221;4.27.4&#8243; _module_preset=&#8221;default&#8221; global_colors_info=&#8221;{}&#8221;][et_pb_image src=&#8221;https:\/\/dicotron.avta.mx\/wp-content\/uploads\/2025\/04\/Optimize-Drive-Thru_Tile.jpg&#8221; title_text=&#8221;Optimize-Drive-Thru_Tile&#8221; admin_label=&#8221;Image&#8221; _builder_version=&#8221;4.27.4&#8243; _module_preset=&#8221;default&#8221; global_colors_info=&#8221;{}&#8221;][\/et_pb_image][et_pb_text _builder_version=&#8221;4.27.4&#8243; _module_preset=&#8221;default&#8221; global_colors_info=&#8221;{}&#8221;]<\/p>\n<h3 class=\"home-card-title\"><strong><a href=\"\/dicotron\/?page_id=419\">Estoy optimizando mi drive-thru<\/a><\/strong><\/h3>\n<p style=\"text-align: left;\"><span style=\"color: #000000;\">En el drive-thru, cada detalle influye en la velocidad del servicio y en su cuenta de resultados. \u00bfSe pregunta en qu\u00e9 consiste la construcci\u00f3n de un carril drive-thru? Empiece con este resumen y p\u00f3ngase en contacto con nosotros para empezar.<\/span><\/p>\n<p style=\"text-align: left;\"><strong><\/strong><a href=\"https:\/\/dicotron.com\/web\/optimizar-mi-servicio-drive-thru\/\">Aprender m\u00e1s <\/a><\/p>\n<p>[\/et_pb_text][\/et_pb_column][et_pb_column type=&#8221;1_3&#8243; _builder_version=&#8221;4.27.4&#8243; _module_preset=&#8221;default&#8221; global_colors_info=&#8221;{}&#8221;][et_pb_image src=&#8221;https:\/\/dicotron.avta.mx\/wp-content\/uploads\/2025\/04\/Curbside-Carryout_Tile.jpg&#8221; title_text=&#8221;Curbside-Carryout_Tile&#8221; _builder_version=&#8221;4.27.4&#8243; _module_preset=&#8221;default&#8221; global_colors_info=&#8221;{}&#8221;][\/et_pb_image][et_pb_text _builder_version=&#8221;4.27.4&#8243; _module_preset=&#8221;default&#8221; global_colors_info=&#8221;{}&#8221;]<\/p>\n<h3 class=\"home-card-title\"><strong><a href=\"\/dicotron\/?page_id=254\">Estoy agregando en la acera y para llevar<\/a><\/strong><\/h3>\n<p style=\"text-align: left;\"><span style=\"color: #000000;\">La comida a domicilio y para llevar son s\u00f3lo dos de las opciones m\u00e1s populares hoy en d\u00eda. \u00bfConoce m\u00e1s? Consulte nuestros consejos y recomendaciones de productos para una gran variedad de soluciones.<\/span><\/p>\n<p style=\"text-align: left;\"><strong><\/strong><a href=\"https:\/\/dicotron.com\/web\/entrega-en-la-acera-y-para-llevar\/\">Aprender m\u00e1s <\/a><\/p>\n<p>[\/et_pb_text][\/et_pb_column][\/et_pb_row][\/et_pb_section][et_pb_section fb_built=&#8221;1&#8243; _builder_version=&#8221;4.27.4&#8243; _module_preset=&#8221;default&#8221; locked=&#8221;off&#8221; global_colors_info=&#8221;{}&#8221;][et_pb_row _builder_version=&#8221;4.27.4&#8243; _module_preset=&#8221;default&#8221; global_colors_info=&#8221;{}&#8221;][et_pb_column type=&#8221;4_4&#8243; _builder_version=&#8221;4.27.4&#8243; _module_preset=&#8221;default&#8221; global_colors_info=&#8221;{}&#8221;][et_pb_text _builder_version=&#8221;4.27.4&#8243; _module_preset=&#8221;default&#8221; custom_margin=&#8221;||5px|||&#8221; custom_padding=&#8221;||3px|||&#8221; global_colors_info=&#8221;{}&#8221;]<\/p>\n<h2 style=\"text-align: center;\"><b><br \/>\u00bfDesea optimizar sus operaciones QSR? Nosotros podemos ayudarle.<br \/><\/b><\/h2>\n<p>[\/et_pb_text][et_pb_button button_url=&#8221;https:\/\/hme.com\/qsr\/request-info-form\/?rl=https:\/\/hme.com\/qsr&#8221; button_text=&#8221;SOLICITAR INFORMACI\u00d3N&#8221; button_alignment=&#8221;center&#8221; _builder_version=&#8221;4.27.4&#8243; _module_preset=&#8221;default&#8221; custom_button=&#8221;on&#8221; button_text_color=&#8221;#FFFFFF&#8221; button_bg_color=&#8221;#de1d23&#8243; button_use_icon=&#8221;off&#8221; background_layout=&#8221;dark&#8221; global_colors_info=&#8221;{}&#8221; button_bg_color__hover_enabled=&#8221;on|hover&#8221; button_bg_color__hover=&#8221;#f71920&#8243; button_bg_enable_color__hover=&#8221;on&#8221;][\/et_pb_button][\/et_pb_column][\/et_pb_row][\/et_pb_section]<\/p>\n","protected":false},"excerpt":{"rendered":"<p>Haz Crecer Tu NegocioAgregar Auto ServicioOptimizar AutoServicioEntrega en la Acera y Para LlevarHaz Crecer Tu Negocio Agregar Auto Servicio Optimizar AutoServicio Entrega en la Acera y Para Llevar HAGA CRECER SUNEGOCIO DE RESTAURANTE Mejore Y Haga Crecer Su Restaurante Cada vez son m\u00e1s los clientes que optan por la comodidad de las opciones para llevar, [&hellip;]<\/p>\n","protected":false},"author":1,"featured_media":0,"parent":0,"menu_order":0,"comment_status":"closed","ping_status":"closed","template":"","meta":{"_et_pb_use_builder":"on","_et_pb_old_content":"","_et_gb_content_width":"","footnotes":""},"class_list":["post-380","page","type-page","status-publish","hentry"],"_links":{"self":[{"href":"https:\/\/dicotron.com\/web\/wp-json\/wp\/v2\/pages\/380","targetHints":{"allow":["GET"]}}],"collection":[{"href":"https:\/\/dicotron.com\/web\/wp-json\/wp\/v2\/pages"}],"about":[{"href":"https:\/\/dicotron.com\/web\/wp-json\/wp\/v2\/types\/page"}],"author":[{"embeddable":true,"href":"https:\/\/dicotron.com\/web\/wp-json\/wp\/v2\/users\/1"}],"replies":[{"embeddable":true,"href":"https:\/\/dicotron.com\/web\/wp-json\/wp\/v2\/comments?post=380"}],"version-history":[{"count":19,"href":"https:\/\/dicotron.com\/web\/wp-json\/wp\/v2\/pages\/380\/revisions"}],"predecessor-version":[{"id":2507,"href":"https:\/\/dicotron.com\/web\/wp-json\/wp\/v2\/pages\/380\/revisions\/2507"}],"wp:attachment":[{"href":"https:\/\/dicotron.com\/web\/wp-json\/wp\/v2\/media?parent=380"}],"curies":[{"name":"wp","href":"https:\/\/api.w.org\/{rel}","templated":true}]}}