{"id":34,"date":"2025-04-04T14:36:42","date_gmt":"2025-04-04T14:36:42","guid":{"rendered":"https:\/\/dicotron.avta.mx\/?page_id=34"},"modified":"2025-05-02T14:33:24","modified_gmt":"2025-05-02T14:33:24","slug":"formulario-de-solicitud-de-solucion-de-problemas","status":"publish","type":"page","link":"https:\/\/dicotron.com\/web\/formulario-de-solicitud-de-solucion-de-problemas\/","title":{"rendered":"Formulario de solicitud de soluci\u00f3n de problemas"},"content":{"rendered":"<p>[et_pb_section fb_built=&#8221;1&#8243; disabled_on=&#8221;on|on|off&#8221; module_class=&#8221;hme_support_gray_section&#8221; _builder_version=&#8221;4.27.4&#8243; _module_preset=&#8221;default&#8221; background_color=&#8221;#eeeeee&#8221; custom_padding=&#8221;0px||3px|||&#8221; custom_css_free_form=&#8221;.home-card-title :hover{||  \tcolor:#1584cd;||}||.hme_support_gray_section{||    overflow: visible !important;||    position: relative; ||    z-index: auto;||}&#8221; box_shadow_style=&#8221;preset1&#8243; box_shadow_spread=&#8221;-9px&#8221; box_shadow_color=&#8221;#000000&#8243; global_colors_info=&#8221;{}&#8221;][et_pb_row column_structure=&#8221;1_2,1_2&#8243; _builder_version=&#8221;4.27.4&#8243; _module_preset=&#8221;default&#8221; custom_padding=&#8221;||0px|||&#8221; global_colors_info=&#8221;{}&#8221;][et_pb_column type=&#8221;1_2&#8243; _builder_version=&#8221;4.27.4&#8243; _module_preset=&#8221;default&#8221; global_colors_info=&#8221;{}&#8221;][et_pb_text _builder_version=&#8221;4.27.4&#8243; _module_preset=&#8221;default&#8221; global_colors_info=&#8221;{}&#8221;]<\/p>\n<h3>\nSoporte HME<br \/>\n<\/h3>\n<p>[\/et_pb_text][\/et_pb_column][et_pb_column type=&#8221;1_2&#8243; _builder_version=&#8221;4.27.4&#8243; _module_preset=&#8221;default&#8221; global_colors_info=&#8221;{}&#8221;][et_pb_text module_class=&#8221;home-card-title&#8221; _builder_version=&#8221;4.27.4&#8243; _module_preset=&#8221;default&#8221; custom_padding=&#8221;||0px|||&#8221; global_colors_info=&#8221;{}&#8221;]<\/p>\n<div style=\"display: flex; gap: 20px;\">\n<h3><a href=\"https:\/\/dicotron.com\/web\/solicitar-una-etiqueta-de-envio-gratuita\/\">Env\u00ede su reparaci\u00f3n<\/a><\/h3>\n<h3><a href=\"https:\/\/www.hme.com\/account\/?_gl=1*37gamt*_gcl_au*MTY2MTIyNDI0Mi4xNzQzNzc4ODEz\" target=\"_blank\" rel=\"nofollow noopener\">Inicio de sesi\u00f3n<i style=\"font-size: 12px;\" class=\"fa fa-external-link\"><\/i><\/a><\/h3>\n<\/div>\n<p>[\/et_pb_text][\/et_pb_column][\/et_pb_row][\/et_pb_section][et_pb_section fb_built=&#8221;1&#8243; disabled_on=&#8221;off|off|on&#8221; admin_label=&#8221;Section&#8221; _builder_version=&#8221;4.27.4&#8243; _module_preset=&#8221;default&#8221; background_color=&#8221;#302c34&#8243; custom_padding=&#8221;0px||0px|||&#8221; global_colors_info=&#8221;{}&#8221;][et_pb_row _builder_version=&#8221;4.27.4&#8243; _module_preset=&#8221;default&#8221; custom_padding=&#8221;15px||0px|||&#8221; global_colors_info=&#8221;{}&#8221;][et_pb_column type=&#8221;4_4&#8243; _builder_version=&#8221;4.27.4&#8243; _module_preset=&#8221;default&#8221; global_colors_info=&#8221;{}&#8221;][et_pb_text _builder_version=&#8221;4.27.4&#8243; _module_preset=&#8221;default&#8221; global_colors_info=&#8221;{}&#8221;]<\/p>\n<h2 style=\"font-size: 1.25em;\n    font-weight: 700;color: white; text-align:center\"><br \/>\nSoporte HME<br \/>\n<\/h2>\n<p>[\/et_pb_text][\/et_pb_column][\/et_pb_row][\/et_pb_section][et_pb_section fb_built=&#8221;1&#8243; disabled_on=&#8221;off|off|on&#8221; _builder_version=&#8221;4.27.4&#8243; _module_preset=&#8221;default&#8221; background_color=&#8221;#605c5c&#8221; height=&#8221;20%&#8221; custom_padding=&#8221;0px||0px|||&#8221; global_colors_info=&#8221;{}&#8221;][et_pb_row _builder_version=&#8221;4.27.4&#8243; _module_preset=&#8221;default&#8221; custom_padding=&#8221;5px||0px|||&#8221; global_colors_info=&#8221;{}&#8221;][et_pb_column type=&#8221;4_4&#8243; _builder_version=&#8221;4.27.4&#8243; _module_preset=&#8221;default&#8221; global_colors_info=&#8221;{}&#8221;][et_pb_text content_tablet=&#8221;<\/p>\n<div style=%22display: flex; gap: 10px; align-items: top;%22>\n<h4 style=%22color: white; text-align: center;%22><a href=%22\/dicotron\/?page_id=712%22 style=%22font-size: 12px;%22>            Env\u00ede su reparaci\u00f3n<br \/><\/a><\/h4>\n<h4 style=%22color: white; text-align: center;%22><\/h4>\n<h4 style=%22color: white; text-align: center;%22><\/h4>\n<h4 style=%22color: white; text-align: center;%22><a style=%22font-size: 12px;%22 href=%22https:\/\/www.hme.com\/account\/?_gl=1*37gamt*_gcl_au*MTY2MTIyNDI0Mi4xNzQzNzc4ODEz%22 data-et-target-link=%22_blank%22 rel=%22nofollow noopener%22>Inicio de sesi\u00f3n<i style=%22font-size: 12px;%22 class=%22fa fa-external-link%22><\/i><\/a><\/h4>\n<\/div>\n<p>&#8221; content_phone=&#8221;<\/p>\n<div style=%22display: flex; gap: 10px; align-items: top;%22>\n<h4 style=%22color: white; text-align: center;%22><a href=%22\/dicotron\/?page_id=712%22 style=%22font-size: 12px;%22>            Env\u00ede su reparaci\u00f3n<br \/><\/a><\/h4>\n<h4 style=%22color: white; text-align: center;%22><\/h4>\n<h4 style=%22color: white; text-align: center;%22><\/h4>\n<h4 style=%22color: white; text-align: center;%22><a style=%22font-size: 12px;%22 href=%22https:\/\/www.hme.com\/account\/?_gl=1*37gamt*_gcl_au*MTY2MTIyNDI0Mi4xNzQzNzc4ODEz%22 data-et-target-link=%22_blank%22 rel=%22nofollow noopener%22>Inicio de sesi\u00f3n<i style=%22font-size: 12px;%22 class=%22fa fa-external-link%22><\/i><\/a><\/h4>\n<\/div>\n<p>&#8221; content_last_edited=&#8221;on|tablet&#8221; module_class=&#8221;textmobilecontainer&#8221; _builder_version=&#8221;4.27.4&#8243; _module_preset=&#8221;default&#8221; height=&#8221;25px&#8221; custom_padding=&#8221;0px||0px|||&#8221; global_colors_info=&#8221;{}&#8221;]<\/p>\n<div style=\"display: flex; gap: 10px; align-items: top;\">\n<h4 style=\"color: white;\"><a href=\"https:\/\/dicotron.com\/web\/solicitar-una-etiqueta-de-envio-gratuita\/\" style=\"font-size: 12px;\">\u00a0 \u00a0 \u00a0 \u00a0 \u00a0 \u00a0 Env\u00ede su reparaci\u00f3n<br \/><\/a><\/h4>\n<h4 style=\"color: white;\"><\/h4>\n<h4 style=\"color: white;\"><\/h4>\n<h4 style=\"color: white;\"><a style=\"font-size: 12px;\" href=\"https:\/\/www.hme.com\/account\/?_gl=1*37gamt*_gcl_au*MTY2MTIyNDI0Mi4xNzQzNzc4ODEz\" target=\"_blank\" rel=\"nofollow noopener\">Inicio de sesi\u00f3n<i style=\"font-size: 12px;\" class=\"fa fa-external-link\"><\/i><\/a><\/h4>\n<\/div>\n<p>[\/et_pb_text][\/et_pb_column][\/et_pb_row][\/et_pb_section][et_pb_section fb_built=&#8221;1&#8243; _builder_version=&#8221;4.27.4&#8243; _module_preset=&#8221;default&#8221; global_colors_info=&#8221;{}&#8221;][et_pb_row _builder_version=&#8221;4.27.4&#8243; _module_preset=&#8221;default&#8221; global_colors_info=&#8221;{}&#8221;][et_pb_column type=&#8221;4_4&#8243; _builder_version=&#8221;4.27.4&#8243; _module_preset=&#8221;default&#8221; global_colors_info=&#8221;{}&#8221;][et_pb_text _builder_version=&#8221;4.27.4&#8243; _module_preset=&#8221;default&#8221; global_colors_info=&#8221;{}&#8221;]<\/p>\n<h1 style=\"text-align: left;\">SOLICITUD DE SOLUCI\u00d3N DE PROBLEMAS<\/h1>\n<p>[\/et_pb_text][\/et_pb_column][\/et_pb_row][\/et_pb_section][et_pb_section fb_built=&#8221;1&#8243; _builder_version=&#8221;4.27.4&#8243; _module_preset=&#8221;default&#8221; global_colors_info=&#8221;{}&#8221;][et_pb_row _builder_version=&#8221;4.27.4&#8243; _module_preset=&#8221;default&#8221; global_colors_info=&#8221;{}&#8221;][et_pb_column type=&#8221;4_4&#8243; _builder_version=&#8221;4.27.4&#8243; _module_preset=&#8221;default&#8221; global_colors_info=&#8221;{}&#8221;][et_pb_code _builder_version=&#8221;4.27.4&#8243; _module_preset=&#8221;default&#8221; global_colors_info=&#8221;{}&#8221;]\n<div class=\"wpcf7 no-js\" id=\"wpcf7-f2054-o1\" lang=\"es-MX\" dir=\"ltr\" data-wpcf7-id=\"2054\">\n<div class=\"screen-reader-response\"><p role=\"status\" aria-live=\"polite\" aria-atomic=\"true\"><\/p> <ul><\/ul><\/div>\n<form action=\"\/web\/wp-json\/wp\/v2\/pages\/34#wpcf7-f2054-o1\" method=\"post\" class=\"wpcf7-form init\" aria-label=\"Formulario de contacto\" novalidate=\"novalidate\" data-status=\"init\">\n<fieldset class=\"hidden-fields-container\"><input type=\"hidden\" name=\"_wpcf7\" value=\"2054\" \/><input type=\"hidden\" name=\"_wpcf7_version\" value=\"6.1\" \/><input type=\"hidden\" name=\"_wpcf7_locale\" value=\"es_MX\" \/><input type=\"hidden\" name=\"_wpcf7_unit_tag\" value=\"wpcf7-f2054-o1\" \/><input type=\"hidden\" name=\"_wpcf7_container_post\" value=\"0\" \/><input type=\"hidden\" name=\"_wpcf7_posted_data_hash\" value=\"\" \/>\n<\/fieldset>\n<div class=\"form-wrapper-checks\">\n\t<div class=\"form-left\">\n\t\t<p><span class=\"wpcf7-form-control-wrap\" data-name=\"your-name\"><input size=\"40\" maxlength=\"400\" class=\"wpcf7-form-control wpcf7-text wpcf7-validates-as-required\" aria-required=\"true\" aria-invalid=\"false\" placeholder=\"Nombre\" value=\"\" type=\"text\" name=\"your-name\" \/><\/span><br \/>\n<span class=\"wpcf7-form-control-wrap\" data-name=\"your-phone\"><input size=\"40\" maxlength=\"400\" class=\"wpcf7-form-control wpcf7-tel wpcf7-validates-as-required wpcf7-text wpcf7-validates-as-tel\" aria-required=\"true\" aria-invalid=\"false\" placeholder=\"+52 N\u00famero telef\u00f3nico\" value=\"\" type=\"tel\" name=\"your-phone\" \/><\/span><br \/>\n<span class=\"wpcf7-form-control-wrap\" data-name=\"your-email\"><input size=\"40\" maxlength=\"400\" class=\"wpcf7-form-control wpcf7-email wpcf7-validates-as-required wpcf7-text wpcf7-validates-as-email\" aria-required=\"true\" aria-invalid=\"false\" placeholder=\"Correo electr\u00f3nico\" value=\"\" type=\"email\" name=\"your-email\" \/><\/span><br \/>\n<span class=\"wpcf7-form-control-wrap\" data-name=\"your-company\"><input size=\"40\" maxlength=\"400\" class=\"wpcf7-form-control wpcf7-text\" aria-invalid=\"false\" placeholder=\"Nombre de la empresa\" value=\"\" type=\"text\" name=\"your-company\" \/><\/span><br \/>\n<span class=\"wpcf7-form-control-wrap\" data-name=\"your-message\"><textarea cols=\"40\" rows=\"10\" maxlength=\"2000\" class=\"wpcf7-form-control wpcf7-textarea\" aria-invalid=\"false\" placeholder=\"Descripci\u00f3n del problema\" name=\"your-message\"><\/textarea><\/span>\n\t\t<\/p>\n\t<\/div>\n\t<div class=\"form-right\">\n\t\t<div class=\"check-container\">\n\t\t\t<p><span class=\"wpcf7-form-control-wrap\" data-name=\"equipment\"><span class=\"wpcf7-form-control wpcf7-checkbox\"><span class=\"wpcf7-list-item first\"><input type=\"checkbox\" name=\"equipment[]\" value=\"Sistema de Auriculares Inal\u00e1mbricos\" \/><span class=\"wpcf7-list-item-label\">Sistema de Auriculares Inal\u00e1mbricos<\/span><\/span><span class=\"wpcf7-list-item\"><input type=\"checkbox\" name=\"equipment[]\" value=\"Sistema de Temporizador\" \/><span class=\"wpcf7-list-item-label\">Sistema de Temporizador<\/span><\/span><span class=\"wpcf7-list-item\"><input type=\"checkbox\" name=\"equipment[]\" value=\"HME CLOUD\" \/><span class=\"wpcf7-list-item-label\">HME CLOUD<\/span><\/span><span class=\"wpcf7-list-item\"><input type=\"checkbox\" name=\"equipment[]\" value=\"Leaderboard Drive-Thru\" \/><span class=\"wpcf7-list-item-label\">Leaderboard Drive-Thru<\/span><\/span><span class=\"wpcf7-list-item\"><input type=\"checkbox\" name=\"equipment[]\" value=\"Sistema de Localizaci\u00f3n de Mesas\" \/><span class=\"wpcf7-list-item-label\">Sistema de Localizaci\u00f3n de Mesas<\/span><\/span><span class=\"wpcf7-list-item last\"><input type=\"checkbox\" name=\"equipment[]\" value=\"Pagers\" \/><span class=\"wpcf7-list-item-label\">Pagers<\/span><\/span><\/span><\/span>\n\t\t\t<\/p>\n\t\t<\/div>\n\t<\/div>\n<\/div>\n<p class=\"privacy-notice\">Procesaremos tus datos personales de acuerdo con nuestra <a href=\"\/qsr\/privacy\/\" target=\"_blank\">Pol\u00edtica de Privacidad<\/a>. Al hacer clic en \"Enviar mensaje\", confirmas que has le\u00eddo y aceptado nuestra <a href=\"\/qsr\/privacy\/\" target=\"_blank\">Pol\u00edtica de Privacidad<\/a>.\n<\/p>\n<div class=\"row\">\n\t<p>Por favor, resuelve la siguiente verificaci\u00f3n anti-spam:\n\t<\/p>\n\t<div class=\"captcha-wrapper\">\n\t\t<p><input type=\"hidden\" name=\"_wpcf7_captcha_challenge_captcha-118\" value=\"1211890445\" \/><img loading=\"lazy\" decoding=\"async\" class=\"wpcf7-form-control wpcf7-captchac wpcf7-captcha-captcha-118\" width=\"84\" height=\"28\" alt=\"captcha\" src=\"https:\/\/dicotron.com\/web\/wp-content\/uploads\/wpcf7_captcha\/1211890445.png\" \/><br \/>\n<span class=\"wpcf7-form-control-wrap\" data-name=\"captcha-118\"><input size=\"4\" maxlength=\"4\" class=\"wpcf7-form-control wpcf7-captchar\" autocomplete=\"off\" aria-invalid=\"false\" value=\"\" type=\"text\" name=\"captcha-118\" \/><\/span>\n\t\t<\/p>\n\t<\/div>\n<\/div>\n<p><input class=\"wpcf7-form-control wpcf7-submit has-spinner\" type=\"submit\" value=\"Enviar mensaje\" \/>\n<\/p><script type='text\/javascript'>\n\n\t\t\t\t\t\tif(contactform === undefined){\n\t\t\t\t\t\t\tvar contactform = [];\n\t\t\t\t\t\t}\n\t\t\t\t\t\tvar innerVal = [2054,'mail_sent_ok','Gracias por tu mensaje. El mensaje ha sido enviado.'];\n\t\t\t\t\t\tcontactform.push(innerVal);\n\t\t\t\t\t\tvar innerVal = [2054,'mail_sent_ng','Hubo un error al intentar enviar su mensaje. Por favor int&eacute;ntelo m&aacute;s tarde.'];\n\t\t\t\t\t\tcontactform.push(innerVal);\n\t\t\t\t\t\tvar innerVal = [2054,'validation_error','Uno o m&aacute;s campos tienen un error. Por favor rev&iacute;selo y reint&eacute;ntelo.'];\n\t\t\t\t\t\tcontactform.push(innerVal);\n\t\t\t\t\t\tvar innerVal = [2054,'spam','Hubo un error al intentar enviar su mensaje. Por favor int&eacute;ntelo m&aacute;s tarde.'];\n\t\t\t\t\t\tcontactform.push(innerVal);\n\t\t\t\t\t\tvar innerVal = [2054,'accept_terms','Debe aceptar los t&eacute;rminos y condiciones antes de enviar su mensaje.'];\n\t\t\t\t\t\tcontactform.push(innerVal);\n\t\t\t\t\t\tvar innerVal = [2054,'invalid_required','Por favor, rellena este campo.'];\n\t\t\t\t\t\tcontactform.push(innerVal);\n\t\t\t\t\t\tvar innerVal = [2054,'invalid_too_long','Este campo tiene una entrada demasiado larga.'];\n\t\t\t\t\t\tcontactform.push(innerVal);\n\t\t\t\t\t\tvar innerVal = [2054,'invalid_too_short','Este campo tiene una entrada demasiado corta.'];\n\t\t\t\t\t\tcontactform.push(innerVal);\n\t\t\t\t\t\tvar innerVal = [2054,'upload_failed','Sucedi&oacute; un error desconocido al subir el archivo.'];\n\t\t\t\t\t\tcontactform.push(innerVal);\n\t\t\t\t\t\tvar innerVal = [2054,'upload_file_type_invalid','No se le permite subir archivos de este tipo.'];\n\t\t\t\t\t\tcontactform.push(innerVal);\n\t\t\t\t\t\tvar innerVal = [2054,'upload_file_too_large','El archivo subido es demasiado grande.'];\n\t\t\t\t\t\tcontactform.push(innerVal);\n\t\t\t\t\t\tvar innerVal = [2054,'upload_failed_php_error','Ocurri&oacute; un error al subir el archivo.'];\n\t\t\t\t\t\tcontactform.push(innerVal);\n\t\t\t\t\t\tvar innerVal = [2054,'invalid_date','Por favor, introduce una fecha con el formato YYYY-MM-DD.'];\n\t\t\t\t\t\tcontactform.push(innerVal);\n\t\t\t\t\t\tvar innerVal = [2054,'date_too_early','Este campo tiene una fecha demasiado temprana.'];\n\t\t\t\t\t\tcontactform.push(innerVal);\n\t\t\t\t\t\tvar innerVal = [2054,'date_too_late','Este campo tiene una fecha demasiado tard&iacute;a.'];\n\t\t\t\t\t\tcontactform.push(innerVal);\n\t\t\t\t\t\tvar innerVal = [2054,'invalid_number','Por favor, introduce un n&uacute;mero.'];\n\t\t\t\t\t\tcontactform.push(innerVal);\n\t\t\t\t\t\tvar innerVal = [2054,'number_too_small','Este campo tiene un n&uacute;mero demasiado peque&ntilde;o.'];\n\t\t\t\t\t\tcontactform.push(innerVal);\n\t\t\t\t\t\tvar innerVal = [2054,'number_too_large','Este campo tiene un n&uacute;mero demasiado grande.'];\n\t\t\t\t\t\tcontactform.push(innerVal);\n\t\t\t\t\t\tvar innerVal = [2054,'quiz_answer_not_correct','La respuesta al quiz es incorrecta.'];\n\t\t\t\t\t\tcontactform.push(innerVal);\n\t\t\t\t\t\tvar innerVal = [2054,'invalid_email','Por favor, introduce una direcci&oacute;n de correo electr&oacute;nico.'];\n\t\t\t\t\t\tcontactform.push(innerVal);\n\t\t\t\t\t\tvar innerVal = [2054,'invalid_url','Por favor, introduce una URL.'];\n\t\t\t\t\t\tcontactform.push(innerVal);\n\t\t\t\t\t\tvar innerVal = [2054,'invalid_tel','Por favor, introduce un n&uacute;mero de tel&eacute;fono.'];\n\t\t\t\t\t\tcontactform.push(innerVal);\n\t\t\t\t\t\tvar innerVal = [2054,'gdpr',''];\n\t\t\t\t\t\tcontactform.push(innerVal);\n\t\t\t\t\t\t<\/script><p style=\"display: none !important;\" class=\"akismet-fields-container\" data-prefix=\"_wpcf7_ak_\"><label>&#916;<textarea name=\"_wpcf7_ak_hp_textarea\" cols=\"45\" rows=\"8\" maxlength=\"100\"><\/textarea><\/label><input type=\"hidden\" id=\"ak_js_1\" name=\"_wpcf7_ak_js\" value=\"152\"\/><script>document.getElementById( \"ak_js_1\" ).setAttribute( \"value\", ( new Date() ).getTime() );<\/script><\/p><div class=\"wpcf7-response-output\" aria-hidden=\"true\"><\/div>\n<\/form>\n<\/div>\n[\/et_pb_code][\/et_pb_column][\/et_pb_row][\/et_pb_section]<\/p>\n","protected":false},"excerpt":{"rendered":"<p>Soporte HME Env\u00ede su reparaci\u00f3n Inicio de sesi\u00f3n Soporte HME \u00a0 \u00a0 \u00a0 \u00a0 \u00a0 \u00a0 Env\u00ede su reparaci\u00f3n Inicio de sesi\u00f3n SOLICITUD DE SOLUCI\u00d3N DE PROBLEMAS\n<div class=\"wpcf7 no-js\" id=\"wpcf7-f2054-o2\" lang=\"es-MX\" dir=\"ltr\" data-wpcf7-id=\"2054\">\n<div class=\"screen-reader-response\"><p role=\"status\" aria-live=\"polite\" aria-atomic=\"true\"><\/p> <ul><\/ul><\/div>\n<form action=\"\/web\/wp-json\/wp\/v2\/pages\/34#wpcf7-f2054-o2\" method=\"post\" class=\"wpcf7-form init\" aria-label=\"Formulario de contacto\" novalidate=\"novalidate\" data-status=\"init\">\n<fieldset class=\"hidden-fields-container\"><input type=\"hidden\" name=\"_wpcf7\" value=\"2054\" \/><input type=\"hidden\" name=\"_wpcf7_version\" value=\"6.1\" \/><input type=\"hidden\" name=\"_wpcf7_locale\" value=\"es_MX\" \/><input type=\"hidden\" name=\"_wpcf7_unit_tag\" value=\"wpcf7-f2054-o2\" \/><input type=\"hidden\" name=\"_wpcf7_container_post\" value=\"0\" \/><input type=\"hidden\" name=\"_wpcf7_posted_data_hash\" value=\"\" \/>\n<\/fieldset>\n<div class=\"form-wrapper-checks\">\n\t<div class=\"form-left\">\n\t\t<p><span class=\"wpcf7-form-control-wrap\" data-name=\"your-name\"><input size=\"40\" maxlength=\"400\" class=\"wpcf7-form-control wpcf7-text wpcf7-validates-as-required\" aria-required=\"true\" aria-invalid=\"false\" placeholder=\"Nombre\" value=\"\" type=\"text\" name=\"your-name\" \/><\/span><br \/>\n<span class=\"wpcf7-form-control-wrap\" data-name=\"your-phone\"><input size=\"40\" maxlength=\"400\" class=\"wpcf7-form-control wpcf7-tel wpcf7-validates-as-required wpcf7-text wpcf7-validates-as-tel\" aria-required=\"true\" aria-invalid=\"false\" placeholder=\"+52 N\u00famero telef\u00f3nico\" value=\"\" type=\"tel\" name=\"your-phone\" \/><\/span><br \/>\n<span class=\"wpcf7-form-control-wrap\" data-name=\"your-email\"><input size=\"40\" maxlength=\"400\" class=\"wpcf7-form-control wpcf7-email wpcf7-validates-as-required wpcf7-text wpcf7-validates-as-email\" aria-required=\"true\" aria-invalid=\"false\" placeholder=\"Correo electr\u00f3nico\" value=\"\" type=\"email\" name=\"your-email\" \/><\/span><br \/>\n<span class=\"wpcf7-form-control-wrap\" data-name=\"your-company\"><input size=\"40\" maxlength=\"400\" class=\"wpcf7-form-control wpcf7-text\" aria-invalid=\"false\" placeholder=\"Nombre de la empresa\" value=\"\" type=\"text\" name=\"your-company\" \/><\/span><br \/>\n<span class=\"wpcf7-form-control-wrap\" data-name=\"your-message\"><textarea cols=\"40\" rows=\"10\" maxlength=\"2000\" class=\"wpcf7-form-control wpcf7-textarea\" aria-invalid=\"false\" placeholder=\"Descripci\u00f3n del problema\" name=\"your-message\"><\/textarea><\/span>\n\t\t<\/p>\n\t<\/div>\n\t<div class=\"form-right\">\n\t\t<div class=\"check-container\">\n\t\t\t<p><span class=\"wpcf7-form-control-wrap\" data-name=\"equipment\"><span class=\"wpcf7-form-control wpcf7-checkbox\"><span class=\"wpcf7-list-item first\"><input type=\"checkbox\" name=\"equipment[]\" value=\"Sistema de Auriculares Inal\u00e1mbricos\" \/><span class=\"wpcf7-list-item-label\">Sistema de Auriculares Inal\u00e1mbricos<\/span><\/span><span class=\"wpcf7-list-item\"><input type=\"checkbox\" name=\"equipment[]\" value=\"Sistema de Temporizador\" \/><span class=\"wpcf7-list-item-label\">Sistema de Temporizador<\/span><\/span><span class=\"wpcf7-list-item\"><input type=\"checkbox\" name=\"equipment[]\" value=\"HME CLOUD\" \/><span class=\"wpcf7-list-item-label\">HME CLOUD<\/span><\/span><span class=\"wpcf7-list-item\"><input type=\"checkbox\" name=\"equipment[]\" value=\"Leaderboard Drive-Thru\" \/><span class=\"wpcf7-list-item-label\">Leaderboard Drive-Thru<\/span><\/span><span class=\"wpcf7-list-item\"><input type=\"checkbox\" name=\"equipment[]\" value=\"Sistema de Localizaci\u00f3n de Mesas\" \/><span class=\"wpcf7-list-item-label\">Sistema de Localizaci\u00f3n de Mesas<\/span><\/span><span class=\"wpcf7-list-item last\"><input type=\"checkbox\" name=\"equipment[]\" value=\"Pagers\" \/><span class=\"wpcf7-list-item-label\">Pagers<\/span><\/span><\/span><\/span>\n\t\t\t<\/p>\n\t\t<\/div>\n\t<\/div>\n<\/div>\n<p class=\"privacy-notice\">Procesaremos tus datos personales de acuerdo con nuestra <a href=\"\/qsr\/privacy\/\" target=\"_blank\">Pol\u00edtica de Privacidad<\/a>. Al hacer clic en \"Enviar mensaje\", confirmas que has le\u00eddo y aceptado nuestra <a href=\"\/qsr\/privacy\/\" target=\"_blank\">Pol\u00edtica de Privacidad<\/a>.\n<\/p>\n<div class=\"row\">\n\t<p>Por favor, resuelve la siguiente verificaci\u00f3n anti-spam:\n\t<\/p>\n\t<div class=\"captcha-wrapper\">\n\t\t<p><input type=\"hidden\" name=\"_wpcf7_captcha_challenge_captcha-118\" value=\"3489792590\" \/><img loading=\"lazy\" decoding=\"async\" class=\"wpcf7-form-control wpcf7-captchac wpcf7-captcha-captcha-118\" width=\"84\" height=\"28\" alt=\"captcha\" src=\"https:\/\/dicotron.com\/web\/wp-content\/uploads\/wpcf7_captcha\/3489792590.png\" \/><br \/>\n<span class=\"wpcf7-form-control-wrap\" data-name=\"captcha-118\"><input size=\"4\" maxlength=\"4\" class=\"wpcf7-form-control wpcf7-captchar\" autocomplete=\"off\" aria-invalid=\"false\" value=\"\" type=\"text\" name=\"captcha-118\" \/><\/span>\n\t\t<\/p>\n\t<\/div>\n<\/div>\n<p><input class=\"wpcf7-form-control wpcf7-submit has-spinner\" type=\"submit\" value=\"Enviar mensaje\" \/>\n<\/p><script type='text\/javascript'>\n\n\t\t\t\t\t\tif(contactform === undefined){\n\t\t\t\t\t\t\tvar contactform = [];\n\t\t\t\t\t\t}\n\t\t\t\t\t\tvar innerVal = [2054,'mail_sent_ok','Gracias por tu mensaje. El mensaje ha sido enviado.'];\n\t\t\t\t\t\tcontactform.push(innerVal);\n\t\t\t\t\t\tvar innerVal = [2054,'mail_sent_ng','Hubo un error al intentar enviar su mensaje. Por favor int&eacute;ntelo m&aacute;s tarde.'];\n\t\t\t\t\t\tcontactform.push(innerVal);\n\t\t\t\t\t\tvar innerVal = [2054,'validation_error','Uno o m&aacute;s campos tienen un error. Por favor rev&iacute;selo y reint&eacute;ntelo.'];\n\t\t\t\t\t\tcontactform.push(innerVal);\n\t\t\t\t\t\tvar innerVal = [2054,'spam','Hubo un error al intentar enviar su mensaje. Por favor int&eacute;ntelo m&aacute;s tarde.'];\n\t\t\t\t\t\tcontactform.push(innerVal);\n\t\t\t\t\t\tvar innerVal = [2054,'accept_terms','Debe aceptar los t&eacute;rminos y condiciones antes de enviar su mensaje.'];\n\t\t\t\t\t\tcontactform.push(innerVal);\n\t\t\t\t\t\tvar innerVal = [2054,'invalid_required','Por favor, rellena este campo.'];\n\t\t\t\t\t\tcontactform.push(innerVal);\n\t\t\t\t\t\tvar innerVal = [2054,'invalid_too_long','Este campo tiene una entrada demasiado larga.'];\n\t\t\t\t\t\tcontactform.push(innerVal);\n\t\t\t\t\t\tvar innerVal = [2054,'invalid_too_short','Este campo tiene una entrada demasiado corta.'];\n\t\t\t\t\t\tcontactform.push(innerVal);\n\t\t\t\t\t\tvar innerVal = [2054,'upload_failed','Sucedi&oacute; un error desconocido al subir el archivo.'];\n\t\t\t\t\t\tcontactform.push(innerVal);\n\t\t\t\t\t\tvar innerVal = [2054,'upload_file_type_invalid','No se le permite subir archivos de este tipo.'];\n\t\t\t\t\t\tcontactform.push(innerVal);\n\t\t\t\t\t\tvar innerVal = [2054,'upload_file_too_large','El archivo subido es demasiado grande.'];\n\t\t\t\t\t\tcontactform.push(innerVal);\n\t\t\t\t\t\tvar innerVal = [2054,'upload_failed_php_error','Ocurri&oacute; un error al subir el archivo.'];\n\t\t\t\t\t\tcontactform.push(innerVal);\n\t\t\t\t\t\tvar innerVal = [2054,'invalid_date','Por favor, introduce una fecha con el formato YYYY-MM-DD.'];\n\t\t\t\t\t\tcontactform.push(innerVal);\n\t\t\t\t\t\tvar innerVal = [2054,'date_too_early','Este campo tiene una fecha demasiado temprana.'];\n\t\t\t\t\t\tcontactform.push(innerVal);\n\t\t\t\t\t\tvar innerVal = [2054,'date_too_late','Este campo tiene una fecha demasiado tard&iacute;a.'];\n\t\t\t\t\t\tcontactform.push(innerVal);\n\t\t\t\t\t\tvar innerVal = [2054,'invalid_number','Por favor, introduce un n&uacute;mero.'];\n\t\t\t\t\t\tcontactform.push(innerVal);\n\t\t\t\t\t\tvar innerVal = [2054,'number_too_small','Este campo tiene un n&uacute;mero demasiado peque&ntilde;o.'];\n\t\t\t\t\t\tcontactform.push(innerVal);\n\t\t\t\t\t\tvar innerVal = [2054,'number_too_large','Este campo tiene un n&uacute;mero demasiado grande.'];\n\t\t\t\t\t\tcontactform.push(innerVal);\n\t\t\t\t\t\tvar innerVal = [2054,'quiz_answer_not_correct','La respuesta al quiz es incorrecta.'];\n\t\t\t\t\t\tcontactform.push(innerVal);\n\t\t\t\t\t\tvar innerVal = [2054,'invalid_email','Por favor, introduce una direcci&oacute;n de correo electr&oacute;nico.'];\n\t\t\t\t\t\tcontactform.push(innerVal);\n\t\t\t\t\t\tvar innerVal = [2054,'invalid_url','Por favor, introduce una URL.'];\n\t\t\t\t\t\tcontactform.push(innerVal);\n\t\t\t\t\t\tvar innerVal = [2054,'invalid_tel','Por favor, introduce un n&uacute;mero de tel&eacute;fono.'];\n\t\t\t\t\t\tcontactform.push(innerVal);\n\t\t\t\t\t\tvar innerVal = [2054,'gdpr',''];\n\t\t\t\t\t\tcontactform.push(innerVal);\n\t\t\t\t\t\t<\/script><p style=\"display: none !important;\" class=\"akismet-fields-container\" data-prefix=\"_wpcf7_ak_\"><label>&#916;<textarea name=\"_wpcf7_ak_hp_textarea\" cols=\"45\" rows=\"8\" maxlength=\"100\"><\/textarea><\/label><input type=\"hidden\" id=\"ak_js_2\" name=\"_wpcf7_ak_js\" value=\"83\"\/><script>document.getElementById( \"ak_js_2\" ).setAttribute( \"value\", ( new Date() ).getTime() );<\/script><\/p><div class=\"wpcf7-response-output\" aria-hidden=\"true\"><\/div>\n<\/form>\n<\/div>\n<\/p>\n","protected":false},"author":1,"featured_media":0,"parent":0,"menu_order":0,"comment_status":"closed","ping_status":"closed","template":"","meta":{"_et_pb_use_builder":"on","_et_pb_old_content":"","_et_gb_content_width":"","footnotes":""},"class_list":["post-34","page","type-page","status-publish","hentry"],"_links":{"self":[{"href":"https:\/\/dicotron.com\/web\/wp-json\/wp\/v2\/pages\/34","targetHints":{"allow":["GET"]}}],"collection":[{"href":"https:\/\/dicotron.com\/web\/wp-json\/wp\/v2\/pages"}],"about":[{"href":"https:\/\/dicotron.com\/web\/wp-json\/wp\/v2\/types\/page"}],"author":[{"embeddable":true,"href":"https:\/\/dicotron.com\/web\/wp-json\/wp\/v2\/users\/1"}],"replies":[{"embeddable":true,"href":"https:\/\/dicotron.com\/web\/wp-json\/wp\/v2\/comments?post=34"}],"version-history":[{"count":4,"href":"https:\/\/dicotron.com\/web\/wp-json\/wp\/v2\/pages\/34\/revisions"}],"predecessor-version":[{"id":2064,"href":"https:\/\/dicotron.com\/web\/wp-json\/wp\/v2\/pages\/34\/revisions\/2064"}],"wp:attachment":[{"href":"https:\/\/dicotron.com\/web\/wp-json\/wp\/v2\/media?parent=34"}],"curies":[{"name":"wp","href":"https:\/\/api.w.org\/{rel}","templated":true}]}}