{"id":27,"date":"2025-04-04T14:32:19","date_gmt":"2025-04-04T14:32:19","guid":{"rendered":"https:\/\/dicotron.avta.mx\/?page_id=27"},"modified":"2025-10-31T23:29:10","modified_gmt":"2025-10-31T23:29:10","slug":"solicitar-una-etiqueta-de-envio-gratuita","status":"publish","type":"page","link":"https:\/\/dicotron.com\/web\/solicitar-una-etiqueta-de-envio-gratuita\/","title":{"rendered":"Solicitar una etiqueta de env\u00edo gratuita"},"content":{"rendered":"<p>[et_pb_section fb_built=&#8221;1&#8243; disabled_on=&#8221;on|on|off&#8221; module_class=&#8221;hme_support_gray_section&#8221; _builder_version=&#8221;4.27.4&#8243; _module_preset=&#8221;default&#8221; background_color=&#8221;#eeeeee&#8221; custom_padding=&#8221;0px||3px|||&#8221; custom_css_free_form=&#8221;.home-card-title :hover{||  \tcolor:#1584cd;||}||.hme_support_gray_section{||    overflow: visible !important;||    position: relative; ||    z-index: auto;||}&#8221; box_shadow_style=&#8221;preset1&#8243; box_shadow_spread=&#8221;-9px&#8221; box_shadow_color=&#8221;#000000&#8243; global_colors_info=&#8221;{}&#8221;][et_pb_row column_structure=&#8221;1_2,1_2&#8243; _builder_version=&#8221;4.27.4&#8243; _module_preset=&#8221;default&#8221; custom_padding=&#8221;||0px|||&#8221; global_colors_info=&#8221;{}&#8221;][et_pb_column type=&#8221;1_2&#8243; _builder_version=&#8221;4.27.4&#8243; _module_preset=&#8221;default&#8221; global_colors_info=&#8221;{}&#8221;][et_pb_text _builder_version=&#8221;4.27.4&#8243; _module_preset=&#8221;default&#8221; global_colors_info=&#8221;{}&#8221;]<\/p>\n<h3>\nSoporte HME<br \/>\n<\/h3>\n<p>[\/et_pb_text][\/et_pb_column][et_pb_column type=&#8221;1_2&#8243; _builder_version=&#8221;4.27.4&#8243; _module_preset=&#8221;default&#8221; global_colors_info=&#8221;{}&#8221;][et_pb_text module_class=&#8221;home-card-title&#8221; _builder_version=&#8221;4.27.4&#8243; _module_preset=&#8221;default&#8221; custom_padding=&#8221;||0px|||&#8221; global_colors_info=&#8221;{}&#8221;]<\/p>\n<div style=\"display: flex; gap: 20px;\">\n<h3><a href=\"https:\/\/dicotron.com\/web\/solicitar-una-etiqueta-de-envio-gratuita\/\">Env\u00ede su reparaci\u00f3n<\/a><\/h3>\n<h3><a href=\"https:\/\/www.hme.com\/account\/?_gl=1*37gamt*_gcl_au*MTY2MTIyNDI0Mi4xNzQzNzc4ODEz\" target=\"_blank\" rel=\"nofollow noopener\">Inicio de sesi\u00f3n<i style=\"font-size: 12px;\" class=\"fa fa-external-link\"><\/i><\/a><\/h3>\n<\/div>\n<p>[\/et_pb_text][\/et_pb_column][\/et_pb_row][\/et_pb_section][et_pb_section fb_built=&#8221;1&#8243; disabled_on=&#8221;off|off|on&#8221; admin_label=&#8221;Section&#8221; _builder_version=&#8221;4.27.4&#8243; _module_preset=&#8221;default&#8221; background_color=&#8221;#302c34&#8243; custom_padding=&#8221;0px||0px|||&#8221; global_colors_info=&#8221;{}&#8221;][et_pb_row _builder_version=&#8221;4.27.4&#8243; _module_preset=&#8221;default&#8221; custom_padding=&#8221;15px||0px|||&#8221; global_colors_info=&#8221;{}&#8221;][et_pb_column type=&#8221;4_4&#8243; _builder_version=&#8221;4.27.4&#8243; _module_preset=&#8221;default&#8221; global_colors_info=&#8221;{}&#8221;][et_pb_text _builder_version=&#8221;4.27.4&#8243; _module_preset=&#8221;default&#8221; global_colors_info=&#8221;{}&#8221;]<\/p>\n<h2 style=\"font-size: 1.25em;\n    font-weight: 700;color: white; text-align:center\"><br \/>\nSoporte HME<br \/>\n<\/h2>\n<p>[\/et_pb_text][\/et_pb_column][\/et_pb_row][\/et_pb_section][et_pb_section fb_built=&#8221;1&#8243; disabled_on=&#8221;off|off|on&#8221; _builder_version=&#8221;4.27.4&#8243; _module_preset=&#8221;default&#8221; background_color=&#8221;#605c5c&#8221; height=&#8221;20%&#8221; custom_padding=&#8221;0px||0px|||&#8221; global_colors_info=&#8221;{}&#8221;][et_pb_row _builder_version=&#8221;4.27.4&#8243; _module_preset=&#8221;default&#8221; custom_padding=&#8221;5px||0px|||&#8221; global_colors_info=&#8221;{}&#8221;][et_pb_column type=&#8221;4_4&#8243; _builder_version=&#8221;4.27.4&#8243; _module_preset=&#8221;default&#8221; global_colors_info=&#8221;{}&#8221;][et_pb_text content_tablet=&#8221;<\/p>\n<div style=%22display: flex; gap: 10px; align-items: top;%22>\n<h4 style=%22color: white; text-align: center;%22><a href=%22\/dicotron\/?page_id=712%22 style=%22font-size: 12px;%22>            Env\u00ede su reparaci\u00f3n<br \/><\/a><\/h4>\n<h4 style=%22color: white; text-align: center;%22><\/h4>\n<h4 style=%22color: white; text-align: center;%22><\/h4>\n<h4 style=%22color: white; text-align: center;%22><a style=%22font-size: 12px;%22 href=%22https:\/\/www.hme.com\/account\/?_gl=1*37gamt*_gcl_au*MTY2MTIyNDI0Mi4xNzQzNzc4ODEz%22 data-et-target-link=%22_blank%22 rel=%22nofollow noopener%22>Inicio de sesi\u00f3n<i style=%22font-size: 12px;%22 class=%22fa fa-external-link%22><\/i><\/a><\/h4>\n<\/div>\n<p>&#8221; content_phone=&#8221;<\/p>\n<div style=%22display: flex; gap: 10px; align-items: top;%22>\n<h4 style=%22color: white; text-align: center;%22><a href=%22\/dicotron\/?page_id=712%22 style=%22font-size: 12px;%22>            Env\u00ede su reparaci\u00f3n<br \/><\/a><\/h4>\n<h4 style=%22color: white; text-align: center;%22><\/h4>\n<h4 style=%22color: white; text-align: center;%22><\/h4>\n<h4 style=%22color: white; text-align: center;%22><a style=%22font-size: 12px;%22 href=%22https:\/\/www.hme.com\/account\/?_gl=1*37gamt*_gcl_au*MTY2MTIyNDI0Mi4xNzQzNzc4ODEz%22 data-et-target-link=%22_blank%22 rel=%22nofollow noopener%22>Inicio de sesi\u00f3n<i style=%22font-size: 12px;%22 class=%22fa fa-external-link%22><\/i><\/a><\/h4>\n<\/div>\n<p>&#8221; content_last_edited=&#8221;on|tablet&#8221; module_class=&#8221;textmobilecontainer&#8221; _builder_version=&#8221;4.27.4&#8243; _module_preset=&#8221;default&#8221; height=&#8221;25px&#8221; custom_padding=&#8221;0px||0px|||&#8221; global_colors_info=&#8221;{}&#8221;]<\/p>\n<div style=\"display: flex; gap: 10px; align-items: top;\">\n<h4 style=\"color: white;\"><a href=\"https:\/\/dicotron.com\/web\/solicitar-una-etiqueta-de-envio-gratuita\/\" style=\"font-size: 12px;\">\u00a0 \u00a0 \u00a0 \u00a0 \u00a0 \u00a0 Env\u00ede su reparaci\u00f3n<br \/><\/a><\/h4>\n<h4 style=\"color: white;\"><\/h4>\n<h4 style=\"color: white;\"><\/h4>\n<h4 style=\"color: white;\"><a style=\"font-size: 12px;\" href=\"https:\/\/www.hme.com\/account\/?_gl=1*37gamt*_gcl_au*MTY2MTIyNDI0Mi4xNzQzNzc4ODEz\" target=\"_blank\" rel=\"nofollow noopener\">Inicio de sesi\u00f3n<i style=\"font-size: 12px;\" class=\"fa fa-external-link\"><\/i><\/a><\/h4>\n<\/div>\n<p>[\/et_pb_text][\/et_pb_column][\/et_pb_row][\/et_pb_section][et_pb_section fb_built=&#8221;1&#8243; _builder_version=&#8221;4.27.4&#8243; _module_preset=&#8221;default&#8221; global_colors_info=&#8221;{}&#8221;][et_pb_row _builder_version=&#8221;4.27.4&#8243; _module_preset=&#8221;default&#8221; global_colors_info=&#8221;{}&#8221;][et_pb_column type=&#8221;4_4&#8243; _builder_version=&#8221;4.27.4&#8243; _module_preset=&#8221;default&#8221; global_colors_info=&#8221;{}&#8221;][et_pb_text _builder_version=&#8221;4.27.4&#8243; _module_preset=&#8221;default&#8221; global_colors_info=&#8221;{}&#8221;]<\/p>\n<h2 style=\"text-align: center;\">Seleccione Centro de servicio Oeste o Este en el mapa<br \/>para crear e imprimir su etiqueta de servicio de devoluci\u00f3n<\/h2>\n<p>[\/et_pb_text][\/et_pb_column][\/et_pb_row][et_pb_row _builder_version=&#8221;4.27.4&#8243; _module_preset=&#8221;default&#8221; global_colors_info=&#8221;{}&#8221;][et_pb_column type=&#8221;4_4&#8243; _builder_version=&#8221;4.27.4&#8243; _module_preset=&#8221;default&#8221; global_colors_info=&#8221;{}&#8221;][et_pb_code _builder_version=&#8221;4.27.4&#8243; _module_preset=&#8221;default&#8221; hover_enabled=&#8221;0&#8243; global_colors_info=&#8221;{}&#8221; sticky_enabled=&#8221;0&#8243;]<\/p>\n<div class=\"map-container\" style=\"position: relative; text-align: center;\"><!-- [et_pb_line_break_holder] -->    <img decoding=\"async\" id=\"main-map\" class=\"img-fluid\" src=\"https:\/\/dicotron.com\/web\/wp-content\/uploads\/2025\/04\/tech-support-repairs-map.png\" alt=\"U.S. map showing area coverage\" usemap=\"#map-coord\"><!-- [et_pb_line_break_holder] -->    <\/p>\n<map name=\"map-coord\" id=\"map-coord\"><!-- [et_pb_line_break_holder] -->        <\/p>\n<area class=\"map-west\" alt=\"West\" title=\"HME West Service Center\" href=\"https:\/\/dicotron.com\/web\/easy-free-ship?region=west\" shape=\"poly\" coords=\"646,75,635,213,666,215,657,293,646,292,637,380,585,372,583,379,561,374,558,383,518,377,463,343,423,426,430,439,456,459,464,468,454,481,441,482,438,490,421,484,418,464,421,446,419,438,402,443,387,423,368,416,356,414,350,398,330,395,311,394,302,402,288,399,294,383,314,376,335,376,344,384,365,388,381,401,392,408,410,413,451,341,433,343,421,339,408,328,395,316,390,301,392,276,384,260,378,245,381,232,373,222,368,204,368,187,365,178,340,179,337,187,332,192,320,191,297,164,278,151,262,145,244,151,240,156,233,170,220,179,201,180,171,183,141,183,115,179,96,171,78,162,69,149,59,140,54,125,54,114,65,116,72,126,86,142,101,155,121,161,137,162,153,161,173,156,187,152,178,140,173,129,159,126,165,108,179,101,181,88,174,74,182,65,194,62,193,48,210,40,235,38,262,43,270,51,281,54,287,76,283,122,286,132,303,139,324,151,334,161,351,165,368,161,371,152,372,141,384,116,393,99,398,87,399,78,399,58,399,44,408,43,419,49,423,56,426,46,427,37\"><!-- [et_pb_line_break_holder] -->        <\/p>\n<area class=\"map-east\" alt=\"East\" title=\"HME East Service Center\" href=\"https:\/\/dicotron.com\/web\/easy-free-ship?region=east\" shape=\"poly\" coords=\"639,75,627,220,654,222,650,285,633,285,629,370,573,365,592,392,599,397,602,413,624,429,630,419,642,416,652,420,663,435,671,448,678,460,681,475,715,488,716,478,717,460,728,450,736,442,752,435,758,426,769,423,781,424,797,424,808,430,823,427,830,433,842,429,836,419,839,407,849,409,863,406,879,405,885,410,892,419,903,412,910,409,926,419,932,424,935,438,943,453,954,466,959,474,973,480,986,472,986,456,984,441,974,432,977,419,968,410,955,392,952,380,957,367,966,359,977,350,982,334,996,328,999,317,1009,310,1015,296,1023,281,1014,269,1015,251,1017,233,1024,223,1027,204,1033,196,1040,186,1051,183,1062,182,1072,182,1076,174,1070,168,1063,163,1058,159,1053,149,1059,136,1069,126,1082,122,1091,112,1097,106,1089,94,1082,94,1076,85,1071,68,1062,59,1051,60,1042,68,1037,85,1037,97,1030,109,989,124,981,130,977,141,974,148,967,153,960,155,944,158,944,168,937,179,928,186,912,195,901,193,910,184,909,165,904,151,898,139,884,130,876,115,864,110,852,115,842,115,836,110,827,101,818,107,803,115,810,94,798,91,790,91,771,87,759,85,756,74,744,74,736,81\"><!-- [et_pb_line_break_holder] -->    <\/map>\n<p><!-- [et_pb_line_break_holder] --><\/div>\n<p><!-- [et_pb_line_break_holder] --><!-- [et_pb_line_break_holder] --><script><!-- [et_pb_line_break_holder] -->    document.addEventListener('DOMContentLoaded', function() {<!-- [et_pb_line_break_holder] -->        const mapImage = document.getElementById('main-map');<!-- [et_pb_line_break_holder] --><!-- [et_pb_line_break_holder] -->        const westArea = document.querySelector('.map-west');<!-- [et_pb_line_break_holder] -->        const eastArea = document.querySelector('.map-east');<!-- [et_pb_line_break_holder] --><!-- [et_pb_line_break_holder] -->        westArea.addEventListener('mouseover', () => {<!-- [et_pb_line_break_holder] -->            mapImage.src = 'https:\/\/dicotron.com\/web\/wp-content\/uploads\/2025\/04\/tech-support-repairs-map-west.png';<!-- [et_pb_line_break_holder] -->        });<!-- [et_pb_line_break_holder] --><!-- [et_pb_line_break_holder] -->        eastArea.addEventListener('mouseover', () => {<!-- [et_pb_line_break_holder] -->            mapImage.src = 'https:\/\/dicotron.com\/web\/wp-content\/uploads\/2025\/04\/tech-support-repairs-map-east.png';<!-- [et_pb_line_break_holder] -->        });<!-- [et_pb_line_break_holder] --><!-- [et_pb_line_break_holder] --><!-- [et_pb_line_break_holder] -->        westArea.addEventListener('mouseout', () => {<!-- [et_pb_line_break_holder] -->            mapImage.src = 'https:\/\/dicotron.com\/web\/wp-content\/uploads\/2025\/04\/tech-support-repairs-map.png';<!-- [et_pb_line_break_holder] -->        });<!-- [et_pb_line_break_holder] --><!-- [et_pb_line_break_holder] -->        eastArea.addEventListener('mouseout', () => {<!-- [et_pb_line_break_holder] -->            mapImage.src = 'https:\/\/dicotron.com\/web\/wp-content\/uploads\/2025\/04\/tech-support-repairs-map.png';<!-- [et_pb_line_break_holder] -->        });<!-- [et_pb_line_break_holder] -->    });<!-- [et_pb_line_break_holder] --><\/script><!-- [et_pb_line_break_holder] -->[\/et_pb_code][\/et_pb_column][\/et_pb_row][\/et_pb_section]<\/p>\n","protected":false},"excerpt":{"rendered":"<p>Soporte HME Env\u00ede su reparaci\u00f3n Inicio de sesi\u00f3n Soporte HME \u00a0 \u00a0 \u00a0 \u00a0 \u00a0 \u00a0 Env\u00ede su reparaci\u00f3n Inicio de sesi\u00f3n Seleccione Centro de servicio Oeste o Este en el mapapara crear e imprimir su etiqueta de servicio de devoluci\u00f3n<\/p>\n","protected":false},"author":1,"featured_media":0,"parent":0,"menu_order":0,"comment_status":"closed","ping_status":"closed","template":"","meta":{"_et_pb_use_builder":"on","_et_pb_old_content":"","_et_gb_content_width":"","footnotes":""},"class_list":["post-27","page","type-page","status-publish","hentry"],"_links":{"self":[{"href":"https:\/\/dicotron.com\/web\/wp-json\/wp\/v2\/pages\/27","targetHints":{"allow":["GET"]}}],"collection":[{"href":"https:\/\/dicotron.com\/web\/wp-json\/wp\/v2\/pages"}],"about":[{"href":"https:\/\/dicotron.com\/web\/wp-json\/wp\/v2\/types\/page"}],"author":[{"embeddable":true,"href":"https:\/\/dicotron.com\/web\/wp-json\/wp\/v2\/users\/1"}],"replies":[{"embeddable":true,"href":"https:\/\/dicotron.com\/web\/wp-json\/wp\/v2\/comments?post=27"}],"version-history":[{"count":13,"href":"https:\/\/dicotron.com\/web\/wp-json\/wp\/v2\/pages\/27\/revisions"}],"predecessor-version":[{"id":2531,"href":"https:\/\/dicotron.com\/web\/wp-json\/wp\/v2\/pages\/27\/revisions\/2531"}],"wp:attachment":[{"href":"https:\/\/dicotron.com\/web\/wp-json\/wp\/v2\/media?parent=27"}],"curies":[{"name":"wp","href":"https:\/\/api.w.org\/{rel}","templated":true}]}}