{"id":260,"date":"2025-04-07T15:22:22","date_gmt":"2025-04-07T15:22:22","guid":{"rendered":"https:\/\/dicotron.avta.mx\/?page_id=260"},"modified":"2025-10-31T23:04:15","modified_gmt":"2025-10-31T23:04:15","slug":"contrato-de-mantenimiento-de-equipos","status":"publish","type":"page","link":"https:\/\/dicotron.com\/web\/contrato-de-mantenimiento-de-equipos\/","title":{"rendered":"Contrato de Mantenimiento de Equipos"},"content":{"rendered":"<p>[et_pb_section fb_built=&#8221;1&#8243; disabled_on=&#8221;on|on|off&#8221; module_class=&#8221;hme_support_gray_section&#8221; _builder_version=&#8221;4.27.4&#8243; _module_preset=&#8221;default&#8221; background_color=&#8221;#eeeeee&#8221; custom_padding=&#8221;0px||3px|||&#8221; custom_css_free_form=&#8221;.home-card-title :hover{||  \tcolor:#1584cd;||}||.hme_support_gray_section{||    overflow: visible !important;||    position: relative; ||    z-index: auto;||}&#8221; box_shadow_style=&#8221;preset1&#8243; box_shadow_spread=&#8221;-9px&#8221; box_shadow_color=&#8221;#000000&#8243; global_colors_info=&#8221;{}&#8221;][et_pb_row column_structure=&#8221;1_2,1_2&#8243; _builder_version=&#8221;4.27.4&#8243; _module_preset=&#8221;default&#8221; custom_padding=&#8221;||0px|||&#8221; global_colors_info=&#8221;{}&#8221;][et_pb_column type=&#8221;1_2&#8243; _builder_version=&#8221;4.27.4&#8243; _module_preset=&#8221;default&#8221; global_colors_info=&#8221;{}&#8221;][et_pb_text _builder_version=&#8221;4.27.4&#8243; _module_preset=&#8221;default&#8221; global_colors_info=&#8221;{}&#8221;]<\/p>\n<h3>\nSoporte HME<br \/>\n<\/h3>\n<p>[\/et_pb_text][\/et_pb_column][et_pb_column type=&#8221;1_2&#8243; _builder_version=&#8221;4.27.4&#8243; _module_preset=&#8221;default&#8221; global_colors_info=&#8221;{}&#8221;][et_pb_text module_class=&#8221;home-card-title&#8221; _builder_version=&#8221;4.27.4&#8243; _module_preset=&#8221;default&#8221; custom_padding=&#8221;||0px|||&#8221; global_colors_info=&#8221;{}&#8221;]<\/p>\n<div style=\"display: flex; gap: 20px;\">\n<h3><a href=\"https:\/\/dicotron.com\/web\/solicitar-una-etiqueta-de-envio-gratuita\/\">Env\u00ede su reparaci\u00f3n<\/a><\/h3>\n<h3><a href=\"https:\/\/www.hme.com\/account\/?_gl=1*37gamt*_gcl_au*MTY2MTIyNDI0Mi4xNzQzNzc4ODEz\" target=\"_blank\" rel=\"nofollow noopener\">Inicio de sesi\u00f3n<i style=\"font-size: 12px;\" class=\"fa fa-external-link\"><\/i><\/a><\/h3>\n<\/div>\n<p>[\/et_pb_text][\/et_pb_column][\/et_pb_row][\/et_pb_section][et_pb_section fb_built=&#8221;1&#8243; disabled_on=&#8221;off|off|on&#8221; admin_label=&#8221;Section&#8221; _builder_version=&#8221;4.27.4&#8243; _module_preset=&#8221;default&#8221; background_color=&#8221;#302c34&#8243; custom_padding=&#8221;0px||0px|||&#8221; global_colors_info=&#8221;{}&#8221;][et_pb_row _builder_version=&#8221;4.27.4&#8243; _module_preset=&#8221;default&#8221; custom_padding=&#8221;15px||0px|||&#8221; global_colors_info=&#8221;{}&#8221;][et_pb_column type=&#8221;4_4&#8243; _builder_version=&#8221;4.27.4&#8243; _module_preset=&#8221;default&#8221; global_colors_info=&#8221;{}&#8221;][et_pb_text _builder_version=&#8221;4.27.4&#8243; _module_preset=&#8221;default&#8221; global_colors_info=&#8221;{}&#8221;]<\/p>\n<h2 style=\"font-size: 1.25em;\n    font-weight: 700;color: white; text-align:center\"><br \/>\nSoporte HME<br \/>\n<\/h2>\n<p>[\/et_pb_text][\/et_pb_column][\/et_pb_row][\/et_pb_section][et_pb_section fb_built=&#8221;1&#8243; disabled_on=&#8221;off|off|on&#8221; _builder_version=&#8221;4.27.4&#8243; _module_preset=&#8221;default&#8221; background_color=&#8221;#605c5c&#8221; height=&#8221;20%&#8221; custom_padding=&#8221;0px||0px|||&#8221; global_colors_info=&#8221;{}&#8221;][et_pb_row _builder_version=&#8221;4.27.4&#8243; _module_preset=&#8221;default&#8221; custom_padding=&#8221;5px||0px|||&#8221; global_colors_info=&#8221;{}&#8221;][et_pb_column type=&#8221;4_4&#8243; _builder_version=&#8221;4.27.4&#8243; _module_preset=&#8221;default&#8221; global_colors_info=&#8221;{}&#8221;][et_pb_text content_tablet=&#8221;<\/p>\n<div style=%22display: flex; gap: 10px; align-items: top;%22>\n<h4 style=%22color: white; text-align: center;%22><a href=%22\/dicotron\/?page_id=712%22 style=%22font-size: 12px;%22>            Env\u00ede su reparaci\u00f3n<br \/><\/a><\/h4>\n<h4 style=%22color: white; text-align: center;%22><\/h4>\n<h4 style=%22color: white; text-align: center;%22><\/h4>\n<h4 style=%22color: white; text-align: center;%22><a style=%22font-size: 12px;%22 href=%22https:\/\/www.hme.com\/account\/?_gl=1*37gamt*_gcl_au*MTY2MTIyNDI0Mi4xNzQzNzc4ODEz%22 data-et-target-link=%22_blank%22 rel=%22nofollow noopener%22>Inicio de sesi\u00f3n<i style=%22font-size: 12px;%22 class=%22fa fa-external-link%22><\/i><\/a><\/h4>\n<\/div>\n<p>&#8221; content_phone=&#8221;<\/p>\n<div style=%22display: flex; gap: 10px; align-items: top;%22>\n<h4 style=%22color: white; text-align: center;%22><a href=%22\/dicotron\/?page_id=712%22 style=%22font-size: 12px;%22>            Env\u00ede su reparaci\u00f3n<br \/><\/a><\/h4>\n<h4 style=%22color: white; text-align: center;%22><\/h4>\n<h4 style=%22color: white; text-align: center;%22><\/h4>\n<h4 style=%22color: white; text-align: center;%22><a style=%22font-size: 12px;%22 href=%22https:\/\/www.hme.com\/account\/?_gl=1*37gamt*_gcl_au*MTY2MTIyNDI0Mi4xNzQzNzc4ODEz%22 data-et-target-link=%22_blank%22 rel=%22nofollow noopener%22>Inicio de sesi\u00f3n<i style=%22font-size: 12px;%22 class=%22fa fa-external-link%22><\/i><\/a><\/h4>\n<\/div>\n<p>&#8221; content_last_edited=&#8221;on|tablet&#8221; module_class=&#8221;textmobilecontainer&#8221; _builder_version=&#8221;4.27.4&#8243; _module_preset=&#8221;default&#8221; height=&#8221;25px&#8221; custom_padding=&#8221;0px||0px|||&#8221; global_colors_info=&#8221;{}&#8221;]<\/p>\n<div style=\"display: flex; gap: 10px; align-items: top;\">\n<h4 style=\"color: white;\"><a href=\"https:\/\/dicotron.com\/web\/solicitar-una-etiqueta-de-envio-gratuita\/\" style=\"font-size: 12px;\">\u00a0 \u00a0 \u00a0 \u00a0 \u00a0 \u00a0 Env\u00ede su reparaci\u00f3n<br \/><\/a><\/h4>\n<h4 style=\"color: white;\"><\/h4>\n<h4 style=\"color: white;\"><\/h4>\n<h4 style=\"color: white;\"><a style=\"font-size: 12px;\" href=\"https:\/\/www.hme.com\/account\/?_gl=1*37gamt*_gcl_au*MTY2MTIyNDI0Mi4xNzQzNzc4ODEz\" target=\"_blank\" rel=\"nofollow noopener\">Inicio de sesi\u00f3n<i style=\"font-size: 12px;\" class=\"fa fa-external-link\"><\/i><\/a><\/h4>\n<\/div>\n<p>[\/et_pb_text][\/et_pb_column][\/et_pb_row][\/et_pb_section][et_pb_section fb_built=&#8221;1&#8243; _builder_version=&#8221;4.27.4&#8243; _module_preset=&#8221;default&#8221; hover_enabled=&#8221;0&#8243; global_colors_info=&#8221;{}&#8221; sticky_enabled=&#8221;0&#8243;][et_pb_row _builder_version=&#8221;4.27.4&#8243; _module_preset=&#8221;default&#8221; global_colors_info=&#8221;{}&#8221;][et_pb_column type=&#8221;4_4&#8243; _builder_version=&#8221;4.27.4&#8243; _module_preset=&#8221;default&#8221; global_colors_info=&#8221;{}&#8221;][et_pb_text _builder_version=&#8221;4.27.4&#8243; _module_preset=&#8221;default&#8221; global_colors_info=&#8221;{}&#8221;]<\/p>\n<h1>CONTRATO DE MANTENIMIENTO <br \/>DE EQUIPOS DRIVE-THRU <br \/>(EMA)<\/h1>\n<p>[\/et_pb_text][\/et_pb_column][\/et_pb_row][\/et_pb_section][et_pb_section fb_built=&#8221;1&#8243; _builder_version=&#8221;4.27.4&#8243; _module_preset=&#8221;default&#8221; global_colors_info=&#8221;{}&#8221;][et_pb_row _builder_version=&#8221;4.27.4&#8243; _module_preset=&#8221;default&#8221; global_colors_info=&#8221;{}&#8221;][et_pb_column type=&#8221;4_4&#8243; _builder_version=&#8221;4.27.4&#8243; _module_preset=&#8221;default&#8221; global_colors_info=&#8221;{}&#8221;][et_pb_text _builder_version=&#8221;4.27.4&#8243; _module_preset=&#8221;default&#8221; global_colors_info=&#8221;{}&#8221;]<\/p>\n<div class=\"section-title\">\n<h2 style=\"text-align: center;\">Acuerdo de mantenimiento de equipos de drive-thru (EMA)<\/h2>\n<p><span style=\"color: #000000; font-size:17px\">Proteja su valiosa inversi\u00f3n en<\/span> <a style =\"font-size:17px\"href=\"https:\/\/dicotron.com\/web\/zoom\/\">sistemas de temporizadores de drive-thru<\/a> y <a style =\"font-size:17px\" href=\"https:\/\/dicotron.com\/web\/plataforma-de-comunicacion-para-el-personal-nexeo-hdx\/\">sistemas de auriculares de drive-thru<\/a> <span style=\"color: #000000; font-size:17px\">con un Acuerdo de mantenimiento de equipos de HME. Con beneficios \u00fanicos que le permiten centrarse en la gesti\u00f3n de la tienda, sin las molestias de mantenimiento de equipos:<\/span><\/p>\n<\/div>\n<p>[\/et_pb_text][\/et_pb_column][\/et_pb_row][\/et_pb_section][et_pb_section fb_built=&#8221;1&#8243; _builder_version=&#8221;4.27.4&#8243; _module_preset=&#8221;default&#8221; global_colors_info=&#8221;{}&#8221;][et_pb_row column_structure=&#8221;1_3,1_3,1_3&#8243; _builder_version=&#8221;4.27.4&#8243; _module_preset=&#8221;default&#8221; global_colors_info=&#8221;{}&#8221;][et_pb_column type=&#8221;1_3&#8243; _builder_version=&#8221;4.27.4&#8243; _module_preset=&#8221;default&#8221; global_colors_info=&#8221;{}&#8221;][et_pb_image src=&#8221;https:\/\/dicotron.com\/web\/wp-content\/uploads\/2025\/05\/hme-tech-support-drive-thru-equipment-repairs-quick-turnaround-icon.png&#8221; title_text=&#8221;hme-tech-support-drive-thru-equipment-repairs-quick-turnaround-icon&#8221; align=&#8221;center&#8221; _builder_version=&#8221;4.27.4&#8243; _module_preset=&#8221;default&#8221; hover_enabled=&#8221;0&#8243; global_colors_info=&#8221;{}&#8221; sticky_enabled=&#8221;0&#8243;][\/et_pb_image][et_pb_text _builder_version=&#8221;4.27.4&#8243; _module_preset=&#8221;default&#8221; global_colors_info=&#8221;{}&#8221;]<\/p>\n<div class=\"col-12 prod-data-cont center\">\n<h3 class=\"center\" style=\"text-align: center;\"><span style=\"color: #000000;\"><b>Piezas y servicio de calidad<\/b><\/span><\/h3>\n<p class=\"center\" style=\"text-align: center;\"><span style=\"color: #000000;\">Nuestros t\u00e9cnicos formados en f\u00e1brica utilizan \u00fanicamente piezas certificadas por HME para proporcionar un servicio y unas reparaciones fiables, garantizados.<\/span><\/p>\n<\/div>\n<p>[\/et_pb_text][\/et_pb_column][et_pb_column type=&#8221;1_3&#8243; _builder_version=&#8221;4.27.4&#8243; _module_preset=&#8221;default&#8221; global_colors_info=&#8221;{}&#8221;][et_pb_image src=&#8221;https:\/\/dicotron.com\/web\/wp-content\/uploads\/2025\/05\/hme-tech-support-drive-thru-equipment-repairs-free-shipping-icon.png&#8221; title_text=&#8221;hme-tech-support-drive-thru-equipment-repairs-free-shipping-icon&#8221; align=&#8221;center&#8221; _builder_version=&#8221;4.27.4&#8243; _module_preset=&#8221;default&#8221; hover_enabled=&#8221;0&#8243; global_colors_info=&#8221;{}&#8221; sticky_enabled=&#8221;0&#8243;][\/et_pb_image][et_pb_text _builder_version=&#8221;4.27.4&#8243; _module_preset=&#8221;default&#8221; global_colors_info=&#8221;{}&#8221;]<\/p>\n<div class=\"col-12 prod-data-cont center\">\n<h3 class=\"center\" style=\"text-align: center;\"><span style=\"color: #000000;\"><b>Cualquier equipo HME<\/b><\/span><\/h3>\n<p class=\"center\" style=\"text-align: center;\"><span style=\"color: #000000;\">Nuestros t\u00e9cnicos formados en f\u00e1brica pueden reparar cualquier temporizador o auricular de drive-thru HME.<\/span><\/p>\n<\/div>\n<p>[\/et_pb_text][\/et_pb_column][et_pb_column type=&#8221;1_3&#8243; _builder_version=&#8221;4.27.4&#8243; _module_preset=&#8221;default&#8221; global_colors_info=&#8221;{}&#8221;][et_pb_image src=&#8221;https:\/\/dicotron.com\/web\/wp-content\/uploads\/2025\/05\/hme-tech-support-drive-thru-equipment-repairs-factory-authorized-icon.png&#8221; title_text=&#8221;hme-tech-support-drive-thru-equipment-repairs-factory-authorized-icon&#8221; align=&#8221;center&#8221; _builder_version=&#8221;4.27.4&#8243; _module_preset=&#8221;default&#8221; hover_enabled=&#8221;0&#8243; global_colors_info=&#8221;{}&#8221; sticky_enabled=&#8221;0&#8243;][\/et_pb_image][et_pb_text _builder_version=&#8221;4.27.4&#8243; _module_preset=&#8221;default&#8221; global_colors_info=&#8221;{}&#8221;]<\/p>\n<div class=\"col-12 prod-data-cont center\">\n<h3 class=\"center\" style=\"text-align: center;\"><span style=\"color: #000000;\"><b>Reducci\u00f3n del tiempo de inactividad<\/b><\/span><\/h3>\n<p class=\"center\" style=\"text-align: center;\"><span style=\"color: #000000;\">Nuestro exclusivo servicio de intercambio anticipado proporciona equipos de sustituci\u00f3n en 24 horas para reducir el costoso tiempo de inactividad de los equipos.<\/span><\/p>\n<\/div>\n<p>[\/et_pb_text][\/et_pb_column][\/et_pb_row][et_pb_row column_structure=&#8221;1_2,1_2&#8243; _builder_version=&#8221;4.27.4&#8243; _module_preset=&#8221;default&#8221; global_colors_info=&#8221;{}&#8221;][et_pb_column type=&#8221;1_2&#8243; _builder_version=&#8221;4.27.4&#8243; _module_preset=&#8221;default&#8221; global_colors_info=&#8221;{}&#8221;][et_pb_image src=&#8221;https:\/\/dicotron.com\/web\/wp-content\/uploads\/2025\/05\/hme-tech-support-drive-thru-equipment-repairs-highest-quality-icon.png&#8221; title_text=&#8221;hme-tech-support-drive-thru-equipment-repairs-highest-quality-icon&#8221; align=&#8221;center&#8221; _builder_version=&#8221;4.27.4&#8243; _module_preset=&#8221;default&#8221; hover_enabled=&#8221;0&#8243; global_colors_info=&#8221;{}&#8221; sticky_enabled=&#8221;0&#8243;][\/et_pb_image][et_pb_text _builder_version=&#8221;4.27.4&#8243; _module_preset=&#8221;default&#8221; global_colors_info=&#8221;{}&#8221;]<\/p>\n<div class=\"col-12 prod-data-cont center\">\n<h3 class=\"center\" style=\"text-align: center;\"><span style=\"color: #000000;\"><b>Cuota mensual fija<\/b><\/span><\/h3>\n<p class=\"center\" style=\"text-align: center;\"><span style=\"color: #000000;\">Protege contra los gastos sorpresa de las reparaciones del equipo del drive-thru.<\/span><\/p>\n<\/div>\n<p>[\/et_pb_text][\/et_pb_column][et_pb_column type=&#8221;1_2&#8243; _builder_version=&#8221;4.27.4&#8243; _module_preset=&#8221;default&#8221; global_colors_info=&#8221;{}&#8221;][et_pb_image src=&#8221;https:\/\/dicotron.com\/web\/wp-content\/uploads\/2025\/05\/hme-tech-support-drive-thru-equipment-repairs-upgrades-icon.png&#8221; title_text=&#8221;hme-tech-support-drive-thru-equipment-repairs-upgrades-icon&#8221; align=&#8221;center&#8221; _builder_version=&#8221;4.27.4&#8243; _module_preset=&#8221;default&#8221; hover_enabled=&#8221;0&#8243; global_colors_info=&#8221;{}&#8221; sticky_enabled=&#8221;0&#8243;][\/et_pb_image][et_pb_text _builder_version=&#8221;4.27.4&#8243; _module_preset=&#8221;default&#8221; global_colors_info=&#8221;{}&#8221;]<\/p>\n<div class=\"col-12 prod-data-cont center\">\n<h3 class=\"center\" style=\"text-align: center;\"><span style=\"color: #000000;\"><b>Sin contratos a largo plazo<\/b><\/span><\/h3>\n<p class=\"center\" style=\"text-align: center;\"><span style=\"color: #000000;\">Sin preocupaciones, sin molestias y sin compromisos a largo plazo.<\/span><\/p>\n<\/div>\n<p>[\/et_pb_text][\/et_pb_column][\/et_pb_row][\/et_pb_section][et_pb_section fb_built=&#8221;1&#8243; _builder_version=&#8221;4.27.4&#8243; _module_preset=&#8221;default&#8221; locked=&#8221;off&#8221; global_colors_info=&#8221;{}&#8221;][et_pb_row _builder_version=&#8221;4.27.4&#8243; _module_preset=&#8221;default&#8221; global_colors_info=&#8221;{}&#8221;][et_pb_column type=&#8221;4_4&#8243; _builder_version=&#8221;4.27.4&#8243; _module_preset=&#8221;default&#8221; global_colors_info=&#8221;{}&#8221;][et_pb_text _builder_version=&#8221;4.27.4&#8243; _module_preset=&#8221;default&#8221; global_colors_info=&#8221;{}&#8221;]<\/p>\n<h2 style=\"text-align: center;\"><strong>Resolver los problemas de sus equipos es tan f\u00e1cil como 1-2-3<\/strong><\/h2>\n<p>[\/et_pb_text][\/et_pb_column][\/et_pb_row][et_pb_row column_structure=&#8221;1_3,1_3,1_3&#8243; _builder_version=&#8221;4.27.4&#8243; _module_preset=&#8221;default&#8221; global_colors_info=&#8221;{}&#8221;][et_pb_column type=&#8221;1_3&#8243; _builder_version=&#8221;4.27.4&#8243; _module_preset=&#8221;default&#8221; global_colors_info=&#8221;{}&#8221;][et_pb_image src=&#8221;https:\/\/dicotron.com\/web\/wp-content\/uploads\/2025\/05\/hme-tech-support-drive-thru-equipment-phone-icon.png&#8221; title_text=&#8221;hme-tech-support-drive-thru-equipment-phone-icon&#8221; align=&#8221;center&#8221; _builder_version=&#8221;4.27.4&#8243; _module_preset=&#8221;default&#8221; hover_enabled=&#8221;0&#8243; global_colors_info=&#8221;{}&#8221; sticky_enabled=&#8221;0&#8243;][\/et_pb_image][et_pb_text _builder_version=&#8221;4.27.4&#8243; _module_preset=&#8221;default&#8221; global_colors_info=&#8221;{}&#8221;]<\/p>\n<p style=\"text-align: center;\"><span style=\"color: #000000; font-size: 17px;\">Llame al <a href=\"tel:8008484468\">800.848.4468 <\/a>y, a continuaci\u00f3n, 1-2-3 para ponerse en contacto con el servicio de asistencia t\u00e9cnica.<\/span><\/p>\n<p>[\/et_pb_text][\/et_pb_column][et_pb_column type=&#8221;1_3&#8243; _builder_version=&#8221;4.27.4&#8243; _module_preset=&#8221;default&#8221; global_colors_info=&#8221;{}&#8221;][et_pb_image src=&#8221;https:\/\/dicotron.com\/web\/wp-content\/uploads\/2025\/05\/hme-tech-support-drive-thru-equipment-wrench-icon.png&#8221; title_text=&#8221;hme-tech-support-drive-thru-equipment-wrench-icon&#8221; align=&#8221;center&#8221; _builder_version=&#8221;4.27.4&#8243; _module_preset=&#8221;default&#8221; hover_enabled=&#8221;0&#8243; global_colors_info=&#8221;{}&#8221; sticky_enabled=&#8221;0&#8243;][\/et_pb_image][et_pb_text _builder_version=&#8221;4.27.4&#8243; _module_preset=&#8221;default&#8221; global_colors_info=&#8221;{}&#8221;]<\/p>\n<p style=\"text-align: center;\"><span style=\"color: #000000; font-size: 17px;\">Normalmente podemos solucionar el problema por tel\u00e9fono. Si no es as\u00ed, le enviaremos directamente a su domicilio un equipo de sustituci\u00f3n totalmente renovado.<\/span><\/p>\n<p>[\/et_pb_text][\/et_pb_column][et_pb_column type=&#8221;1_3&#8243; _builder_version=&#8221;4.27.4&#8243; _module_preset=&#8221;default&#8221; global_colors_info=&#8221;{}&#8221;][et_pb_image src=&#8221;https:\/\/dicotron.com\/web\/wp-content\/uploads\/2025\/05\/hme-tech-support-drive-thru-equipment-box-icon.png&#8221; title_text=&#8221;hme-tech-support-drive-thru-equipment-box-icon&#8221; align=&#8221;center&#8221; _builder_version=&#8221;4.27.4&#8243; _module_preset=&#8221;default&#8221; hover_enabled=&#8221;0&#8243; global_colors_info=&#8221;{}&#8221; sticky_enabled=&#8221;0&#8243;][\/et_pb_image][et_pb_text _builder_version=&#8221;4.27.4&#8243; _module_preset=&#8221;default&#8221; global_colors_info=&#8221;{}&#8221;]<\/p>\n<p style=\"text-align: center;\"><span style=\"color: #000000; font-size: 17px;\">Simplemente vuelva a colocar el equipo defectuoso en la misma caja y UPS lo recoger\u00e1. As\u00ed de f\u00e1cil.<\/span><\/p>\n<p>[\/et_pb_text][\/et_pb_column][\/et_pb_row][\/et_pb_section]<\/p>\n","protected":false},"excerpt":{"rendered":"<p>Soporte HME Env\u00ede su reparaci\u00f3n Inicio de sesi\u00f3n Soporte HME \u00a0 \u00a0 \u00a0 \u00a0 \u00a0 \u00a0 Env\u00ede su reparaci\u00f3n Inicio de sesi\u00f3n CONTRATO DE MANTENIMIENTO DE EQUIPOS DRIVE-THRU (EMA) Acuerdo de mantenimiento de equipos de drive-thru (EMA) Proteja su valiosa inversi\u00f3n en sistemas de temporizadores de drive-thru y sistemas de auriculares de drive-thru con un [&hellip;]<\/p>\n","protected":false},"author":1,"featured_media":0,"parent":0,"menu_order":0,"comment_status":"closed","ping_status":"closed","template":"","meta":{"_et_pb_use_builder":"on","_et_pb_old_content":"","_et_gb_content_width":"","footnotes":""},"class_list":["post-260","page","type-page","status-publish","hentry"],"_links":{"self":[{"href":"https:\/\/dicotron.com\/web\/wp-json\/wp\/v2\/pages\/260","targetHints":{"allow":["GET"]}}],"collection":[{"href":"https:\/\/dicotron.com\/web\/wp-json\/wp\/v2\/pages"}],"about":[{"href":"https:\/\/dicotron.com\/web\/wp-json\/wp\/v2\/types\/page"}],"author":[{"embeddable":true,"href":"https:\/\/dicotron.com\/web\/wp-json\/wp\/v2\/users\/1"}],"replies":[{"embeddable":true,"href":"https:\/\/dicotron.com\/web\/wp-json\/wp\/v2\/comments?post=260"}],"version-history":[{"count":10,"href":"https:\/\/dicotron.com\/web\/wp-json\/wp\/v2\/pages\/260\/revisions"}],"predecessor-version":[{"id":2517,"href":"https:\/\/dicotron.com\/web\/wp-json\/wp\/v2\/pages\/260\/revisions\/2517"}],"wp:attachment":[{"href":"https:\/\/dicotron.com\/web\/wp-json\/wp\/v2\/media?parent=260"}],"curies":[{"name":"wp","href":"https:\/\/api.w.org\/{rel}","templated":true}]}}