{"id":247,"date":"2025-04-07T15:16:12","date_gmt":"2025-04-07T15:16:12","guid":{"rendered":"https:\/\/dicotron.avta.mx\/?page_id=247"},"modified":"2025-10-31T21:22:54","modified_gmt":"2025-10-31T21:22:54","slug":"datos-zoom-nitro","status":"publish","type":"page","link":"https:\/\/dicotron.com\/web\/datos-zoom-nitro\/","title":{"rendered":"Datos ZOOM Nitro"},"content":{"rendered":"<p>[et_pb_section fb_built=&#8221;1&#8243; disabled_on=&#8221;on|on|off&#8221; module_class=&#8221;hme_support_gray_section&#8221; _builder_version=&#8221;4.27.4&#8243; _module_preset=&#8221;default&#8221; background_color=&#8221;#eeeeee&#8221; custom_padding=&#8221;0px||3px|||&#8221; custom_css_free_form=&#8221;.home-card-title :hover{||  \tcolor:#1584cd;||}||.hme_support_gray_section{||    overflow: visible !important;||    position: relative; ||    z-index: auto;||}&#8221; box_shadow_style=&#8221;preset1&#8243; box_shadow_spread=&#8221;-9px&#8221; box_shadow_color=&#8221;#000000&#8243; locked=&#8221;off&#8221; global_colors_info=&#8221;{}&#8221;][et_pb_row column_structure=&#8221;1_2,1_2&#8243; _builder_version=&#8221;4.27.4&#8243; _module_preset=&#8221;default&#8221; custom_padding=&#8221;||0px|||&#8221; global_colors_info=&#8221;{}&#8221;][et_pb_column type=&#8221;1_2&#8243; _builder_version=&#8221;4.27.4&#8243; _module_preset=&#8221;default&#8221; global_colors_info=&#8221;{}&#8221;][et_pb_text _builder_version=&#8221;4.27.4&#8243; _module_preset=&#8221;default&#8221; global_colors_info=&#8221;{}&#8221;]<\/p>\n<h3>Zoom Nitro<\/h3>\n<p>[\/et_pb_text][\/et_pb_column][et_pb_column type=&#8221;1_2&#8243; _builder_version=&#8221;4.27.4&#8243; _module_preset=&#8221;default&#8221; global_colors_info=&#8221;{}&#8221;][et_pb_text module_class=&#8221;home-card-title&#8221; _builder_version=&#8221;4.27.4&#8243; _module_preset=&#8221;default&#8221; custom_padding=&#8221;||0px|||&#8221; global_colors_info=&#8221;{}&#8221;]<\/p>\n<div style=\"display: flex; gap: 10px;\">\n<h4><a href=\"\/temporizador-zoom-nitro\">Temporizador<\/a><\/h3>\n<h4><a href=\"\/gamificacion-zoom-nitro\">Gamificaci\u00f3n<\/a><\/h4>\n<h4><a href=\"\/tabla-de-clasificacion-zoom-nitro\">Clasificaci\u00f3n<\/a><\/h4>\n<h4><a href=\"\/datos-zoom-nitro\">Datos<\/a><\/h4>\n<h4><a href=\"\/vision-ai\">Visi\u00f3nAI<\/a><\/h4>\n<h4><a href=\"\/biblioteca-de-recursos\">Recursos<\/a><\/h4>\n<\/div>\n<p>[\/et_pb_text][\/et_pb_column][\/et_pb_row][\/et_pb_section][et_pb_section fb_built=&#8221;1&#8243; disabled_on=&#8221;off|off|on&#8221; admin_label=&#8221;Section&#8221; _builder_version=&#8221;4.27.4&#8243; _module_preset=&#8221;default&#8221; background_color=&#8221;#302c34&#8243; custom_padding=&#8221;0px||0px|||&#8221; locked=&#8221;off&#8221; global_colors_info=&#8221;{}&#8221;][et_pb_row _builder_version=&#8221;4.27.4&#8243; _module_preset=&#8221;default&#8221; custom_padding=&#8221;15px||0px|||&#8221; global_colors_info=&#8221;{}&#8221;][et_pb_column type=&#8221;4_4&#8243; _builder_version=&#8221;4.27.4&#8243; _module_preset=&#8221;default&#8221; global_colors_info=&#8221;{}&#8221;][et_pb_text _builder_version=&#8221;4.27.4&#8243; _module_preset=&#8221;default&#8221; global_colors_info=&#8221;{}&#8221;]<\/p>\n<h2 style=\"font-size: 1.25em;\n    font-weight: 700;color: white; text-align:center\"><br \/>\nZoom Nitro<br \/>\n<\/h2>\n<p>[\/et_pb_text][\/et_pb_column][\/et_pb_row][et_pb_row _builder_version=&#8221;4.27.4&#8243; _module_preset=&#8221;default&#8221; global_colors_info=&#8221;{}&#8221;][et_pb_column type=&#8221;4_4&#8243; _builder_version=&#8221;4.27.4&#8243; _module_preset=&#8221;default&#8221; global_colors_info=&#8221;{}&#8221;][et_pb_menu menu_id=&#8221;14&#8243; active_link_color=&#8221;#FFFFFF&#8221; _builder_version=&#8221;4.27.4&#8243; _module_preset=&#8221;default&#8221; background_color=&#8221;#eae9e9&#8243; global_colors_info=&#8221;{}&#8221;][\/et_pb_menu][\/et_pb_column][\/et_pb_row][\/et_pb_section][et_pb_section fb_built=&#8221;1&#8243; _builder_version=&#8221;4.27.4&#8243; _module_preset=&#8221;default&#8221; background_image=&#8221;https:\/\/dicotron.com\/web\/wp-content\/uploads\/2025\/04\/bnr-nitro-data.webp&#8221; height=&#8221;400px&#8221; hover_enabled=&#8221;0&#8243; global_colors_info=&#8221;{}&#8221; title_text=&#8221;bnr-nitro-data&#8221; sticky_enabled=&#8221;0&#8243;][\/et_pb_section][et_pb_section fb_built=&#8221;1&#8243; _builder_version=&#8221;4.27.4&#8243; _module_preset=&#8221;default&#8221; background_color=&#8221;#f8f8f8&#8243; global_colors_info=&#8221;{}&#8221;][et_pb_row _builder_version=&#8221;4.27.4&#8243; _module_preset=&#8221;default&#8221; global_colors_info=&#8221;{}&#8221;][et_pb_column type=&#8221;4_4&#8243; _builder_version=&#8221;4.27.4&#8243; _module_preset=&#8221;default&#8221; global_colors_info=&#8221;{}&#8221;][et_pb_text _builder_version=&#8221;4.27.4&#8243; _module_preset=&#8221;default&#8221; global_colors_info=&#8221;{}&#8221;]<\/p>\n<h1 style=\"color: black; font-size: 32px; text-align: center;\"><strong><br \/>\nDatos de ZOOM Nitro<br \/>\n<\/strong><\/h1>\n<h2 style=\"color: black; font-size: 29px; text-align: center;\">Toda su operaci\u00f3n al alcance de la mano.<br \/>\nEn cualquier momento y lugar.<\/h2>\n<p><\/p>\n<p style=\"color: black; font-size: 17px; text-align: center;\">Todas sus tiendas recopiladas en visuales comparativos f\u00e1ciles de leer, incluyendo porcentajes de objetivos, recuento de coches y tiempos medios de servicio. Visualice las m\u00e9tricas en tiempo real de uno o varios restaurantes para identificar r\u00e1pidamente las tiendas de alto y bajo rendimiento. Los informes hist\u00f3ricos de varias tiendas le permiten centrarse en \u00e1reas clave de mejora bas\u00e1ndose en el rendimiento pasado.<\/p>\n<p>[\/et_pb_text][\/et_pb_column][\/et_pb_row][et_pb_row _builder_version=&#8221;4.27.4&#8243; _module_preset=&#8221;default&#8221; global_colors_info=&#8221;{}&#8221;][et_pb_column type=&#8221;4_4&#8243; _builder_version=&#8221;4.27.4&#8243; _module_preset=&#8221;default&#8221; global_colors_info=&#8221;{}&#8221;][et_pb_image src=&#8221;https:\/\/dicotron.avta.mx\/wp-content\/uploads\/2025\/04\/nitro-data-img.webp&#8221; title_text=&#8221;nitro-data-img&#8221; _builder_version=&#8221;4.27.4&#8243; _module_preset=&#8221;default&#8221; global_colors_info=&#8221;{}&#8221;][\/et_pb_image][\/et_pb_column][\/et_pb_row][\/et_pb_section][et_pb_section fb_built=&#8221;1&#8243; _builder_version=&#8221;4.27.4&#8243; _module_preset=&#8221;default&#8221; locked=&#8221;off&#8221; global_colors_info=&#8221;{}&#8221;][et_pb_row column_structure=&#8221;2_5,3_5&#8243; _builder_version=&#8221;4.27.4&#8243; _module_preset=&#8221;default&#8221; global_colors_info=&#8221;{}&#8221;][et_pb_column type=&#8221;2_5&#8243; _builder_version=&#8221;4.27.4&#8243; _module_preset=&#8221;default&#8221; global_colors_info=&#8221;{}&#8221;][et_pb_image src=&#8221;https:\/\/dicotron.avta.mx\/wp-content\/uploads\/2025\/04\/ipad-monster-2.jpg&#8221; title_text=&#8221;ipad-monster&#8221; _builder_version=&#8221;4.27.4&#8243; _module_preset=&#8221;default&#8221; global_colors_info=&#8221;{}&#8221;][\/et_pb_image][\/et_pb_column][et_pb_column type=&#8221;3_5&#8243; _builder_version=&#8221;4.27.4&#8243; _module_preset=&#8221;default&#8221; global_colors_info=&#8221;{}&#8221;][et_pb_text _builder_version=&#8221;4.27.4&#8243; _module_preset=&#8221;default&#8221; global_colors_info=&#8221;{}&#8221;]<\/p>\n<h2 style=\"color: black; font-size: 30px; text-align: left;\"><strong><br \/>Informes De Varias Tiendas<br \/><\/strong><\/h2>\n<p style=\"color: black; font-size: 17px;\">Visualice los datos desglosados para ver lo que funciona o lo que debe cambiar. Profundice en los detalles de una tienda o haga comparaciones a gran escala, para ver f\u00e1cilmente c\u00f3mo se compara una regi\u00f3n con otra.<\/p>\n<p>[\/et_pb_text][\/et_pb_column][\/et_pb_row][et_pb_row column_structure=&#8221;2_5,3_5&#8243; _builder_version=&#8221;4.27.4&#8243; _module_preset=&#8221;default&#8221; global_colors_info=&#8221;{}&#8221;][et_pb_column type=&#8221;2_5&#8243; _builder_version=&#8221;4.27.4&#8243; _module_preset=&#8221;default&#8221; global_colors_info=&#8221;{}&#8221;][et_pb_image src=&#8221;https:\/\/dicotron.avta.mx\/wp-content\/uploads\/2025\/04\/monster-hierarchy.webp&#8221; title_text=&#8221;monster-hierarchy&#8221; _builder_version=&#8221;4.27.4&#8243; _module_preset=&#8221;default&#8221; global_colors_info=&#8221;{}&#8221;][\/et_pb_image][\/et_pb_column][et_pb_column type=&#8221;3_5&#8243; _builder_version=&#8221;4.27.4&#8243; _module_preset=&#8221;default&#8221; global_colors_info=&#8221;{}&#8221;][et_pb_text _builder_version=&#8221;4.27.4&#8243; _module_preset=&#8221;default&#8221; global_colors_info=&#8221;{}&#8221;]<\/p>\n<h2 style=\"color: black; font-size: 31px; text-align: left;\"><strong><\/p>\n<p>Sus Datos, Su Manera<br \/><\/strong><\/h2>\n<p style=\"color: black; font-size: 17px;\">Organice sus tiendas para gestionar f\u00e1cilmente la visibilidad de la empresa y el acceso de los usuarios. Asigne tiendas a Jefes de Distrito, Jefes de \u00c1rea, Jefes de Tienda o a cualquier miembro de su equipo. Cree jerarqu\u00edas basadas en los criterios que desee, como regiones y distritos, para reflejar su forma de hacer negocios.<\/p>\n<p>[\/et_pb_text][\/et_pb_column][\/et_pb_row][\/et_pb_section][et_pb_section fb_built=&#8221;1&#8243; _builder_version=&#8221;4.27.4&#8243; _module_preset=&#8221;default&#8221; background_color=&#8221;#f8f8f8&#8243; global_colors_info=&#8221;{}&#8221;][et_pb_row _builder_version=&#8221;4.27.4&#8243; _module_preset=&#8221;default&#8221; global_colors_info=&#8221;{}&#8221;][et_pb_column type=&#8221;4_4&#8243; _builder_version=&#8221;4.27.4&#8243; _module_preset=&#8221;default&#8221; global_colors_info=&#8221;{}&#8221;][et_pb_text _builder_version=&#8221;4.27.4&#8243; _module_preset=&#8221;default&#8221; global_colors_info=&#8221;{}&#8221;]<\/p>\n<h2 style=\"color: black; font-size: 32px; text-align:center\"><strong><br \/>\nMant\u00e9ngase Al D\u00eda Y Conectado<br \/>\n<\/strong><\/h2>\n<p style=\"color: black; font-size:17px;\">\nAcceda remotamente y ajuste la configuraci\u00f3n de sus temporizadores Nitro. Reciba actualizaciones de software para estar siempre al d\u00eda de las \u00faltimas funciones de software. Con\u00e9ctese con el soporte t\u00e9cnico de HME para identificar y resolver problemas antes de enviar un t\u00e9cnico a su tienda. En cualquier momento. En cualquier lugar.\n<\/p>\n<p>[\/et_pb_text][\/et_pb_column][\/et_pb_row][et_pb_row column_structure=&#8221;1_3,1_3,1_3&#8243; _builder_version=&#8221;4.27.4&#8243; _module_preset=&#8221;default&#8221; global_colors_info=&#8221;{}&#8221;][et_pb_column type=&#8221;1_3&#8243; _builder_version=&#8221;4.27.4&#8243; _module_preset=&#8221;default&#8221; global_colors_info=&#8221;{}&#8221;][et_pb_image src=&#8221;https:\/\/dicotron.com\/web\/wp-content\/uploads\/2025\/04\/nitro-data-icon.webp&#8221; title_text=&#8221;nitro-data-icon&#8221; _builder_version=&#8221;4.27.4&#8243; _module_preset=&#8221;default&#8221; hover_enabled=&#8221;0&#8243; global_colors_info=&#8221;{}&#8221; sticky_enabled=&#8221;0&#8243;][\/et_pb_image][\/et_pb_column][et_pb_column type=&#8221;1_3&#8243; _builder_version=&#8221;4.27.4&#8243; _module_preset=&#8221;default&#8221; global_colors_info=&#8221;{}&#8221;][et_pb_image src=&#8221;https:\/\/dicotron.com\/web\/wp-content\/uploads\/2025\/04\/nitro-data-icon2.webp&#8221; title_text=&#8221;nitro-data-icon2&#8243; _builder_version=&#8221;4.27.4&#8243; _module_preset=&#8221;default&#8221; hover_enabled=&#8221;0&#8243; global_colors_info=&#8221;{}&#8221; sticky_enabled=&#8221;0&#8243;][\/et_pb_image][\/et_pb_column][et_pb_column type=&#8221;1_3&#8243; _builder_version=&#8221;4.27.4&#8243; _module_preset=&#8221;default&#8221; global_colors_info=&#8221;{}&#8221;][et_pb_image src=&#8221;https:\/\/dicotron.com\/web\/wp-content\/uploads\/2025\/04\/nitro-data-icon3.webp&#8221; title_text=&#8221;nitro-data-icon3&#8243; _builder_version=&#8221;4.27.4&#8243; _module_preset=&#8221;default&#8221; hover_enabled=&#8221;0&#8243; global_colors_info=&#8221;{}&#8221; sticky_enabled=&#8221;0&#8243;][\/et_pb_image][\/et_pb_column][\/et_pb_row][\/et_pb_section][et_pb_section fb_built=&#8221;1&#8243; _builder_version=&#8221;4.27.4&#8243; _module_preset=&#8221;default&#8221; locked=&#8221;off&#8221; global_colors_info=&#8221;{}&#8221;][et_pb_row column_structure=&#8221;1_3,1_3,1_3&#8243; _builder_version=&#8221;4.27.4&#8243; _module_preset=&#8221;default&#8221; global_colors_info=&#8221;{}&#8221;][et_pb_column type=&#8221;1_3&#8243; _builder_version=&#8221;4.27.4&#8243; _module_preset=&#8221;default&#8221; global_colors_info=&#8221;{}&#8221;][et_pb_image src=&#8221;https:\/\/dicotron.avta.mx\/wp-content\/uploads\/2025\/04\/nitro-timer-img-2.webp&#8221; title_text=&#8221;nitro-timer-img-2&#8243; align=&#8221;center&#8221; _builder_version=&#8221;4.27.4&#8243; _module_preset=&#8221;default&#8221; global_colors_info=&#8221;{}&#8221;][\/et_pb_image][et_pb_text _builder_version=&#8221;4.27.4&#8243; _module_preset=&#8221;default&#8221; global_colors_info=&#8221;{}&#8221;]<\/p>\n<h2 style=\"text-align: center;\"><strong>Temporizador ZOOM Nitro<\/strong><\/h2>\n<h4 style=\"text-align: center;\"><em><br \/>Una Visi\u00f3n En tiempo Real De Su Autoservicio<br \/><\/em><\/h4>\n<p style=\"text-align: center;\">Visualice los tiempos de servicio y los indicadores clave de rendimiento en tiempo real. Realice un seguimiento del recuento de coches, el ritmo de servicio e identifique y solucione problemas f\u00e1cilmente para mantener su autoservicio al m\u00e1ximo rendimiento.<\/p>\n<p style=\"text-align: center;\"><a href=\"\/temporizador-zoom-nitro\">M\u00e1s informaci\u00f3n<\/a><\/p>\n<p>[\/et_pb_text][\/et_pb_column][et_pb_column type=&#8221;1_3&#8243; _builder_version=&#8221;4.27.4&#8243; _module_preset=&#8221;default&#8221; global_colors_info=&#8221;{}&#8221;][et_pb_image src=&#8221;https:\/\/dicotron.avta.mx\/wp-content\/uploads\/2025\/04\/nitro-leaderboard-tile.webp&#8221; title_text=&#8221;nitro-leaderboard-tile&#8221; align=&#8221;center&#8221; _builder_version=&#8221;4.27.4&#8243; _module_preset=&#8221;default&#8221; global_module=&#8221;1527&#8243; saved_tabs=&#8221;all&#8221; global_colors_info=&#8221;{}&#8221;][\/et_pb_image][et_pb_text _builder_version=&#8221;4.27.4&#8243; _module_preset=&#8221;default&#8221; global_colors_info=&#8221;{}&#8221;]<\/p>\n<h2 style=\"text-align: center;\"><strong>ZOOM Nitro Gamificaci\u00f3n<\/strong><\/h2>\n<h4 style=\"text-align: center;\"><em><br \/>Competici\u00f3n entre varias tiendas para motivar a su equipo<br \/><\/em><\/h4>\n<p style=\"text-align: center;\">Compare las m\u00e9tricas de rendimiento en tiempo real para competir por el primer puesto. Cree oportunidades para celebrar a su equipo, lo que redundar\u00e1 en un mayor compromiso y mejores resultados en toda la organizaci\u00f3n.<\/p>\n<p style=\"text-align: center;\"><a href=\"\/tabla-de-clasificacion-zoom-nitro\">M\u00e1s informaci\u00f3n<\/a><\/p>\n<p>[\/et_pb_text][\/et_pb_column][et_pb_column type=&#8221;1_3&#8243; _builder_version=&#8221;4.27.4&#8243; _module_preset=&#8221;default&#8221; global_colors_info=&#8221;{}&#8221;][et_pb_image src=&#8221;https:\/\/dicotron.avta.mx\/wp-content\/uploads\/2025\/04\/nitro-data-tile.jpg&#8221; title_text=&#8221;nitro-data-tile&#8221; align=&#8221;center&#8221; _builder_version=&#8221;4.27.4&#8243; _module_preset=&#8221;default&#8221; global_colors_info=&#8221;{}&#8221;][\/et_pb_image][et_pb_text _builder_version=&#8221;4.27.4&#8243; _module_preset=&#8221;default&#8221; global_colors_info=&#8221;{}&#8221;]<\/p>\n<h2 style=\"text-align: center;\"><strong>ZOOM Nitro Datos<\/strong><\/h2>\n<h4 style=\"text-align: center;\"><em><br \/>Gesti\u00f3n de empresas de autoservicio<br \/><\/em><\/h4>\n<p style=\"text-align: center;\">Supervise su empresa desde cualquier lugar. Identifique las tiendas de bajo rendimiento y profundice en los detalles para encontrar \u00e1reas de mejora con solo unos clics.<\/p>\n<p style=\"text-align: center;\"><a href=\"\/datos-zoom-nitro\">M\u00e1s informaci\u00f3n<\/a><\/p>\n<p>[\/et_pb_text][\/et_pb_column][\/et_pb_row][\/et_pb_section][et_pb_section fb_built=&#8221;1&#8243; _builder_version=&#8221;4.27.4&#8243; _module_preset=&#8221;default&#8221; background_color=&#8221;#eeeeee&#8221; border_width_top=&#8221;1px&#8221; border_color_top=&#8221;#000000&#8243; locked=&#8221;off&#8221; global_colors_info=&#8221;{}&#8221;][et_pb_row column_structure=&#8221;1_2,1_2&#8243; _builder_version=&#8221;4.27.4&#8243; _module_preset=&#8221;default&#8221; global_colors_info=&#8221;{}&#8221;][et_pb_column type=&#8221;1_2&#8243; _builder_version=&#8221;4.27.4&#8243; _module_preset=&#8221;default&#8221; global_colors_info=&#8221;{}&#8221;][et_pb_image src=&#8221;https:\/\/dicotron.avta.mx\/wp-content\/uploads\/2025\/04\/qsr-training-portal.webp&#8221; title_text=&#8221;qsr-training-portal&#8221; _builder_version=&#8221;4.27.4&#8243; _module_preset=&#8221;default&#8221; max_width=&#8221;100%&#8221; global_colors_info=&#8221;{}&#8221;][\/et_pb_image][\/et_pb_column][et_pb_column type=&#8221;1_2&#8243; _builder_version=&#8221;4.27.4&#8243; _module_preset=&#8221;default&#8221; custom_padding=&#8221;100px||||false|false&#8221; custom_padding_tablet=&#8221;100px||||false|false&#8221; custom_padding_phone=&#8221;100px||||false|false&#8221; custom_padding_last_edited=&#8221;on|desktop&#8221; global_colors_info=&#8221;{}&#8221;][et_pb_text _builder_version=&#8221;4.27.4&#8243; _module_preset=&#8221;default&#8221; global_colors_info=&#8221;{}&#8221;]<\/p>\n<h2>Formaci\u00f3n En L\u00ednea Para El \u00c9xito continuo<\/h2>\n<p>[\/et_pb_text][et_pb_button button_url=&#8221;https:\/\/www.hme.com\/training\/?_gl=1*8zxpt7*_gcl_au*MTY2MTIyNDI0Mi4xNzQzNzc4ODEz&#8221; button_text=&#8221;Visite el portal de formaci\u00f3n&#8221; _builder_version=&#8221;4.27.4&#8243; _module_preset=&#8221;default&#8221; custom_button=&#8221;on&#8221; button_text_color=&#8221;#FFFFFF&#8221; button_bg_color=&#8221;#de1d23&#8243; button_border_radius=&#8221;9px&#8221; button_icon=&#8221;&#xf35d;||fa||900&#8243; button_on_hover=&#8221;off&#8221; global_colors_info=&#8221;{}&#8221; button_bg_color__hover_enabled=&#8221;on|desktop&#8221; button_bg_color__hover=&#8221;#f71920&#8243; button_bg_enable_color__hover=&#8221;on&#8221;][\/et_pb_button][\/et_pb_column][\/et_pb_row][\/et_pb_section][et_pb_section fb_built=&#8221;1&#8243; _builder_version=&#8221;4.27.4&#8243; _module_preset=&#8221;default&#8221; global_colors_info=&#8221;{}&#8221;][et_pb_row _builder_version=&#8221;4.27.4&#8243; _module_preset=&#8221;default&#8221; global_colors_info=&#8221;{}&#8221;][et_pb_column type=&#8221;4_4&#8243; _builder_version=&#8221;4.27.4&#8243; _module_preset=&#8221;default&#8221; global_colors_info=&#8221;{}&#8221;][et_pb_text _builder_version=&#8221;4.27.4&#8243; _module_preset=&#8221;default&#8221; custom_margin=&#8221;||5px|||&#8221; custom_padding=&#8221;||3px|||&#8221; global_colors_info=&#8221;{}&#8221;]<\/p>\n<h2 style=\"text-align: center;\"><b><br \/>\u00bfDesea optimizar sus operaciones QSR? Nosotros podemos ayudarle.<br \/><\/b><\/h2>\n<p>[\/et_pb_text][et_pb_button button_url=&#8221;https:\/\/hme.com\/qsr\/request-info-form\/?rl=https:\/\/hme.com\/qsr&#8221; button_text=&#8221;SOLICITAR INFORMACI\u00d3N&#8221; button_alignment=&#8221;center&#8221; _builder_version=&#8221;4.27.4&#8243; _module_preset=&#8221;default&#8221; custom_button=&#8221;on&#8221; button_text_color=&#8221;#FFFFFF&#8221; button_bg_color=&#8221;#de1d23&#8243; button_use_icon=&#8221;off&#8221; background_layout=&#8221;dark&#8221; global_colors_info=&#8221;{}&#8221; button_bg_color__hover_enabled=&#8221;on|hover&#8221; button_bg_color__hover=&#8221;#f71920&#8243; button_bg_enable_color__hover=&#8221;on&#8221;][\/et_pb_button][\/et_pb_column][\/et_pb_row][\/et_pb_section]<\/p>\n","protected":false},"excerpt":{"rendered":"<p>Zoom Nitro Temporizador Gamificaci\u00f3n Clasificaci\u00f3n Datos Visi\u00f3nAI Recursos Zoom Nitro Datos de ZOOM Nitro Toda su operaci\u00f3n al alcance de la mano. En cualquier momento y lugar. Todas sus tiendas recopiladas en visuales comparativos f\u00e1ciles de leer, incluyendo porcentajes de objetivos, recuento de coches y tiempos medios de servicio. Visualice las m\u00e9tricas en tiempo real [&hellip;]<\/p>\n","protected":false},"author":1,"featured_media":0,"parent":0,"menu_order":0,"comment_status":"closed","ping_status":"closed","template":"","meta":{"_et_pb_use_builder":"on","_et_pb_old_content":"","_et_gb_content_width":"","footnotes":""},"class_list":["post-247","page","type-page","status-publish","hentry"],"_links":{"self":[{"href":"https:\/\/dicotron.com\/web\/wp-json\/wp\/v2\/pages\/247","targetHints":{"allow":["GET"]}}],"collection":[{"href":"https:\/\/dicotron.com\/web\/wp-json\/wp\/v2\/pages"}],"about":[{"href":"https:\/\/dicotron.com\/web\/wp-json\/wp\/v2\/types\/page"}],"author":[{"embeddable":true,"href":"https:\/\/dicotron.com\/web\/wp-json\/wp\/v2\/users\/1"}],"replies":[{"embeddable":true,"href":"https:\/\/dicotron.com\/web\/wp-json\/wp\/v2\/comments?post=247"}],"version-history":[{"count":12,"href":"https:\/\/dicotron.com\/web\/wp-json\/wp\/v2\/pages\/247\/revisions"}],"predecessor-version":[{"id":2506,"href":"https:\/\/dicotron.com\/web\/wp-json\/wp\/v2\/pages\/247\/revisions\/2506"}],"wp:attachment":[{"href":"https:\/\/dicotron.com\/web\/wp-json\/wp\/v2\/media?parent=247"}],"curies":[{"name":"wp","href":"https:\/\/api.w.org\/{rel}","templated":true}]}}