{"id":245,"date":"2025-04-07T15:15:53","date_gmt":"2025-04-07T15:15:53","guid":{"rendered":"https:\/\/dicotron.avta.mx\/?page_id=245"},"modified":"2025-07-11T18:28:26","modified_gmt":"2025-07-11T18:28:26","slug":"tabla-de-clasificacion-zoom-nitro","status":"publish","type":"page","link":"https:\/\/dicotron.com\/web\/tabla-de-clasificacion-zoom-nitro\/","title":{"rendered":"Tabla de Clasificaci\u00f3n ZOOM Nitro"},"content":{"rendered":"<p>[et_pb_section fb_built=&#8221;1&#8243; disabled_on=&#8221;on|on|off&#8221; module_class=&#8221;hme_support_gray_section&#8221; _builder_version=&#8221;4.27.4&#8243; _module_preset=&#8221;default&#8221; background_color=&#8221;#eeeeee&#8221; custom_padding=&#8221;0px||3px|||&#8221; custom_css_free_form=&#8221;.home-card-title :hover{||  \tcolor:#1584cd;||}||.hme_support_gray_section{||    overflow: visible !important;||    position: relative; ||    z-index: auto;||}&#8221; box_shadow_style=&#8221;preset1&#8243; box_shadow_spread=&#8221;-9px&#8221; box_shadow_color=&#8221;#000000&#8243; locked=&#8221;off&#8221; global_colors_info=&#8221;{}&#8221;][et_pb_row column_structure=&#8221;1_2,1_2&#8243; _builder_version=&#8221;4.27.4&#8243; _module_preset=&#8221;default&#8221; custom_padding=&#8221;||0px|||&#8221; global_colors_info=&#8221;{}&#8221;][et_pb_column type=&#8221;1_2&#8243; _builder_version=&#8221;4.27.4&#8243; _module_preset=&#8221;default&#8221; global_colors_info=&#8221;{}&#8221;][et_pb_text _builder_version=&#8221;4.27.4&#8243; _module_preset=&#8221;default&#8221; global_colors_info=&#8221;{}&#8221;]<\/p>\n<h3>Zoom Nitro<\/h3>\n<p>[\/et_pb_text][\/et_pb_column][et_pb_column type=&#8221;1_2&#8243; _builder_version=&#8221;4.27.4&#8243; _module_preset=&#8221;default&#8221; global_colors_info=&#8221;{}&#8221;][et_pb_text module_class=&#8221;home-card-title&#8221; _builder_version=&#8221;4.27.4&#8243; _module_preset=&#8221;default&#8221; custom_padding=&#8221;||0px|||&#8221; global_colors_info=&#8221;{}&#8221;]<\/p>\n<div style=\"display: flex; gap: 10px;\">\n<h4><a href=\"\/temporizador-zoom-nitro\">Temporizador<\/a><\/h3>\n<h4><a href=\"\/gamificacion-zoom-nitro\">Gamificaci\u00f3n<\/a><\/h4>\n<h4><a href=\"\/tabla-de-clasificacion-zoom-nitro\">Clasificaci\u00f3n<\/a><\/h4>\n<h4><a href=\"\/datos-zoom-nitro\">Datos<\/a><\/h4>\n<h4><a href=\"\/vision-ai\">Visi\u00f3nAI<\/a><\/h4>\n<h4><a href=\"\/biblioteca-de-recursos\">Recursos<\/a><\/h4>\n<\/div>\n<p>[\/et_pb_text][\/et_pb_column][\/et_pb_row][\/et_pb_section][et_pb_section fb_built=&#8221;1&#8243; disabled_on=&#8221;off|off|on&#8221; admin_label=&#8221;Section&#8221; _builder_version=&#8221;4.27.4&#8243; _module_preset=&#8221;default&#8221; background_color=&#8221;#302c34&#8243; custom_padding=&#8221;0px||0px|||&#8221; locked=&#8221;off&#8221; global_colors_info=&#8221;{}&#8221;][et_pb_row _builder_version=&#8221;4.27.4&#8243; _module_preset=&#8221;default&#8221; custom_padding=&#8221;15px||0px|||&#8221; global_colors_info=&#8221;{}&#8221;][et_pb_column type=&#8221;4_4&#8243; _builder_version=&#8221;4.27.4&#8243; _module_preset=&#8221;default&#8221; global_colors_info=&#8221;{}&#8221;][et_pb_text _builder_version=&#8221;4.27.4&#8243; _module_preset=&#8221;default&#8221; global_colors_info=&#8221;{}&#8221;]<\/p>\n<h2 style=\"font-size: 1.25em;\n    font-weight: 700;color: white; text-align:center\"><br \/>\nZoom Nitro<br \/>\n<\/h2>\n<p>[\/et_pb_text][\/et_pb_column][\/et_pb_row][et_pb_row _builder_version=&#8221;4.27.4&#8243; _module_preset=&#8221;default&#8221; global_colors_info=&#8221;{}&#8221;][et_pb_column type=&#8221;4_4&#8243; _builder_version=&#8221;4.27.4&#8243; _module_preset=&#8221;default&#8221; global_colors_info=&#8221;{}&#8221;][et_pb_menu menu_id=&#8221;14&#8243; active_link_color=&#8221;#FFFFFF&#8221; _builder_version=&#8221;4.27.4&#8243; _module_preset=&#8221;default&#8221; background_color=&#8221;#eae9e9&#8243; global_colors_info=&#8221;{}&#8221;][\/et_pb_menu][\/et_pb_column][\/et_pb_row][\/et_pb_section][et_pb_section fb_built=&#8221;1&#8243; _builder_version=&#8221;4.27.4&#8243; _module_preset=&#8221;default&#8221; background_image=&#8221;https:\/\/dicotron.avta.mx\/wp-content\/uploads\/2025\/04\/bnr-nitro-timer-background-1.webp&#8221; global_colors_info=&#8221;{}&#8221;][et_pb_row column_structure=&#8221;2_5,3_5&#8243; _builder_version=&#8221;4.27.4&#8243; _module_preset=&#8221;default&#8221; global_colors_info=&#8221;{}&#8221;][et_pb_column type=&#8221;2_5&#8243; _builder_version=&#8221;4.27.4&#8243; _module_preset=&#8221;default&#8221; global_colors_info=&#8221;{}&#8221;][et_pb_text _builder_version=&#8221;4.27.4&#8243; _module_preset=&#8221;default&#8221; global_colors_info=&#8221;{}&#8221;]<\/p>\n<h1 style=\"color: black; font-size: 32px; text-align: left;\"><strong><br \/>ZOOM Nitro\u00ae<br \/>Tabla de clasificaci\u00f3n<br \/><\/strong><\/h1>\n<h2 style=\"color: black; font-size: 22px; text-align: left;\"><strong><br \/>Ranking de resultados para aumentar la motivaci\u00f3n<br \/><\/strong><\/h2>\n<p>[\/et_pb_text][\/et_pb_column][et_pb_column type=&#8221;3_5&#8243; _builder_version=&#8221;4.27.4&#8243; _module_preset=&#8221;default&#8221; global_colors_info=&#8221;{}&#8221;][et_pb_image src=&#8221;https:\/\/dicotron.avta.mx\/wp-content\/uploads\/2025\/04\/Leaderboard-tile.webp&#8221; title_text=&#8221;Leaderboard tile&#8221; _builder_version=&#8221;4.27.4&#8243; _module_preset=&#8221;default&#8221; global_colors_info=&#8221;{}&#8221;][\/et_pb_image][\/et_pb_column][\/et_pb_row][\/et_pb_section][et_pb_section fb_built=&#8221;1&#8243; _builder_version=&#8221;4.27.4&#8243; _module_preset=&#8221;default&#8221; global_colors_info=&#8221;{}&#8221;][et_pb_row _builder_version=&#8221;4.27.4&#8243; _module_preset=&#8221;default&#8221; global_colors_info=&#8221;{}&#8221;][et_pb_column type=&#8221;4_4&#8243; _builder_version=&#8221;4.27.4&#8243; _module_preset=&#8221;default&#8221; global_colors_info=&#8221;{}&#8221;][et_pb_text _builder_version=&#8221;4.27.4&#8243; _module_preset=&#8221;default&#8221; global_colors_info=&#8221;{}&#8221;]<\/p>\n<h2 style=\"color: black; font-size: 32px; text-align: center;\"><strong><br \/>Superar A Los Dem\u00e1s Para Llegar A Lo M\u00e1s Alto<br \/><\/strong><\/h2>\n<p style=\"color: black; font-size: 17px; text-align: center;\">La clasificaci\u00f3n multi-tienda es una forma f\u00e1cil y emocionante de motivar a su personal y fomentar mejores resultados. Las cuadrillas est\u00e1n motivadas para superar a otras tiendas y llegar a la cima de la clasificaci\u00f3n, lo que se traduce en mejores resultados para toda la organizaci\u00f3n. Clasifique las tiendas en funci\u00f3n del n\u00famero de coches, los tiempos de servicio o una m\u00e9trica diferente. La tabla de clasificaci\u00f3n de ZOOM Nitro facilita el entrenamiento de su equipo y ofrece nuevas oportunidades para celebrar su duro trabajo cada d\u00eda.<\/p>\n<p>[\/et_pb_text][\/et_pb_column][\/et_pb_row][et_pb_row _builder_version=&#8221;4.27.4&#8243; _module_preset=&#8221;default&#8221; global_colors_info=&#8221;{}&#8221;][et_pb_column type=&#8221;4_4&#8243; _builder_version=&#8221;4.27.4&#8243; _module_preset=&#8221;default&#8221; global_colors_info=&#8221;{}&#8221;][et_pb_image src=&#8221;https:\/\/dicotron.avta.mx\/wp-content\/uploads\/2025\/04\/zoom-nitro-leaderboard.webp&#8221; title_text=&#8221;zoom-nitro-leaderboard&#8221; _builder_version=&#8221;4.27.4&#8243; _module_preset=&#8221;default&#8221; global_colors_info=&#8221;{}&#8221;][\/et_pb_image][\/et_pb_column][\/et_pb_row][et_pb_row _builder_version=&#8221;4.27.4&#8243; _module_preset=&#8221;default&#8221; global_colors_info=&#8221;{}&#8221;][et_pb_column type=&#8221;4_4&#8243; _builder_version=&#8221;4.27.4&#8243; _module_preset=&#8221;default&#8221; global_colors_info=&#8221;{}&#8221;][et_pb_text _builder_version=&#8221;4.27.4&#8243; _module_preset=&#8221;default&#8221; global_colors_info=&#8221;{}&#8221;]<\/p>\n<h2 style=\"color: black; font-size: 32px; text-align: center;\"><strong><br \/>Nivelar El Campo De Juego<br \/><\/strong><\/h2>\n<p style=\"color: black; font-size: 17px; text-align: center;\">Agrupa la clasificaci\u00f3n a tu manera. Haga que el primer puesto sea m\u00e1s asequible para las tiendas con peores resultados agrup\u00e1ndolas con tiendas con resultados similares. Desaf\u00ede a las tiendas con mejores resultados agrup\u00e1ndolas con otras tiendas con resultados similares. Tenga en cuenta diferenciadores clave como la configuraci\u00f3n del drive-thru y el volumen de tr\u00e1fico al establecer sus grupos de Leaderboard para obtener los mejores resultados.<\/p>\n<p>[\/et_pb_text][\/et_pb_column][\/et_pb_row][\/et_pb_section][et_pb_section fb_built=&#8221;1&#8243; _builder_version=&#8221;4.27.4&#8243; _module_preset=&#8221;default&#8221; background_color=&#8221;#f8f8f8&#8243; global_module=&#8221;1576&#8243; saved_tabs=&#8221;all&#8221; global_colors_info=&#8221;{}&#8221;][et_pb_row column_structure=&#8221;1_2,1_2&#8243; _builder_version=&#8221;4.27.4&#8243; _module_preset=&#8221;default&#8221; global_colors_info=&#8221;{}&#8221;][et_pb_column type=&#8221;1_2&#8243; _builder_version=&#8221;4.27.4&#8243; _module_preset=&#8221;default&#8221; global_colors_info=&#8221;{}&#8221;][et_pb_text _builder_version=&#8221;4.27.4&#8243; _module_preset=&#8221;default&#8221; custom_margin=&#8221;150px||10px||false|false&#8221; custom_margin_tablet=&#8221;&#8221; custom_margin_phone=&#8221;&#8221; custom_margin_last_edited=&#8221;on|desktop&#8221; global_colors_info=&#8221;{}&#8221;]<\/p>\n<h2><b>Biblioteca de recursos<\/b><\/h2>\n<p>Vea folletos, prospectos, testimonios de clientes y mucho m\u00e1s.<\/p>\n<p>[\/et_pb_text][et_pb_button button_url=&#8221;\/biblioteca-de-recursos&#8221; button_text=&#8221;Ver todos los recursos&#8221; button_alignment=&#8221;left&#8221; _builder_version=&#8221;4.27.4&#8243; _module_preset=&#8221;default&#8221; custom_button=&#8221;on&#8221; button_bg_color=&#8221;#de1d23&#8243; button_border_width=&#8221;0px&#8221; button_use_icon=&#8221;off&#8221; background_layout=&#8221;dark&#8221; global_colors_info=&#8221;{}&#8221; button_bg_color__hover_enabled=&#8221;on|hover&#8221; button_bg_color__hover=&#8221;#f71920&#8243; button_bg_enable_color__hover=&#8221;on&#8221;][\/et_pb_button][\/et_pb_column][et_pb_column type=&#8221;1_2&#8243; _builder_version=&#8221;4.27.4&#8243; _module_preset=&#8221;default&#8221; global_colors_info=&#8221;{}&#8221;][et_pb_image src=&#8221;https:\/\/dicotron.avta.mx\/wp-content\/uploads\/2025\/04\/Mesa-de-trabajo-16.png&#8221; title_text=&#8221;Mesa de trabajo 16&#8243; _builder_version=&#8221;4.27.4&#8243; _module_preset=&#8221;default&#8221; global_colors_info=&#8221;{}&#8221;][\/et_pb_image][\/et_pb_column][\/et_pb_row][\/et_pb_section][et_pb_section fb_built=&#8221;1&#8243; _builder_version=&#8221;4.27.4&#8243; _module_preset=&#8221;default&#8221; global_colors_info=&#8221;{}&#8221;][et_pb_row _builder_version=&#8221;4.27.4&#8243; _module_preset=&#8221;default&#8221; global_colors_info=&#8221;{}&#8221;][et_pb_column type=&#8221;4_4&#8243; _builder_version=&#8221;4.27.4&#8243; _module_preset=&#8221;default&#8221; global_colors_info=&#8221;{}&#8221;][et_pb_text _builder_version=&#8221;4.27.4&#8243; _module_preset=&#8221;default&#8221; global_colors_info=&#8221;{}&#8221;]<\/p>\n<h2 style=\"color: black; font-size: 32px; text-align: center;\"><strong><br \/>Tablas De Clasificaci\u00f3n Personalizables<br \/><\/strong><\/h2>\n<p style=\"color: black; font-size: 17px; text-align: center;\">Cree y edite plantillas de Leaderboard personalizadas para reflejar sus necesidades organizativas. Personalice f\u00e1cilmente las plantillas de Leaderboard y apl\u00edquelas a una, varias o todas las tiendas de su cuenta. Las plantillas personalizadas permiten la coherencia organizativa y reducen significativamente el tiempo de configuraci\u00f3n.<\/p>\n<p>[\/et_pb_text][\/et_pb_column][\/et_pb_row][et_pb_row _builder_version=&#8221;4.27.4&#8243; _module_preset=&#8221;default&#8221; global_colors_info=&#8221;{}&#8221;][et_pb_column type=&#8221;4_4&#8243; _builder_version=&#8221;4.27.4&#8243; _module_preset=&#8221;default&#8221; global_colors_info=&#8221;{}&#8221;][et_pb_image src=&#8221;https:\/\/dicotron.avta.mx\/wp-content\/uploads\/2025\/04\/zoom-nitro-gamification-ad.webp&#8221; title_text=&#8221;zoom-nitro-gamification-ad&#8221; _builder_version=&#8221;4.27.4&#8243; _module_preset=&#8221;default&#8221; global_colors_info=&#8221;{}&#8221;][\/et_pb_image][\/et_pb_column][\/et_pb_row][\/et_pb_section][et_pb_section fb_built=&#8221;1&#8243; _builder_version=&#8221;4.27.4&#8243; _module_preset=&#8221;default&#8221; global_colors_info=&#8221;{}&#8221;][et_pb_row column_structure=&#8221;1_3,1_3,1_3&#8243; _builder_version=&#8221;4.27.4&#8243; _module_preset=&#8221;default&#8221; global_colors_info=&#8221;{}&#8221;][et_pb_column type=&#8221;1_3&#8243; _builder_version=&#8221;4.27.4&#8243; _module_preset=&#8221;default&#8221; global_colors_info=&#8221;{}&#8221;][et_pb_image src=&#8221;https:\/\/dicotron.avta.mx\/wp-content\/uploads\/2025\/04\/nitro-gaming-tile.jpg&#8221; title_text=&#8221;nitro-gaming-tile&#8221; align=&#8221;center&#8221; _builder_version=&#8221;4.27.4&#8243; _module_preset=&#8221;default&#8221; global_colors_info=&#8221;{}&#8221;][\/et_pb_image][et_pb_text _builder_version=&#8221;4.27.4&#8243; _module_preset=&#8221;default&#8221; global_colors_info=&#8221;{}&#8221;]<\/p>\n<h2 style=\"text-align: center;\"><strong>ZOOM Nitro Gamificaci\u00f3n<\/strong><\/h2>\n<h4 style=\"text-align: center;\"><em><br \/>A\u00f1ada una competici\u00f3n divertida a su autoservicio<br \/><\/em><\/h4>\n<p style=\"text-align: center;\">La gamificaci\u00f3n lleva el rendimiento del drive-thru al siguiente nivel. A\u00f1ada concursos, premios, comentarios en tiempo real y Smack Talk para implicar a su equipo, maximizar el rendimiento y aumentar sus beneficios.<\/p>\n<p style=\"text-align: center;\"><a href=\"https:\/\/dicotron.com\/web\/gamificacion-zoom-nitro\/\">M\u00e1s informaci\u00f3n<\/a><\/p>\n<p>[\/et_pb_text][\/et_pb_column][et_pb_column type=&#8221;1_3&#8243; _builder_version=&#8221;4.27.4&#8243; _module_preset=&#8221;default&#8221; global_colors_info=&#8221;{}&#8221;][et_pb_image src=&#8221;https:\/\/dicotron.avta.mx\/wp-content\/uploads\/2025\/04\/nitro-leaderboard-tile.webp&#8221; title_text=&#8221;nitro-leaderboard-tile&#8221; align=&#8221;center&#8221; _builder_version=&#8221;4.27.4&#8243; _module_preset=&#8221;default&#8221; global_module=&#8221;1527&#8243; saved_tabs=&#8221;all&#8221; global_colors_info=&#8221;{}&#8221;][\/et_pb_image][et_pb_text _builder_version=&#8221;4.27.4&#8243; _module_preset=&#8221;default&#8221; global_colors_info=&#8221;{}&#8221;]<\/p>\n<h2 style=\"text-align: center;\"><strong>ZOOM Nitro Gamificaci\u00f3n<\/strong><\/h2>\n<h4 style=\"text-align: center;\"><em><br \/>\nCompetici\u00f3n entre varias tiendas para motivar a su equipo<br \/>\n<\/em><\/h4>\n<p style=\"text-align: center;\">Compare las m\u00e9tricas de rendimiento en tiempo real para competir por el primer puesto. Cree oportunidades para celebrar a su equipo, lo que redundar\u00e1 en un mayor compromiso y mejores resultados en toda la organizaci\u00f3n.<\/p>\n<p style=\"text-align: center;\"><a href=\"https:\/\/dicotron.com\/web\/gamificacion-zoom-nitro\/\">M\u00e1s informaci\u00f3n<\/a><\/p>\n<p>[\/et_pb_text][\/et_pb_column][et_pb_column type=&#8221;1_3&#8243; _builder_version=&#8221;4.27.4&#8243; _module_preset=&#8221;default&#8221; global_colors_info=&#8221;{}&#8221;][et_pb_image src=&#8221;https:\/\/dicotron.avta.mx\/wp-content\/uploads\/2025\/04\/nitro-data-tile.jpg&#8221; title_text=&#8221;nitro-data-tile&#8221; align=&#8221;center&#8221; _builder_version=&#8221;4.27.4&#8243; _module_preset=&#8221;default&#8221; global_colors_info=&#8221;{}&#8221;][\/et_pb_image][et_pb_text _builder_version=&#8221;4.27.4&#8243; _module_preset=&#8221;default&#8221; hover_enabled=&#8221;0&#8243; global_colors_info=&#8221;{}&#8221; sticky_enabled=&#8221;0&#8243;]<\/p>\n<h2 style=\"text-align: center;\"><strong>ZOOM Nitro Datos<\/strong><\/h2>\n<h4 style=\"text-align: center;\"><em><br \/>\nGesti\u00f3n de empresas de autoservicio<br \/>\n<\/em><\/h4>\n<p style=\"text-align: center;\">Supervise su empresa desde cualquier lugar. Identifique las tiendas de bajo rendimiento y profundice en los detalles para encontrar \u00e1reas de mejora con solo unos clics.<\/p>\n<p style=\"text-align: center;\"><a href=\"post_link id=247\">M\u00e1s informaci\u00f3n<\/a><\/p>\n<p>[\/et_pb_text][\/et_pb_column][\/et_pb_row][\/et_pb_section][et_pb_section fb_built=&#8221;1&#8243; _builder_version=&#8221;4.27.4&#8243; _module_preset=&#8221;default&#8221; background_color=&#8221;#eeeeee&#8221; border_width_top=&#8221;1px&#8221; border_color_top=&#8221;#000000&#8243; locked=&#8221;off&#8221; global_colors_info=&#8221;{}&#8221;][et_pb_row column_structure=&#8221;1_2,1_2&#8243; _builder_version=&#8221;4.27.4&#8243; _module_preset=&#8221;default&#8221; global_colors_info=&#8221;{}&#8221;][et_pb_column type=&#8221;1_2&#8243; _builder_version=&#8221;4.27.4&#8243; _module_preset=&#8221;default&#8221; global_colors_info=&#8221;{}&#8221;][et_pb_image src=&#8221;https:\/\/dicotron.avta.mx\/wp-content\/uploads\/2025\/04\/qsr-training-portal.webp&#8221; title_text=&#8221;qsr-training-portal&#8221; _builder_version=&#8221;4.27.4&#8243; _module_preset=&#8221;default&#8221; max_width=&#8221;100%&#8221; global_colors_info=&#8221;{}&#8221;][\/et_pb_image][\/et_pb_column][et_pb_column type=&#8221;1_2&#8243; _builder_version=&#8221;4.27.4&#8243; _module_preset=&#8221;default&#8221; custom_padding=&#8221;100px||||false|false&#8221; custom_padding_tablet=&#8221;100px||||false|false&#8221; custom_padding_phone=&#8221;100px||||false|false&#8221; custom_padding_last_edited=&#8221;on|desktop&#8221; global_colors_info=&#8221;{}&#8221;][et_pb_text _builder_version=&#8221;4.27.4&#8243; _module_preset=&#8221;default&#8221; global_colors_info=&#8221;{}&#8221;]<\/p>\n<h2>Formaci\u00f3n En L\u00ednea Para El \u00c9xito continuo<\/h2>\n<p>[\/et_pb_text][et_pb_button button_url=&#8221;https:\/\/www.hme.com\/training\/?_gl=1*8zxpt7*_gcl_au*MTY2MTIyNDI0Mi4xNzQzNzc4ODEz&#8221; button_text=&#8221;Visite el portal de formaci\u00f3n&#8221; _builder_version=&#8221;4.27.4&#8243; _module_preset=&#8221;default&#8221; custom_button=&#8221;on&#8221; button_text_color=&#8221;#FFFFFF&#8221; button_bg_color=&#8221;#de1d23&#8243; button_border_radius=&#8221;9px&#8221; button_icon=&#8221;&#xf35d;||fa||900&#8243; button_on_hover=&#8221;off&#8221; global_colors_info=&#8221;{}&#8221; button_bg_color__hover_enabled=&#8221;on|desktop&#8221; button_bg_color__hover=&#8221;#f71920&#8243; button_bg_enable_color__hover=&#8221;on&#8221;][\/et_pb_button][\/et_pb_column][\/et_pb_row][\/et_pb_section][et_pb_section fb_built=&#8221;1&#8243; _builder_version=&#8221;4.27.4&#8243; _module_preset=&#8221;default&#8221; global_colors_info=&#8221;{}&#8221;][et_pb_row _builder_version=&#8221;4.27.4&#8243; _module_preset=&#8221;default&#8221; global_colors_info=&#8221;{}&#8221;][et_pb_column type=&#8221;4_4&#8243; _builder_version=&#8221;4.27.4&#8243; _module_preset=&#8221;default&#8221; global_colors_info=&#8221;{}&#8221;][et_pb_text _builder_version=&#8221;4.27.4&#8243; _module_preset=&#8221;default&#8221; custom_margin=&#8221;||5px|||&#8221; custom_padding=&#8221;||3px|||&#8221; global_colors_info=&#8221;{}&#8221;]<\/p>\n<h2 style=\"text-align: center;\"><b><br \/>\u00bfDesea optimizar sus operaciones QSR? Nosotros podemos ayudarle.<br \/><\/b><\/h2>\n<p>[\/et_pb_text][et_pb_button button_url=&#8221;https:\/\/hme.com\/qsr\/request-info-form\/?rl=https:\/\/hme.com\/qsr&#8221; button_text=&#8221;SOLICITAR INFORMACI\u00d3N&#8221; button_alignment=&#8221;center&#8221; _builder_version=&#8221;4.27.4&#8243; _module_preset=&#8221;default&#8221; custom_button=&#8221;on&#8221; button_text_color=&#8221;#FFFFFF&#8221; button_bg_color=&#8221;#de1d23&#8243; button_use_icon=&#8221;off&#8221; background_layout=&#8221;dark&#8221; global_colors_info=&#8221;{}&#8221; button_bg_color__hover_enabled=&#8221;on|hover&#8221; button_bg_color__hover=&#8221;#f71920&#8243; button_bg_enable_color__hover=&#8221;on&#8221;][\/et_pb_button][\/et_pb_column][\/et_pb_row][\/et_pb_section]<\/p>\n","protected":false},"excerpt":{"rendered":"<p>Zoom Nitro Temporizador Gamificaci\u00f3n Clasificaci\u00f3n Datos Visi\u00f3nAI Recursos Zoom Nitro ZOOM Nitro\u00aeTabla de clasificaci\u00f3n Ranking de resultados para aumentar la motivaci\u00f3nSuperar A Los Dem\u00e1s Para Llegar A Lo M\u00e1s Alto La clasificaci\u00f3n multi-tienda es una forma f\u00e1cil y emocionante de motivar a su personal y fomentar mejores resultados. Las cuadrillas est\u00e1n motivadas para superar a [&hellip;]<\/p>\n","protected":false},"author":1,"featured_media":0,"parent":0,"menu_order":0,"comment_status":"closed","ping_status":"closed","template":"","meta":{"_et_pb_use_builder":"on","_et_pb_old_content":"","_et_gb_content_width":"","footnotes":""},"class_list":["post-245","page","type-page","status-publish","hentry"],"_links":{"self":[{"href":"https:\/\/dicotron.com\/web\/wp-json\/wp\/v2\/pages\/245","targetHints":{"allow":["GET"]}}],"collection":[{"href":"https:\/\/dicotron.com\/web\/wp-json\/wp\/v2\/pages"}],"about":[{"href":"https:\/\/dicotron.com\/web\/wp-json\/wp\/v2\/types\/page"}],"author":[{"embeddable":true,"href":"https:\/\/dicotron.com\/web\/wp-json\/wp\/v2\/users\/1"}],"replies":[{"embeddable":true,"href":"https:\/\/dicotron.com\/web\/wp-json\/wp\/v2\/comments?post=245"}],"version-history":[{"count":8,"href":"https:\/\/dicotron.com\/web\/wp-json\/wp\/v2\/pages\/245\/revisions"}],"predecessor-version":[{"id":2433,"href":"https:\/\/dicotron.com\/web\/wp-json\/wp\/v2\/pages\/245\/revisions\/2433"}],"wp:attachment":[{"href":"https:\/\/dicotron.com\/web\/wp-json\/wp\/v2\/media?parent=245"}],"curies":[{"name":"wp","href":"https:\/\/api.w.org\/{rel}","templated":true}]}}