{"id":16,"date":"2025-04-12T19:28:34","date_gmt":"2025-04-12T19:28:34","guid":{"rendered":"https:\/\/dicotron.avta.mx\/?page_id=16"},"modified":"2025-10-31T20:38:02","modified_gmt":"2025-10-31T20:38:02","slug":"inicio","status":"publish","type":"page","link":"https:\/\/dicotron.com\/web\/","title":{"rendered":"Inicio"},"content":{"rendered":"<p>[et_pb_section fb_built=&#8221;1&#8243; custom_padding_last_edited=&#8221;on|phone&#8221; disabled_on=&#8221;on|on|off&#8221; module_class=&#8221;banner&#8221; _builder_version=&#8221;4.27.4&#8243; _module_preset=&#8221;default&#8221; background_color=&#8221;RGBA(255,255,255,0)&#8221; background_image=&#8221;https:\/\/dicotron.com\/web\/wp-content\/uploads\/2025\/04\/bnr-qsr-1.jpg&#8221; background_position=&#8221;top_center&#8221; custom_padding=&#8221;0px||215px||false|false&#8221; custom_padding_tablet=&#8221;0px||215px||false|false&#8221; custom_padding_phone=&#8221;||360px||false|false&#8221; hover_enabled=&#8221;0&#8243; custom_css_free_form=&#8221;.banner .h2{|| \tjustify-content:center;||  align-items: center;||}&#8221; global_colors_info=&#8221;{}&#8221; title_text=&#8221;bnr-qsr&#8221; sticky_enabled=&#8221;0&#8243;][et_pb_row _builder_version=&#8221;4.27.4&#8243; _module_preset=&#8221;default&#8221; global_colors_info=&#8221;{}&#8221;][et_pb_column type=&#8221;4_4&#8243; _builder_version=&#8221;4.27.4&#8243; _module_preset=&#8221;default&#8221; global_colors_info=&#8221;{}&#8221;][et_pb_text _builder_version=&#8221;4.27.4&#8243; _module_preset=&#8221;default&#8221; custom_margin=&#8221;14px||||false|false&#8221; custom_margin_tablet=&#8221;14px||||false|false&#8221; custom_margin_phone=&#8221;88px||||false|false&#8221; custom_margin_last_edited=&#8221;on|phone&#8221; custom_padding=&#8221;107px|||||&#8221; global_colors_info=&#8221;{}&#8221;]<\/p>\n<h1>SISTEMAS DE<br \/>AUTOSERVICIO Y<br \/>SOLUCIONES<br \/>EN TIENDA<\/h1>\n<p>[\/et_pb_text][\/et_pb_column][\/et_pb_row][\/et_pb_section][et_pb_section fb_built=&#8221;1&#8243; custom_padding_last_edited=&#8221;on|phone&#8221; disabled_on=&#8221;off|off|on&#8221; module_class=&#8221;banner&#8221; _builder_version=&#8221;4.27.4&#8243; _module_preset=&#8221;default&#8221; background_color=&#8221;RGBA(255,255,255,0)&#8221; background_image=&#8221;https:\/\/dicotron.avta.mx\/wp-content\/uploads\/2025\/04\/bnr-qsr-m.jpg&#8221; background_size=&#8221;contain&#8221; custom_padding=&#8221;0px||215px||false|false&#8221; custom_padding_tablet=&#8221;0px||215px||false|false&#8221; custom_padding_phone=&#8221;||360px||false|false&#8221; custom_css_free_form=&#8221;.banner .h2{|| \tjustify-content:center;||  align-items: center;||}&#8221; global_colors_info=&#8221;{}&#8221;][\/et_pb_section][et_pb_section fb_built=&#8221;1&#8243; disabled_on=&#8221;off|off|on&#8221; _builder_version=&#8221;4.27.4&#8243; _module_preset=&#8221;default&#8221; custom_padding=&#8221;0px|||||&#8221; global_colors_info=&#8221;{}&#8221;][et_pb_row _builder_version=&#8221;4.27.4&#8243; _module_preset=&#8221;default&#8221; custom_padding=&#8221;12px|||||&#8221; locked=&#8221;off&#8221; global_colors_info=&#8221;{}&#8221;][et_pb_column type=&#8221;4_4&#8243; _builder_version=&#8221;4.27.4&#8243; _module_preset=&#8221;default&#8221; global_colors_info=&#8221;{}&#8221;][et_pb_text _builder_version=&#8221;4.27.4&#8243; _module_preset=&#8221;default&#8221; custom_margin=&#8221;14px||||false|false&#8221; custom_margin_tablet=&#8221;-8px||||false|false&#8221; custom_margin_phone=&#8221;88px||||false|false&#8221; custom_margin_last_edited=&#8221;on|phone&#8221; custom_padding=&#8221;0px|||||&#8221; global_colors_info=&#8221;{}&#8221;]<\/p>\n<h2 style=\"text-align: center;\">SISTEMAS DE AUTOSERVICIO Y SOLUCIONES<br \/>EN TIENDA<\/h2>\n<p>[\/et_pb_text][\/et_pb_column][\/et_pb_row][\/et_pb_section][et_pb_section fb_built=&#8221;1&#8243; _builder_version=&#8221;4.27.4&#8243; _module_preset=&#8221;default&#8221; background_color=&#8221;#fefefe&#8221; custom_padding=&#8221;||5px|||&#8221; custom_css_free_form=&#8221;.home-card-title:hover{||  color: #065bba;||}&#8221; border_color_top=&#8221;#000000&#8243; border_width_bottom=&#8221;1px&#8221; border_color_bottom=&#8221;#c9c9c9&#8243; global_colors_info=&#8221;{}&#8221;][et_pb_row column_structure=&#8221;1_4,1_4,1_4,1_4&#8243; _builder_version=&#8221;4.27.4&#8243; _module_preset=&#8221;default&#8221; global_colors_info=&#8221;{}&#8221;][et_pb_column type=&#8221;1_4&#8243; _builder_version=&#8221;4.27.4&#8243; _module_preset=&#8221;default&#8221; global_colors_info=&#8221;{}&#8221;][et_pb_image src=&#8221;https:\/\/dicotron.com\/web\/wp-content\/uploads\/2025\/04\/headsets.jpg&#8221; title_text=&#8221;headsets&#8221; _builder_version=&#8221;4.27.4&#8243; _module_preset=&#8221;default&#8221; global_colors_info=&#8221;{}&#8221;][\/et_pb_image][et_pb_text _builder_version=&#8221;4.27.4&#8243; _module_preset=&#8221;default&#8221; global_colors_info=&#8221;{}&#8221;]<\/p>\n<h5 style=\"text-align: center; font-size:14px\" class=\"home-card-title\"><strong><a href=\"https:\/\/dicotron.com\/web\/plataforma-de-comunicacion-para-el-personal-nexeo-hdx\/\">AURICULARES DE AUTOSERVICIO<\/a><\/strong><strong><\/strong><\/h5>\n<p style=\"text-align: center;\"><a href=\"https:\/\/dicotron.com\/web\/plataforma-de-comunicacion-para-el-personal-nexeo-hdx\/\">Aprender m\u00e1s<\/a><\/p>\n<p>[\/et_pb_text][\/et_pb_column][et_pb_column type=&#8221;1_4&#8243; admin_label=&#8221;Column&#8221; _builder_version=&#8221;4.27.4&#8243; _module_preset=&#8221;default&#8221; global_colors_info=&#8221;{}&#8221;][et_pb_image src=&#8221;https:\/\/dicotron.com\/web\/wp-content\/uploads\/2025\/04\/Optimization.jpg&#8221; title_text=&#8221;Optimization&#8221; _builder_version=&#8221;4.27.4&#8243; _module_preset=&#8221;default&#8221; global_colors_info=&#8221;{}&#8221;][\/et_pb_image][et_pb_text _builder_version=&#8221;4.27.4&#8243; _module_preset=&#8221;default&#8221; global_colors_info=&#8221;{}&#8221;]<\/p>\n<h5 style=\"font-size: 13px; text-align: center;\" class=\"home-card-title\"><strong><a href=\"https:\/\/dicotron.com\/web\/zoom\/\">OPTIMIZACI\u00d3N DE AUTOSERVICIO<\/a><\/strong><\/h5>\n<p style=\"text-align: center;\"><a href=\"https:\/\/dicotron.com\/web\/zoom\/\">Aprender m\u00e1s<\/a><\/p>\n<p>[\/et_pb_text][\/et_pb_column][et_pb_column type=&#8221;1_4&#8243; _builder_version=&#8221;4.27.4&#8243; _module_preset=&#8221;default&#8221; global_colors_info=&#8221;{}&#8221;][et_pb_image src=&#8221;https:\/\/dicotron.com\/web\/wp-content\/uploads\/2025\/04\/repair.jpg&#8221; title_text=&#8221;repair&#8221; _builder_version=&#8221;4.27.4&#8243; _module_preset=&#8221;default&#8221; global_colors_info=&#8221;{}&#8221;][\/et_pb_image][et_pb_text _builder_version=&#8221;4.27.4&#8243; _module_preset=&#8221;default&#8221; global_colors_info=&#8221;{}&#8221;]<\/p>\n<h5 style=\"font-size: 13px; text-align: center;\" class=\"home-card-title\"><strong><a href=\"\">REPARACI\u00d3N DE EQUIPOS DE AUTOSERVICIO<\/a><\/strong><\/h5>\n<p style=\"text-align: center;\"><a href=\"https:\/\/dicotron.com\/web\/reparacion-de-equipos-drive-thru\/\">Aprender m\u00e1s<\/a><\/p>\n<p>[\/et_pb_text][\/et_pb_column][et_pb_column type=&#8221;1_4&#8243; _builder_version=&#8221;4.27.4&#8243; _module_preset=&#8221;default&#8221; global_colors_info=&#8221;{}&#8221;][et_pb_image src=&#8221;https:\/\/dicotron.com\/web\/wp-content\/uploads\/2025\/04\/accessories.jpg&#8221; title_text=&#8221;accessories&#8221; _builder_version=&#8221;4.27.4&#8243; _module_preset=&#8221;default&#8221; global_colors_info=&#8221;{}&#8221;][\/et_pb_image][et_pb_text _builder_version=&#8221;4.27.4&#8243; _module_preset=&#8221;default&#8221; global_colors_info=&#8221;{}&#8221;]<\/p>\n<h5 style=\"font-size: 14px; text-align: center\" class=\"home-card-title\" style=\"text-align: center;\"><strong><a href=\"https:\/\/store.hme.com\/en-general?_gl=1*su47rq*_gcl_au*MTY2MTIyNDI0Mi4xNzQzNzc4ODEz\">COMPRAR ACCESORIOS<\/a><\/strong><\/h5>\n<p style=\"text-align: center;\"><a href=\"https:\/\/store.hme.com\/en-general?_gl=1*su47rq*_gcl_au*MTY2MTIyNDI0Mi4xNzQzNzc4ODEz\">Aprender m\u00e1s<\/a><\/p>\n<p>[\/et_pb_text][\/et_pb_column][\/et_pb_row][\/et_pb_section][et_pb_section fb_built=&#8221;1&#8243; admin_label=&#8221;Section&#8221; _builder_version=&#8221;4.27.4&#8243; _module_preset=&#8221;default&#8221; background_color=&#8221;#ffffff&#8221; custom_padding=&#8221;0px||3px|||&#8221; custom_css_free_form=&#8221;.home-card-title:hover{||  color: #065bba;||}&#8221; border_width_bottom=&#8221;1px&#8221; border_color_bottom=&#8221;#e5e5e5&#8243; global_colors_info=&#8221;{}&#8221;][et_pb_row column_structure=&#8221;1_2,1_2&#8243; _builder_version=&#8221;4.27.4&#8243; _module_preset=&#8221;default&#8221; global_colors_info=&#8221;{}&#8221;][et_pb_column type=&#8221;1_2&#8243; _builder_version=&#8221;4.27.4&#8243; _module_preset=&#8221;default&#8221; global_colors_info=&#8221;{}&#8221;][et_pb_text _builder_version=&#8221;4.27.4&#8243; _module_preset=&#8221;default&#8221; global_colors_info=&#8221;{}&#8221;]<\/p>\n<h2 style=\"color: black; font-size: 32px\" class=\"home-card-title\"> <strong><a href=\"https:\/\/dicotron.com\/web\/plataforma-de-comunicacion-para-el-personal-nexeo-hdx\/\">Sistemas de auriculares Autoservicio<\/a> <\/strong><\/h2>\n<p><span style=\"color: #000000;\">Dado que las operaciones de los restaurantes est\u00e1n m\u00e1s ocupadas que nunca, necesita soluciones de comunicaci\u00f3n que ofrezcan una velocidad de servicio m\u00e1s r\u00e1pida y una mayor eficiencia del equipo. Cuente con los sistemas HME en la tienda y en el Autoservicio para proporcionar una calidad de audio incomparable que le permita atender a cada cliente de manera r\u00e1pida y eficiente.<\/span><\/p>\n<p><span style=\"color: black;\"><br \/>\nEl NEXEO | La plataforma de comunicaci\u00f3n HDX\u2122 es la soluci\u00f3n total de la industria para la comunicaci\u00f3n de restaurantes, especialmente dise\u00f1ada para crecer con su negocio a medida que evolucionan sus necesidades operativas. NEXEO | La flexibilidad de HDX nos permite ofrecer tres<br \/>\nsoluciones con una sola plataforma, lo que lo convierte en el primer sistema de auriculares configurable ideal para cualquier tipo de restaurante, independientemente de su tama\u00f1o o dise\u00f1o. Ya sea que est\u00e9 buscando una soluci\u00f3n para su Autoservicio o para toda su operaci\u00f3n, tenemos una soluci\u00f3n que se adapta a las necesidades de su negocio.<br \/>\n<\/span><\/p>\n<p><a href=\"https:\/\/dicotron.com\/web\/plataforma-de-comunicacion-para-el-personal-nexeo-hdx\/\">\u2022 NEXEO | Plataforma de comunicaci\u00f3n de tripulaci\u00f3n HDX para drive-thru y m\u00e1s all\u00e1<\/a><\/p>\n<p><strong><\/strong><br \/>\n<strong><\/strong><\/p>\n<h2 style=\"color: black; font-size: 32px\" class=\"home-card-title\"><strong><a href=\"https:\/\/dicotron.com\/web\/reparacion-de-equipos-drive-thru\/\">Reparaci\u00f3n de equipos de autoservicio<\/a><\/strong><\/h2>\n<p>El tiempo de inactividad puede costarle mucho tiempo. Es por eso que HME est\u00e1 aqu\u00ed para usted las 24 horas del d\u00eda, los 7 d\u00edas de la semana, con piezas de alta calidad, servicio experto, respuesta r\u00e1pida y precios competitivos de <a href=\"https:\/\/dicotron.com\/web\/reparacion-de-equipos-drive-thru\/\">reparaci\u00f3n de equipos de autoservicio en cualquier <\/a><strong>equipo de autoservicio de HME.<\/strong><\/p>\n<p>&gt; <a href=\"https:\/\/dicotron.com\/web\/reparacion-de-equipos-drive-thru\/\">REPARACI\u00d3N DE EQUIPOS DE DRIVE-THRU<\/a><br \/>\n&gt; Reparaci\u00f3n de auriculares drive-thru<\/p>\n<p>&gt; Reparaci\u00f3n del sistema de temporizador drive-thru.<\/p>\n<p>&gt; <a href=\"https:\/\/dicotron.com\/web\/contrato-de-mantenimiento-de-equipos\/\">Contratos de Mantenimiento de Equipos (EAM)<\/a><\/p>\n<p><strong><\/strong><\/p>\n<h2 class=\"home-card-title\"><\/h2>\n<h2 class=\"home-card-title\"><\/h2>\n<h2 class=\"home-card-title\"><\/h2>\n<h2 class=\"home-card-title\"><\/h2>\n<h2 class=\"home-card-title\"><\/h2>\n<h2 style=\"color:black; font-size: 32px;\" class=\"home-card-title\"><strong><a href=\"https:\/\/store.hme.com\/en-general?_gl=1*jqbo97*_gcl_au*MTY2MTIyNDI0Mi4xNzQzNzc4ODEz\">Accesorios Drive-Thru<br \/>\n<\/a><\/strong><\/h2>\n<p>\u00bfEs hora de comprar bater\u00edas nuevas? Explore los accesorios de autoservicio de HME por sistema y llame a nuestra l\u00ednea directa para hacer pedidos. Desde cargadores hasta compa\u00f1eros de o\u00eddo, encontrar\u00e1 todo lo que necesita para que sus auriculares funcionen al m\u00e1ximo rendimiento.<\/p>\n<p>&gt; <a href=\"https:\/\/store.hme.com\">Tienda de accesorios HME<\/a>[\/et_pb_text][\/et_pb_column][et_pb_column type=&#8221;1_2&#8243; _builder_version=&#8221;4.27.4&#8243; _module_preset=&#8221;default&#8221; global_colors_info=&#8221;{}&#8221;][et_pb_text _builder_version=&#8221;4.27.4&#8243; _module_preset=&#8221;default&#8221; global_colors_info=&#8221;{}&#8221;]<\/p>\n<h2 style=\"color: black; font-size: 32px;\" class=\"home-card-title\"><strong><a href=\"https:\/\/qsr.hme.com\/zoom?_gl=1*1n34mfc*_gcl_au*MTY2MTIyNDI0Mi4xNzQzNzc4ODEz\">Optimizaci\u00f3n de Autoservicio<\/a><\/strong><\/h2>\n<p style=\"color: black; font-size: 15px;\">El sistema de optimizaci\u00f3n de Autoservicio ZOOM Nitro est\u00e1 revitalizando a las tripulaciones y maximizando el crecimiento empresarial en todo el mundo con una innovadora participaci\u00f3n basada en juegos. ZOOM Nitro es la primera soluci\u00f3n h\u00edbrida de la industria para el seguimiento de veh\u00edculos, que permite una f\u00e1cil combinaci\u00f3n de detectores de veh\u00edculos. Toda la informaci\u00f3n necesaria para un servicio m\u00e1s r\u00e1pido y mejor ahora est\u00e1 disponible en la tienda y en los informes. Obtenga una mayor comprensi\u00f3n del recorrido del cliente y mantenga a su equipo entusiasmado por brindar un excelente servicio a cada cliente, en todo momento.<\/p>\n<p>&gt; <a href=\"gamificacion-zoom-nitro\">ZOOM Nitro Gamificaci\u00f3n<\/a><\/p>\n<p>&gt; <a href=\"\/temporizador-zoom-nitro\">Temporizador ZOOM Nitro Drive-Thru<\/a><\/p>\n<p>&gt; <a href=\"\/tabla-de-clasificacion-zoom-nitro\">Tabla de clasificaci\u00f3n de ZOOM Nitro<br \/>\n<\/a><\/p>\n<p>&gt; <a href=\"\/datos-zoom-nitro\">ZOOM Nitro Datos<\/a><\/p>\n<p>&nbsp;<\/p>\n<p>&nbsp;<\/p>\n<h2 class=\"home-card-title\"><\/h2>\n<h2 class=\"home-card-title\"><\/h2>\n<h2 class=\"home-card-title\"><\/h2>\n<h2 class=\"home-card-title\"><\/h2>\n<h2 style=\"color: black; font-size: 32px;\" class=\"home-card-title\"><strong><a href=\"\/zoom\">Haz crecer tu negocio<\/a><\/strong><\/h2>\n<p style=\"color: black; font-size: 15px;\">\u00bfEst\u00e1 pensando en expandir la operaci\u00f3n de su restaurante? Ya sea que necesite ayuda para agregar un Autoservicio, mejorar su operaci\u00f3n actual o est\u00e9 pensando en agregar m\u00e1s opciones para llevar, nuestro equipo est\u00e1 totalmente comprometido a ayudarlo a evolucionar y hacer crecer su negocio<br \/>\ncon \u00e9xito<\/p>\n<p><strong><\/strong><br \/>\n&gt; <a href=\"\/agregar-un-servicio-drive-thru\">Agregar Autoservicio<\/a><\/p>\n<p>&gt; <a href=\"\/web\/?page_id=419\">Optimice el Drive-Thru<\/a><\/p>\n<p>&gt; <a href=\"\/web\/?page_id=498\">Agregue Curbside &amp; Carryout<\/a><\/p>\n<p>&nbsp;<\/p>\n<p>&nbsp;<\/p>\n<h2 style=\"color: black; font-size: 32px;\" class=\"home-card-title\"><strong><a>Localizadores de restaurantes<\/a><\/strong><\/h2>\n<p>Optimice las operaciones de su personal y el flujo de clientes con los localizadores de restaurantes JTECH. Ya sea que est\u00e9 buscando localizadores para invitados, localizadores para servidores, administraci\u00f3n en la acera u otras soluciones de paginaci\u00f3n, JTECH lo ayuda a brindar una experiencia al cliente que haga que los hu\u00e9spedes regresen por m\u00e1s.<\/p>\n<p>&gt; <a href=\"https:\/\/hme.com\/qsr\/redir\/?url=https:\/\/www.jtech.com\/server-pagers\">Localizadores de invitados<\/a><br \/>\n&gt; <a href=\"https:\/\/hme.com\/qsr\/redir\/?url=https:\/\/www.jtech.com\/guest-pagers\">Localizadores de servidor<\/a><br \/>\n&gt; <a href=\"https:\/\/hme.com\/qsr\/redir\/?url=https:\/\/www.jtech.com\/server-pagers\">Localizadores de invitados<\/a><br \/>\n&gt; <a href=\"https:\/\/hme.com\/qsr\/redir\/?url=https:\/\/www.jtech.com\/hostconcepts-carryout-management\">Gesti\u00f3n de comida para llevar<\/a>[\/et_pb_text][\/et_pb_column][\/et_pb_row][\/et_pb_section][et_pb_section fb_built=&#8221;1&#8243; _builder_version=&#8221;4.27.4&#8243; _module_preset=&#8221;default&#8221; custom_padding=&#8221;5px||0px|||&#8221; global_colors_info=&#8221;{}&#8221;][et_pb_row _builder_version=&#8221;4.27.4&#8243; _module_preset=&#8221;default&#8221; global_colors_info=&#8221;{}&#8221;][et_pb_column type=&#8221;4_4&#8243; _builder_version=&#8221;4.27.4&#8243; _module_preset=&#8221;default&#8221; global_colors_info=&#8221;{}&#8221;][et_pb_text _builder_version=&#8221;4.27.4&#8243; _module_preset=&#8221;default&#8221; global_colors_info=&#8221;{}&#8221;]<\/p>\n<h2 style=\"text-align: center;\">\u00bfC\u00f3mo podemos ayudarle?<\/h2>\n<p>[\/et_pb_text][\/et_pb_column][\/et_pb_row][\/et_pb_section][et_pb_section fb_built=&#8221;1&#8243; admin_label=&#8221;Section&#8221; _builder_version=&#8221;4.27.4&#8243; _module_preset=&#8221;default&#8221; custom_padding=&#8221;5px|||||&#8221; border_width_bottom=&#8221;2px&#8221; border_color_bottom=&#8221;#eaeaea&#8221; global_colors_info=&#8221;{}&#8221;][et_pb_row column_structure=&#8221;1_3,1_3,1_3&#8243; admin_label=&#8221;Row&#8221; _builder_version=&#8221;4.27.4&#8243; _module_preset=&#8221;default&#8221; custom_padding=&#8221;0px|||||&#8221; global_colors_info=&#8221;{}&#8221;][et_pb_column type=&#8221;1_3&#8243; _builder_version=&#8221;4.27.4&#8243; _module_preset=&#8221;default&#8221; global_colors_info=&#8221;{}&#8221;][et_pb_image src=&#8221;https:\/\/dicotron.com\/web\/wp-content\/uploads\/2025\/04\/Add-a-Drive-Thru_Tile.jpg&#8221; title_text=&#8221;Add-a-Drive-Thru_Tile&#8221; _builder_version=&#8221;4.27.4&#8243; _module_preset=&#8221;default&#8221; hover_enabled=&#8221;0&#8243; global_colors_info=&#8221;{}&#8221; sticky_enabled=&#8221;0&#8243;][\/et_pb_image][et_pb_text _builder_version=&#8221;4.27.4&#8243; _module_preset=&#8221;default&#8221; global_colors_info=&#8221;{}&#8221;]<\/p>\n<h3 class=\"home-card-title\"><strong><a href=\"\/dicotron\/?page_id=404\">Estoy agregando un drive-thru<\/a><\/strong><\/h3>\n<p><strong><\/strong><br \/>En el drive-thru, cada detalle influye en la velocidad del servicio y en su cuenta de resultados. \u00bfSe pregunta en qu\u00e9 consiste la construcci\u00f3n de un carril drive-thru? Empiece con este resumen y p\u00f3ngase en contacto con nosotros para empezar.<\/p>\n<p style=\"text-align: left;\"><strong><\/strong><a href=\"https:\/\/dicotron.com\/web\/agregar-un-servicio-drive-thru\/\">Aprender m\u00e1s<\/a><\/p>\n<p>[\/et_pb_text][\/et_pb_column][et_pb_column type=&#8221;1_3&#8243; _builder_version=&#8221;4.27.4&#8243; _module_preset=&#8221;default&#8221; global_colors_info=&#8221;{}&#8221;][et_pb_image src=&#8221;https:\/\/dicotron.com\/web\/wp-content\/uploads\/2025\/04\/Optimize-Drive-Thru_Tile.jpg&#8221; title_text=&#8221;Optimize-Drive-Thru_Tile&#8221; admin_label=&#8221;Image&#8221; _builder_version=&#8221;4.27.4&#8243; _module_preset=&#8221;default&#8221; hover_enabled=&#8221;0&#8243; global_colors_info=&#8221;{}&#8221; sticky_enabled=&#8221;0&#8243;][\/et_pb_image][et_pb_text _builder_version=&#8221;4.27.4&#8243; _module_preset=&#8221;default&#8221; global_colors_info=&#8221;{}&#8221;]<\/p>\n<h3 class=\"home-card-title\"><strong><a href=\"\/dicotron\/?page_id=419\">Estoy optimizando mi drive-thru<\/a><\/strong><\/h3>\n<p style=\"text-align: left;\">En el drive-thru, cada detalle influye en la velocidad del servicio y en su cuenta de resultados. \u00bfSe pregunta en qu\u00e9 consiste la construcci\u00f3n de un carril drive-thru? Empiece con este resumen y p\u00f3ngase en contacto con nosotros para empezar.<\/p>\n<p style=\"text-align: left;\"><strong><\/strong><a href=\"https:\/\/dicotron.com\/web\/optimizar-mi-servicio-drive-thru\/\">Aprender m\u00e1s <\/a><\/p>\n<p>[\/et_pb_text][\/et_pb_column][et_pb_column type=&#8221;1_3&#8243; _builder_version=&#8221;4.27.4&#8243; _module_preset=&#8221;default&#8221; global_colors_info=&#8221;{}&#8221;][et_pb_image src=&#8221;https:\/\/dicotron.com\/web\/wp-content\/uploads\/2025\/04\/Curbside-Carryout_Tile.jpg&#8221; title_text=&#8221;Curbside-Carryout_Tile&#8221; _builder_version=&#8221;4.27.4&#8243; _module_preset=&#8221;default&#8221; hover_enabled=&#8221;0&#8243; global_colors_info=&#8221;{}&#8221; sticky_enabled=&#8221;0&#8243;][\/et_pb_image][et_pb_text _builder_version=&#8221;4.27.4&#8243; _module_preset=&#8221;default&#8221; global_colors_info=&#8221;{}&#8221;]<\/p>\n<h3 class=\"home-card-title\"><strong><a href=\"\/dicotron\/?page_id=254\">Estoy agregando en la acera y para llevar<\/a><\/strong><\/h3>\n<p style=\"text-align: left;\">La comida a domicilio y para llevar son s\u00f3lo dos de las opciones m\u00e1s populares hoy en d\u00eda. \u00bfConoce m\u00e1s? Consulte nuestros consejos y recomendaciones de productos para una gran variedad de soluciones.<\/p>\n<p style=\"text-align: left;\"><strong><\/strong><a href=\"https:\/\/dicotron.com\/web\/entrega-en-la-acera-y-para-llevar\/\">Aprender m\u00e1s <\/a><\/p>\n<p>[\/et_pb_text][\/et_pb_column][\/et_pb_row][\/et_pb_section][et_pb_section fb_built=&#8221;1&#8243; _builder_version=&#8221;4.27.4&#8243; _module_preset=&#8221;default&#8221; background_color=&#8221;#f8f8f8&#8243; global_module=&#8221;1576&#8243; saved_tabs=&#8221;all&#8221; global_colors_info=&#8221;{}&#8221;][et_pb_row column_structure=&#8221;1_2,1_2&#8243; _builder_version=&#8221;4.27.4&#8243; _module_preset=&#8221;default&#8221; global_colors_info=&#8221;{}&#8221;][et_pb_column type=&#8221;1_2&#8243; _builder_version=&#8221;4.27.4&#8243; _module_preset=&#8221;default&#8221; global_colors_info=&#8221;{}&#8221;][et_pb_text _builder_version=&#8221;4.27.4&#8243; _module_preset=&#8221;default&#8221; custom_margin=&#8221;150px||10px||false|false&#8221; custom_margin_tablet=&#8221;&#8221; custom_margin_phone=&#8221;&#8221; custom_margin_last_edited=&#8221;on|desktop&#8221; global_colors_info=&#8221;{}&#8221;]<\/p>\n<h2><b>Biblioteca de recursos<\/b><\/h2>\n<p>Vea folletos, prospectos, testimonios de clientes y mucho m\u00e1s.<\/p>\n<p>[\/et_pb_text][et_pb_button button_url=&#8221;\/biblioteca-de-recursos&#8221; button_text=&#8221;Ver todos los recursos&#8221; button_alignment=&#8221;left&#8221; _builder_version=&#8221;4.27.4&#8243; _module_preset=&#8221;default&#8221; custom_button=&#8221;on&#8221; button_bg_color=&#8221;#de1d23&#8243; button_border_width=&#8221;0px&#8221; button_use_icon=&#8221;off&#8221; background_layout=&#8221;dark&#8221; global_colors_info=&#8221;{}&#8221; button_bg_color__hover_enabled=&#8221;on|hover&#8221; button_bg_color__hover=&#8221;#f71920&#8243; button_bg_enable_color__hover=&#8221;on&#8221;][\/et_pb_button][\/et_pb_column][et_pb_column type=&#8221;1_2&#8243; _builder_version=&#8221;4.27.4&#8243; _module_preset=&#8221;default&#8221; global_colors_info=&#8221;{}&#8221;][et_pb_image src=&#8221;https:\/\/dicotron.com\/web\/wp-content\/uploads\/2025\/04\/Mesa-de-trabajo-16.png&#8221; title_text=&#8221;Mesa de trabajo 16&#8243; _builder_version=&#8221;4.27.4&#8243; _module_preset=&#8221;default&#8221; hover_enabled=&#8221;0&#8243; global_colors_info=&#8221;{}&#8221; sticky_enabled=&#8221;0&#8243;][\/et_pb_image][\/et_pb_column][\/et_pb_row][\/et_pb_section][et_pb_section fb_built=&#8221;1&#8243; _builder_version=&#8221;4.27.4&#8243; _module_preset=&#8221;default&#8221; global_colors_info=&#8221;{}&#8221;][et_pb_row _builder_version=&#8221;4.27.4&#8243; _module_preset=&#8221;default&#8221; global_colors_info=&#8221;{}&#8221;][et_pb_column type=&#8221;4_4&#8243; _builder_version=&#8221;4.27.4&#8243; _module_preset=&#8221;default&#8221; global_colors_info=&#8221;{}&#8221;][et_pb_text _builder_version=&#8221;4.27.4&#8243; _module_preset=&#8221;default&#8221; custom_margin=&#8221;||5px|||&#8221; custom_padding=&#8221;||3px|||&#8221; global_colors_info=&#8221;{}&#8221;]<\/p>\n<h2 style=\"text-align: center;\"><b><br \/>\u00bfDesea optimizar sus operaciones QSR? Nosotros podemos ayudarle.<br \/><\/b><\/h2>\n<p>[\/et_pb_text][et_pb_button button_url=&#8221;https:\/\/dicotron.com\/web\/contacto\/&#8221; button_text=&#8221;SOLICITAR INFORMACI\u00d3N&#8221; button_alignment=&#8221;center&#8221; _builder_version=&#8221;4.27.4&#8243; _module_preset=&#8221;default&#8221; custom_button=&#8221;on&#8221; button_text_color=&#8221;#FFFFFF&#8221; button_bg_color=&#8221;#de1d23&#8243; button_use_icon=&#8221;off&#8221; background_layout=&#8221;dark&#8221; global_colors_info=&#8221;{}&#8221; button_bg_color__hover_enabled=&#8221;on|hover&#8221; button_bg_color__hover=&#8221;#f71920&#8243; button_bg_enable_color__hover=&#8221;on&#8221;][\/et_pb_button][\/et_pb_column][\/et_pb_row][\/et_pb_section]<\/p>\n","protected":false},"excerpt":{"rendered":"<p>SISTEMAS DEAUTOSERVICIO YSOLUCIONESEN TIENDASISTEMAS DE AUTOSERVICIO Y SOLUCIONESEN TIENDAAURICULARES DE AUTOSERVICIO Aprender m\u00e1sOPTIMIZACI\u00d3N DE AUTOSERVICIO Aprender m\u00e1sREPARACI\u00d3N DE EQUIPOS DE AUTOSERVICIO Aprender m\u00e1sCOMPRAR ACCESORIOS Aprender m\u00e1s Sistemas de auriculares Autoservicio Dado que las operaciones de los restaurantes est\u00e1n m\u00e1s ocupadas que nunca, necesita soluciones de comunicaci\u00f3n que ofrezcan una velocidad de servicio m\u00e1s r\u00e1pida y [&hellip;]<\/p>\n","protected":false},"author":1,"featured_media":0,"parent":0,"menu_order":0,"comment_status":"closed","ping_status":"closed","template":"","meta":{"_et_pb_use_builder":"on","_et_pb_old_content":"","_et_gb_content_width":"","footnotes":""},"class_list":["post-16","page","type-page","status-publish","hentry"],"_links":{"self":[{"href":"https:\/\/dicotron.com\/web\/wp-json\/wp\/v2\/pages\/16","targetHints":{"allow":["GET"]}}],"collection":[{"href":"https:\/\/dicotron.com\/web\/wp-json\/wp\/v2\/pages"}],"about":[{"href":"https:\/\/dicotron.com\/web\/wp-json\/wp\/v2\/types\/page"}],"author":[{"embeddable":true,"href":"https:\/\/dicotron.com\/web\/wp-json\/wp\/v2\/users\/1"}],"replies":[{"embeddable":true,"href":"https:\/\/dicotron.com\/web\/wp-json\/wp\/v2\/comments?post=16"}],"version-history":[{"count":78,"href":"https:\/\/dicotron.com\/web\/wp-json\/wp\/v2\/pages\/16\/revisions"}],"predecessor-version":[{"id":2487,"href":"https:\/\/dicotron.com\/web\/wp-json\/wp\/v2\/pages\/16\/revisions\/2487"}],"wp:attachment":[{"href":"https:\/\/dicotron.com\/web\/wp-json\/wp\/v2\/media?parent=16"}],"curies":[{"name":"wp","href":"https:\/\/api.w.org\/{rel}","templated":true}]}}