{"id":1425,"date":"2025-04-29T15:43:23","date_gmt":"2025-04-29T15:43:23","guid":{"rendered":"https:\/\/dicotron.avta.mx\/?page_id=1425"},"modified":"2025-10-31T21:10:47","modified_gmt":"2025-10-31T21:10:47","slug":"zoom","status":"publish","type":"page","link":"https:\/\/dicotron.com\/web\/zoom\/","title":{"rendered":"Zoom Nitro"},"content":{"rendered":"<p>[et_pb_section fb_built=&#8221;1&#8243; disabled_on=&#8221;on|on|off&#8221; admin_label=&#8221;Section&#8221; module_class=&#8221;hme_support_gray_section&#8221; _builder_version=&#8221;4.27.4&#8243; _module_preset=&#8221;default&#8221; background_color=&#8221;#eeeeee&#8221; custom_padding=&#8221;0px||3px|||&#8221; custom_css_free_form=&#8221;.home-card-title :hover{||  \tcolor:#1584cd;||}||.hme_support_gray_section{||    overflow: visible !important;||    position: relative; ||    z-index: auto;||}&#8221; box_shadow_style=&#8221;preset1&#8243; box_shadow_spread=&#8221;-9px&#8221; box_shadow_color=&#8221;#000000&#8243; locked=&#8221;off&#8221; global_colors_info=&#8221;{}&#8221;][et_pb_row column_structure=&#8221;1_2,1_2&#8243; _builder_version=&#8221;4.27.4&#8243; _module_preset=&#8221;default&#8221; custom_padding=&#8221;||0px|||&#8221; global_colors_info=&#8221;{}&#8221;][et_pb_column type=&#8221;1_2&#8243; _builder_version=&#8221;4.27.4&#8243; _module_preset=&#8221;default&#8221; global_colors_info=&#8221;{}&#8221;][et_pb_text _builder_version=&#8221;4.27.4&#8243; _module_preset=&#8221;default&#8221; global_colors_info=&#8221;{}&#8221;]<\/p>\n<h3>Zoom Nitro<\/h3>\n<p>[\/et_pb_text][\/et_pb_column][et_pb_column type=&#8221;1_2&#8243; _builder_version=&#8221;4.27.4&#8243; _module_preset=&#8221;default&#8221; global_colors_info=&#8221;{}&#8221;][et_pb_text module_class=&#8221;home-card-title&#8221; _builder_version=&#8221;4.27.4&#8243; _module_preset=&#8221;default&#8221; custom_padding=&#8221;||0px|||&#8221; global_colors_info=&#8221;{}&#8221;]<\/p>\n<div style=\"display: flex; gap: 10px;\">\n<h4><a href=\"\/temporizador-zoom-nitro\">Temporizador<\/a><\/h4>\n<h4><a href=\"\/gamificacion-zoom-nitro\">Gamificaci\u00f3n<\/a><\/h4>\n<h4><a href=\"\/tabla-de-clasificacion-zoom-nitro\">Clasificaci\u00f3n<\/a><\/h4>\n<h4><a href=\"\/datos-zoom-nitro\">Datos<\/a><\/h4>\n<h4><a href=\"\/vision-ai\">Visi\u00f3nAI<\/a><\/h4>\n<h4><a href=\"\/biblioteca-de-recursos\">Recursos<\/a><\/h4>\n<\/div>\n<p>[\/et_pb_text][\/et_pb_column][\/et_pb_row][\/et_pb_section][et_pb_section fb_built=&#8221;1&#8243; disabled_on=&#8221;off|off|on&#8221; admin_label=&#8221;Section&#8221; _builder_version=&#8221;4.27.4&#8243; _module_preset=&#8221;default&#8221; background_color=&#8221;#302c34&#8243; custom_padding=&#8221;0px||0px|||&#8221; locked=&#8221;off&#8221; global_colors_info=&#8221;{}&#8221;][et_pb_row _builder_version=&#8221;4.27.4&#8243; _module_preset=&#8221;default&#8221; custom_padding=&#8221;15px||0px|||&#8221; global_colors_info=&#8221;{}&#8221;][et_pb_column type=&#8221;4_4&#8243; _builder_version=&#8221;4.27.4&#8243; _module_preset=&#8221;default&#8221; global_colors_info=&#8221;{}&#8221;][et_pb_text _builder_version=&#8221;4.27.4&#8243; _module_preset=&#8221;default&#8221; global_colors_info=&#8221;{}&#8221;]<\/p>\n<h2 style=\"font-size: 1.25em; font-weight: bold; color: white; text-align: center;\">Zoom Nitro<\/h2>\n<p>[\/et_pb_text][\/et_pb_column][\/et_pb_row][et_pb_row _builder_version=&#8221;4.27.4&#8243; _module_preset=&#8221;default&#8221; global_colors_info=&#8221;{}&#8221;][et_pb_column type=&#8221;4_4&#8243; _builder_version=&#8221;4.27.4&#8243; _module_preset=&#8221;default&#8221; global_colors_info=&#8221;{}&#8221;][et_pb_menu menu_id=&#8221;14&#8243; active_link_color=&#8221;#FFFFFF&#8221; _builder_version=&#8221;4.27.4&#8243; _module_preset=&#8221;default&#8221; background_color=&#8221;#eae9e9&#8243; global_colors_info=&#8221;{}&#8221;][\/et_pb_menu][\/et_pb_column][\/et_pb_row][\/et_pb_section][et_pb_section fb_built=&#8221;1&#8243; _builder_version=&#8221;4.27.4&#8243; _module_preset=&#8221;default&#8221; background_image=&#8221;https:\/\/dicotron.com\/web\/wp-content\/uploads\/2025\/04\/bnr-zoom-nitro-header.webp&#8221; height=&#8221;400px&#8221; global_colors_info=&#8221;{}&#8221;][et_pb_row _builder_version=&#8221;4.27.4&#8243; _module_preset=&#8221;default&#8221; global_colors_info=&#8221;{}&#8221;][et_pb_column type=&#8221;4_4&#8243; _builder_version=&#8221;4.27.4&#8243; _module_preset=&#8221;default&#8221; global_colors_info=&#8221;{}&#8221;][et_pb_image src=&#8221;https:\/\/dicotron.com\/web\/wp-content\/uploads\/2025\/05\/Nitro-Hero-Image-Monsters.png&#8221; title_text=&#8221;Nitro-Hero-Image-Monsters&#8221; _builder_version=&#8221;4.27.4&#8243; _module_preset=&#8221;default&#8221; custom_margin=&#8221;204px||||false|false&#8221; global_colors_info=&#8221;{}&#8221;][\/et_pb_image][\/et_pb_column][\/et_pb_row][\/et_pb_section][et_pb_section fb_built=&#8221;1&#8243; _builder_version=&#8221;4.27.4&#8243; _module_preset=&#8221;default&#8221; background_color=&#8221;#f8f8f8&#8243; global_colors_info=&#8221;{}&#8221;][et_pb_row _builder_version=&#8221;4.27.4&#8243; _module_preset=&#8221;default&#8221; global_colors_info=&#8221;{}&#8221;][et_pb_column type=&#8221;4_4&#8243; _builder_version=&#8221;4.27.4&#8243; _module_preset=&#8221;default&#8221; global_colors_info=&#8221;{}&#8221;][et_pb_text _builder_version=&#8221;4.27.4&#8243; _module_preset=&#8221;default&#8221; global_colors_info=&#8221;{}&#8221;]<\/p>\n<h1 style=\"text-align: center; font-size: 44px;\">ZOOM Nitro<sup style=\"font-size: 19px;\">\u00ae<\/sup><strong><sup style=\"font-size: 19px;\"><\/sup><\/strong><\/h1>\n<h4 style=\"text-align: center; font-size: 25px;\">Sistema de Optimizaci\u00f3n Del Autoservicio<strong><\/strong><\/h4>\n<h4 style=\"text-align: center;\"><strong><\/strong><\/h4>\n<h4 style=\"text-align: center;\"><strong><\/strong><\/h4>\n<h4 style=\"text-align: center;\"><strong><\/strong><\/h4>\n<h4 style=\"text-align: center;\"><strong><\/strong><\/h4>\n<h4 style=\"text-align: center;\"><strong><\/strong><\/h4>\n<h4 style=\"text-align: center;\"><strong><\/strong><\/h4>\n<h4 style=\"text-align: center;\"><strong><\/strong><\/h4>\n<h4 style=\"text-align: center;\"><strong>Aumente La Velocidad Del Servicio. Implicar A Las Tripulaciones.<\/strong><br \/><strong>Mejore La Experiencia Del Cliente.<\/strong><\/h4>\n<p><strong><\/strong><\/p>\n<p style=\"text-align: center; color: black;\">Para destacar por encima de la competencia, necesita algo m\u00e1s que un temporizador. El sistema de optimizaci\u00f3n de drive-thru ZOOM Nitro es flexible, personalizable y proporciona resultados basados en datos mientras mantiene a su equipo motivado y comprometido. Obtenga una mejor comprensi\u00f3n del recorrido del cliente mientras mantiene a su equipo entusiasmado para su pr\u00f3ximo turno con divertidos concursos, premios, avatares, comentarios en tiempo real y Smack Talk. Mejorar la velocidad del servicio, aumentar el n\u00famero de coches y proporcionar una gran experiencia al cliente nunca ha sido tan divertido.<\/p>\n<p style=\"text-align: center;\"><strong><a href=\"\/gamificacion-zoom-nitro\">M\u00e1s informaci\u00f3n<\/a><\/strong><\/p>\n<p>[\/et_pb_text][\/et_pb_column][\/et_pb_row][\/et_pb_section][et_pb_section fb_built=&#8221;1&#8243; _builder_version=&#8221;4.27.4&#8243; _module_preset=&#8221;default&#8221; global_colors_info=&#8221;{}&#8221;][et_pb_row _builder_version=&#8221;4.27.4&#8243; _module_preset=&#8221;default&#8221; global_colors_info=&#8221;{}&#8221;][et_pb_column type=&#8221;4_4&#8243; _builder_version=&#8221;4.27.4&#8243; _module_preset=&#8221;default&#8221; global_colors_info=&#8221;{}&#8221;][et_pb_text _builder_version=&#8221;4.27.4&#8243; _module_preset=&#8221;default&#8221; global_colors_info=&#8221;{}&#8221;]<\/p>\n<h2 style=\"text-align: center;\"><strong>Plataforma de Experiencia Total<\/strong><\/h2>\n<p>[\/et_pb_text][\/et_pb_column][\/et_pb_row][et_pb_row column_structure=&#8221;1_2,1_2&#8243; _builder_version=&#8221;4.27.4&#8243; _module_preset=&#8221;default&#8221; global_colors_info=&#8221;{}&#8221;][et_pb_column type=&#8221;1_2&#8243; _builder_version=&#8221;4.27.4&#8243; _module_preset=&#8221;default&#8221; global_colors_info=&#8221;{}&#8221;][et_pb_image src=&#8221;https:\/\/dicotron.com\/web\/wp-content\/uploads\/2025\/04\/qsr-nitro-landing-nitro-icon.webp&#8221; title_text=&#8221;qsr-nitro-landing-nitro-icon&#8221; align=&#8221;center&#8221; _builder_version=&#8221;4.27.4&#8243; _module_preset=&#8221;default&#8221; global_colors_info=&#8221;{}&#8221;][\/et_pb_image][et_pb_text _builder_version=&#8221;4.27.4&#8243; _module_preset=&#8221;default&#8221; global_colors_info=&#8221;{}&#8221;]<\/p>\n<h3 style=\"text-align: left;\"><strong>Temporizador Zoom Nitro<\/strong><\/h3>\n<p><em style=\"text-align: left;\">El nuevo mejor amigo del gerente de su tienda<\/em><\/p>\n<p style=\"text-align: left; color: black;\">El ZOOM Nitro Timer proporciona informaci\u00f3n procesable en tiempo real para las \u00e1reas clave de su operaci\u00f3n drive-thru, incluyendo la recogida de veh\u00edculos y las \u00e1reas de espera. Adem\u00e1s, la integraci\u00f3n con m\u00faltiples sistemas TPOS y tecnolog\u00edas de geofenctng proporciona datos cr\u00edticos que permiten tomar decisiones informadas para mantener su operaci\u00f3n en r\u00e1pido movimiento.xperience Platform<\/p>\n<p style=\"text-align: left;\"><a href=\"https:\/\/dicotron.com\/web\/temporizador-zoom-nitro\/\">M\u00e1s informaci\u00f3n<\/a><\/p>\n<p>[\/et_pb_text][\/et_pb_column][et_pb_column type=&#8221;1_2&#8243; _builder_version=&#8221;4.27.4&#8243; _module_preset=&#8221;default&#8221; global_colors_info=&#8221;{}&#8221;][et_pb_image src=&#8221;https:\/\/dicotron.com\/web\/wp-content\/uploads\/2025\/04\/nitro-gamification-monster.webp&#8221; title_text=&#8221;nitro-gamification-monster&#8221; align=&#8221;center&#8221; _builder_version=&#8221;4.27.4&#8243; _module_preset=&#8221;default&#8221; global_colors_info=&#8221;{}&#8221;][\/et_pb_image][et_pb_text _builder_version=&#8221;4.27.4&#8243; _module_preset=&#8221;default&#8221; global_colors_info=&#8221;{}&#8221;]<\/p>\n<h3 style=\"text-align: left;\"><strong>ZOOM Nitro Gamificaci\u00f3n<\/strong><\/h3>\n<p><em style=\"text-align: left;\">Ranking de rendimiento gamificado para un mayor compromiso<\/em><\/p>\n<p style=\"text-align: left; color: black;\">Devuelva la diversi\u00f3n al restaurante. Gane premios por superar a la competencia y alcanzar sus objetivos de servicio. La gamificaci\u00f3n alimenta el esp\u00edritu competitivo de cada miembro del equipo, gerente de tienda y operador.<\/p>\n<p style=\"text-align: left;\"><a href=\"https:\/\/dicotron.com\/web\/gamificacion-zoom-nitro\/\">M\u00e1s informaci\u00f3n<\/a><\/p>\n<p>[\/et_pb_text][\/et_pb_column][\/et_pb_row][et_pb_row column_structure=&#8221;1_2,1_2&#8243; _builder_version=&#8221;4.27.4&#8243; _module_preset=&#8221;default&#8221; global_colors_info=&#8221;{}&#8221;][et_pb_column type=&#8221;1_2&#8243; _builder_version=&#8221;4.27.4&#8243; _module_preset=&#8221;default&#8221; global_colors_info=&#8221;{}&#8221;][et_pb_image src=&#8221;https:\/\/dicotron.com\/web\/wp-content\/uploads\/2025\/04\/qsr-nitro-landing-nitro-leaderboard-1.webp&#8221; title_text=&#8221;qsr-nitro-landing-nitro-leaderboard (1)&#8221; align=&#8221;center&#8221; _builder_version=&#8221;4.27.4&#8243; _module_preset=&#8221;default&#8221; global_colors_info=&#8221;{}&#8221;][\/et_pb_image][et_pb_text _builder_version=&#8221;4.27.4&#8243; _module_preset=&#8221;default&#8221; global_colors_info=&#8221;{}&#8221;]<\/p>\n<h3 style=\"text-align: left;\"><strong>Tabla de clasificaci\u00f3n ZOOM Nitro<\/strong><\/h3>\n<p><em style=\"text-align: left;\">Ranking de rendimiento para un impulso motivacional<\/em><\/p>\n<p style=\"text-align: left; color: black;\">\u00bfC\u00f3mo se compara su tienda con las dem\u00e1s? Compare las m\u00e9tricas de velocidad de servicio en tiempo real y motive a su equipo para que sea el mejor de su organizaci\u00f3n.<\/p>\n<p style=\"text-align: left;\"><a href=\"https:\/\/dicotron.com\/web\/tabla-de-clasificacion-zoom-nitro\/\">M\u00e1s informaci\u00f3n<\/a><\/p>\n<p>[\/et_pb_text][\/et_pb_column][et_pb_column type=&#8221;1_2&#8243; _builder_version=&#8221;4.27.4&#8243; _module_preset=&#8221;default&#8221; global_colors_info=&#8221;{}&#8221;][et_pb_image src=&#8221;https:\/\/dicotron.com\/web\/wp-content\/uploads\/2025\/04\/qsr-data.webp&#8221; title_text=&#8221;qsr-data&#8221; align=&#8221;center&#8221; _builder_version=&#8221;4.27.4&#8243; _module_preset=&#8221;default&#8221; global_colors_info=&#8221;{}&#8221;][\/et_pb_image][et_pb_text _builder_version=&#8221;4.27.4&#8243; _module_preset=&#8221;default&#8221; global_colors_info=&#8221;{}&#8221;]<\/p>\n<h3 style=\"text-align: left;\"><strong>Datos de ZOOM Nitro<\/strong><\/h3>\n<p><em style=\"text-align: left;\">Toda su empresa al alcance de la mano<\/em><\/p>\n<p style=\"text-align: left; color: black;\">Una visi\u00f3n en profundidad de toda su empresa al alcance de su mano. Consulte las m\u00e9tricas en tiempo real y los informes hist\u00f3ricos de rendimiento de una o todas las tiendas en cualquier momento y lugar.<\/p>\n<p style=\"text-align: left;\"><a href=\"https:\/\/dicotron.com\/web\/datos-zoom-nitro\/\">M\u00e1s informaci\u00f3n<\/a><\/p>\n<p>[\/et_pb_text][\/et_pb_column][\/et_pb_row][\/et_pb_section][et_pb_section fb_built=&#8221;1&#8243; _builder_version=&#8221;4.27.4&#8243; _module_preset=&#8221;default&#8221; background_color=&#8221;#f8f8f8&#8243; custom_padding=&#8221;1px||0px|||&#8221; locked=&#8221;off&#8221; global_colors_info=&#8221;{}&#8221;][et_pb_row column_structure=&#8221;2_5,3_5&#8243; _builder_version=&#8221;4.27.4&#8243; _module_preset=&#8221;default&#8221; custom_padding=&#8221;||7px|||&#8221; global_colors_info=&#8221;{}&#8221;][et_pb_column type=&#8221;2_5&#8243; _builder_version=&#8221;4.27.4&#8243; _module_preset=&#8221;default&#8221; global_colors_info=&#8221;{}&#8221;][et_pb_text _builder_version=&#8221;4.27.4&#8243; _module_preset=&#8221;default&#8221; global_colors_info=&#8221;{}&#8221;]<\/p>\n<h2 style=\"color: black; font-size: 32px;\"><strong>Concurso Next Level<\/strong><\/h2>\n<p style=\"color: black; font-size:16px;\">\nReanime y motive a su personal con un enfrentamiento amistoso entre varias tiendas. Lleve la productividad de la tienda al siguiente nivel con concursos, premios, comentarios en tiempo real y charlas. Tienes lo que hay que tener para ser el n\u00famero 1?\n<\/p>\n<p>[\/et_pb_text][et_pb_button button_url=&#8221;https:\/\/cta-service-cms2.hubspot.com\/web-interactives\/public\/v1\/track\/click?encryptedPayload=AVxigLI2%2FE8B0WcoeO1BuyDwdzPth2ybGACd5n308YExt4S%2F1iHTwvrp9QoGglQ4v26LA0sorZDLkE8BhXCkAGepzyYvMRbGms4PNr3quDK6ps9OMIFArHaQ6dxBQ7IEibtYjz6Wl6MoS7jgpkMkVLXMd%2FXHkhdHsBhPH6zYwCWNpD%2BHcCz91yWFkUqgFq5%2BpAvN0u6Es5HKNXdsM8QWuMLbx6xo87KcG2XRO6qtsO0pe308Fmz4FkUf3A%3D%3D&#038;portalId=46389550&#038;webInteractiveId=413032584624&#038;webInteractiveContentId=187503787319&#038;containerType=EMBEDDED&#038;pageUrl=https%3A%2F%2Fqsr.hme.com%2Fzoom%2Fgamification&#038;pageTitle=ZOOM+Nitro+Gamification&#038;referrer=&#038;userAgent=Mozilla%2F5.0+%28Windows+NT+10.0%3B+Win64%3B+x64%29+AppleWebKit%2F537.36+%28KHTML%2C+like+Gecko%29+Chrome%2F135.0.0.0+Safari%2F537.36&#038;hutk=f1e719a58913cf6b00bad20b2193170f&#038;hssc=231540480.6.1745955293232&#038;hstc=231540480.f1e719a58913cf6b00bad20b2193170f.1743778814897.1745952911572.1745955293232.49&#038;pageId=187465457952&#038;analyticsPageId=187465457952&#038;hsfp=510251463&#038;canonicalUrl=https%3A%2F%2Fqsr.hme.com%2Fzoom%2Fgamification&#038;contentType=standard-page&#8221; url_new_window=&#8221;on&#8221; button_text=&#8221;DESCARGAR LA FICHA INFORMATIVA&#8221; button_alignment=&#8221;left&#8221; admin_label=&#8221;Button&#8221; _builder_version=&#8221;4.27.4&#8243; _module_preset=&#8221;default&#8221; custom_button=&#8221;on&#8221; button_text_color=&#8221;#FFFFFF&#8221; button_bg_color=&#8221;#de1d23&#8243; button_border_radius=&#8221;11px&#8221; button_use_icon=&#8221;off&#8221; custom_margin=&#8221;||36px||false|false&#8221; saved_tabs=&#8221;all&#8221; global_colors_info=&#8221;{}&#8221; button_bg_color__hover_enabled=&#8221;on|desktop&#8221; button_bg_color__hover=&#8221;#f71920&#8243; button_bg_enable_color__hover=&#8221;on&#8221;][\/et_pb_button][\/et_pb_column][et_pb_column type=&#8221;3_5&#8243; _builder_version=&#8221;4.27.4&#8243; _module_preset=&#8221;default&#8221; global_colors_info=&#8221;{}&#8221;][et_pb_image src=&#8221;https:\/\/dicotron.com\/web\/wp-content\/uploads\/2025\/04\/qsr-zoom-nitro-brochure.webp&#8221; title_text=&#8221;qsr-zoom-nitro-brochure&#8221; _builder_version=&#8221;4.27.4&#8243; _module_preset=&#8221;default&#8221; height=&#8221;518px&#8221; global_colors_info=&#8221;{}&#8221;][\/et_pb_image][\/et_pb_column][\/et_pb_row][\/et_pb_section][et_pb_section fb_built=&#8221;1&#8243; _builder_version=&#8221;4.27.4&#8243; _module_preset=&#8221;default&#8221; global_colors_info=&#8221;{}&#8221;][et_pb_row column_structure=&#8221;1_4,3_4&#8243; _builder_version=&#8221;4.27.4&#8243; _module_preset=&#8221;default&#8221; global_colors_info=&#8221;{}&#8221;][et_pb_column type=&#8221;1_4&#8243; _builder_version=&#8221;4.27.4&#8243; _module_preset=&#8221;default&#8221; global_colors_info=&#8221;{}&#8221;][et_pb_image src=&#8221;https:\/\/dicotron.com\/web\/wp-content\/uploads\/2025\/04\/avatar-jumping.gif&#8221; title_text=&#8221;avatar-jumping&#8221; _builder_version=&#8221;4.27.4&#8243; _module_preset=&#8221;default&#8221; global_colors_info=&#8221;{}&#8221;][\/et_pb_image][\/et_pb_column][et_pb_column type=&#8221;3_4&#8243; _builder_version=&#8221;4.27.4&#8243; _module_preset=&#8221;default&#8221; global_colors_info=&#8221;{}&#8221;][et_pb_text _builder_version=&#8221;4.27.4&#8243; _module_preset=&#8221;default&#8221; global_colors_info=&#8221;{}&#8221;]<\/p>\n<h2 style=\"text-align: left;\"><strong>Implique A Su Equipo Y Supere A La C ompetencia<\/strong><\/h2>\n<p style=\"color:black;\">Convierta las tareas ordinarias en emocionantes oportunidades para influir en los resultados de su drive-thru. El juego involucra a los miembros del personal, a los gerentes de tienda, a los operadores y a todos los dem\u00e1s para superar a la competencia.<\/p>\n<p>[\/et_pb_text][\/et_pb_column][\/et_pb_row][\/et_pb_section][et_pb_section fb_built=&#8221;1&#8243; _builder_version=&#8221;4.27.4&#8243; _module_preset=&#8221;default&#8221; background_image=&#8221;https:\/\/dicotron.com\/web\/wp-content\/uploads\/2025\/04\/qsr-zoom-nitro-break.webp&#8221; height=&#8221;500.97px&#8221; hover_enabled=&#8221;0&#8243; global_colors_info=&#8221;{}&#8221; title_text=&#8221;qsr-zoom-nitro-break&#8221; sticky_enabled=&#8221;0&#8243;][\/et_pb_section][et_pb_section fb_built=&#8221;1&#8243; _builder_version=&#8221;4.27.4&#8243; _module_preset=&#8221;default&#8221; background_color=&#8221;#eeeeee&#8221; border_width_top=&#8221;1px&#8221; border_color_top=&#8221;#000000&#8243; locked=&#8221;off&#8221; global_colors_info=&#8221;{}&#8221;][et_pb_row column_structure=&#8221;1_2,1_2&#8243; _builder_version=&#8221;4.27.4&#8243; _module_preset=&#8221;default&#8221; global_colors_info=&#8221;{}&#8221;][et_pb_column type=&#8221;1_2&#8243; _builder_version=&#8221;4.27.4&#8243; _module_preset=&#8221;default&#8221; global_colors_info=&#8221;{}&#8221;][et_pb_image src=&#8221;https:\/\/dicotron.com\/web\/wp-content\/uploads\/2025\/04\/qsr-training-portal.webp&#8221; title_text=&#8221;qsr-training-portal&#8221; _builder_version=&#8221;4.27.4&#8243; _module_preset=&#8221;default&#8221; max_width=&#8221;100%&#8221; hover_enabled=&#8221;0&#8243; global_colors_info=&#8221;{}&#8221; sticky_enabled=&#8221;0&#8243;][\/et_pb_image][\/et_pb_column][et_pb_column type=&#8221;1_2&#8243; _builder_version=&#8221;4.27.4&#8243; _module_preset=&#8221;default&#8221; custom_padding=&#8221;100px||||false|false&#8221; custom_padding_tablet=&#8221;100px||||false|false&#8221; custom_padding_phone=&#8221;100px||||false|false&#8221; custom_padding_last_edited=&#8221;on|desktop&#8221; global_colors_info=&#8221;{}&#8221;][et_pb_text _builder_version=&#8221;4.27.4&#8243; _module_preset=&#8221;default&#8221; global_colors_info=&#8221;{}&#8221;]<\/p>\n<h2>Formaci\u00f3n En L\u00ednea Para El \u00c9xito continuo<\/h2>\n<p>[\/et_pb_text][et_pb_button button_url=&#8221;https:\/\/www.hme.com\/training\/?_gl=1*8zxpt7*_gcl_au*MTY2MTIyNDI0Mi4xNzQzNzc4ODEz&#8221; button_text=&#8221;Visite el portal de formaci\u00f3n&#8221; _builder_version=&#8221;4.27.4&#8243; _module_preset=&#8221;default&#8221; custom_button=&#8221;on&#8221; button_text_color=&#8221;#FFFFFF&#8221; button_bg_color=&#8221;#de1d23&#8243; button_border_radius=&#8221;9px&#8221; button_icon=&#8221;&#xf35d;||fa||900&#8243; button_on_hover=&#8221;off&#8221; global_colors_info=&#8221;{}&#8221; button_bg_color__hover_enabled=&#8221;on|desktop&#8221; button_bg_color__hover=&#8221;#f71920&#8243; button_bg_enable_color__hover=&#8221;on&#8221;][\/et_pb_button][\/et_pb_column][\/et_pb_row][\/et_pb_section][et_pb_section fb_built=&#8221;1&#8243; _builder_version=&#8221;4.27.4&#8243; _module_preset=&#8221;default&#8221; global_colors_info=&#8221;{}&#8221;][et_pb_row _builder_version=&#8221;4.27.4&#8243; _module_preset=&#8221;default&#8221; global_colors_info=&#8221;{}&#8221;][et_pb_column type=&#8221;4_4&#8243; _builder_version=&#8221;4.27.4&#8243; _module_preset=&#8221;default&#8221; global_colors_info=&#8221;{}&#8221;][et_pb_text _builder_version=&#8221;4.27.4&#8243; _module_preset=&#8221;default&#8221; custom_margin=&#8221;||5px|||&#8221; custom_padding=&#8221;||3px|||&#8221; global_colors_info=&#8221;{}&#8221;]<\/p>\n<h2 style=\"text-align: center;\"><b><br \/>\u00bfDesea optimizar sus operaciones QSR? Nosotros podemos ayudarle.<br \/><\/b><\/h2>\n<p>[\/et_pb_text][et_pb_button button_url=&#8221;https:\/\/hme.com\/qsr\/request-info-form\/?rl=https:\/\/hme.com\/qsr&#8221; button_text=&#8221;SOLICITAR INFORMACI\u00d3N&#8221; button_alignment=&#8221;center&#8221; _builder_version=&#8221;4.27.4&#8243; _module_preset=&#8221;default&#8221; custom_button=&#8221;on&#8221; button_text_color=&#8221;#FFFFFF&#8221; button_bg_color=&#8221;#de1d23&#8243; button_use_icon=&#8221;off&#8221; background_layout=&#8221;dark&#8221; global_colors_info=&#8221;{}&#8221; button_bg_color__hover_enabled=&#8221;on|hover&#8221; button_bg_color__hover=&#8221;#f71920&#8243; button_bg_enable_color__hover=&#8221;on&#8221;][\/et_pb_button][\/et_pb_column][\/et_pb_row][\/et_pb_section]<\/p>\n","protected":false},"excerpt":{"rendered":"<p>Zoom Nitro Temporizador Gamificaci\u00f3n Clasificaci\u00f3n Datos Visi\u00f3nAI Recursos Zoom NitroZOOM Nitro\u00ae Sistema de Optimizaci\u00f3n Del Autoservicio Aumente La Velocidad Del Servicio. Implicar A Las Tripulaciones.Mejore La Experiencia Del Cliente. Para destacar por encima de la competencia, necesita algo m\u00e1s que un temporizador. El sistema de optimizaci\u00f3n de drive-thru ZOOM Nitro es flexible, personalizable y proporciona [&hellip;]<\/p>\n","protected":false},"author":1,"featured_media":0,"parent":0,"menu_order":0,"comment_status":"closed","ping_status":"closed","template":"","meta":{"_et_pb_use_builder":"on","_et_pb_old_content":"<!-- wp:divi\/placeholder \/-->","_et_gb_content_width":"","footnotes":""},"class_list":["post-1425","page","type-page","status-publish","hentry"],"_links":{"self":[{"href":"https:\/\/dicotron.com\/web\/wp-json\/wp\/v2\/pages\/1425","targetHints":{"allow":["GET"]}}],"collection":[{"href":"https:\/\/dicotron.com\/web\/wp-json\/wp\/v2\/pages"}],"about":[{"href":"https:\/\/dicotron.com\/web\/wp-json\/wp\/v2\/types\/page"}],"author":[{"embeddable":true,"href":"https:\/\/dicotron.com\/web\/wp-json\/wp\/v2\/users\/1"}],"replies":[{"embeddable":true,"href":"https:\/\/dicotron.com\/web\/wp-json\/wp\/v2\/comments?post=1425"}],"version-history":[{"count":35,"href":"https:\/\/dicotron.com\/web\/wp-json\/wp\/v2\/pages\/1425\/revisions"}],"predecessor-version":[{"id":2500,"href":"https:\/\/dicotron.com\/web\/wp-json\/wp\/v2\/pages\/1425\/revisions\/2500"}],"wp:attachment":[{"href":"https:\/\/dicotron.com\/web\/wp-json\/wp\/v2\/media?parent=1425"}],"curies":[{"name":"wp","href":"https:\/\/api.w.org\/{rel}","templated":true}]}}